{"id":85,"date":"2018-01-18T21:46:35","date_gmt":"2018-01-18T21:46:35","guid":{"rendered":"http:\/\/ultimaker.kedak.de\/?page_id=85"},"modified":"2019-03-05T21:38:48","modified_gmt":"2019-03-05T21:38:48","slug":"trang-chu-1","status":"publish","type":"page","link":"https:\/\/in3ds.com\/en\/trang-chu-1\/","title":{"rendered":"M\u00e1y In 3D v\u00e0 D\u1ecbch v\u1ee5 in 3D Ultimaker s\u1ed1 1 th\u1ebf gi\u1edbi"},"content":{"rendered":"<p>[et_pb_section fb_built=&#8221;1&#8243; fullwidth=&#8221;on&#8221; _builder_version=&#8221;3.0.47&#8243;][et_pb_fullwidth_slider auto=&#8221;on&#8221; auto_ignore_hover=&#8221;on&#8221; _builder_version=&#8221;3.0.57&#8243; header_font=&#8221;|on|||&#8221; header_font_size=&#8221;29px&#8221; body_font_size=&#8221;42px&#8221; body_text_color=&#8221;#707070&#8243;][et_pb_slide heading=&#8221;Mua m\u00e1y in 3D t\u1eb7ng 01 cu\u1ed9n v\u1eadt li\u1ec7u PLA ch\u00ednh h\u00e3ng&#8221; background_image=&#8221;https:\/\/en.in3ds.com\/wp-content\/uploads\/2018\/03\/nature-2531761_960_720.jpg&#8221; use_text_overlay=&#8221;off&#8221; _builder_version=&#8221;3.0.57&#8243; body_font=&#8221;|on|||&#8221; body_font_size=&#8221;33px&#8221;]<\/p>\n<p><span style=\"color: #ffff00;\"><strong>\u00c1p d\u1ee5ng\u00a0 \u0111\u1ebfn 30\/12\/2018<\/strong><\/span><\/p>\n<p>[\/et_pb_slide][et_pb_slide heading=&#8221;Gi\u1ea3m gi\u00e1 \u0111\u1ebfn 20% khi mua m\u00e1y in 3D TIERTIME UP BOX + v\u00e0 UP Mini 2 &#8221; background_image=&#8221;https:\/\/en.in3ds.com\/wp-content\/uploads\/2018\/09\/Chuong_trinh_khuyen_mai_thang_9_may_in_3d_UP_Box.jpg&#8221; background_layout=&#8221;light&#8221; _builder_version=&#8221;3.0.57&#8243;]<\/p>\n<p><span style=\"color: #ff6600;\">\u00c1p d\u1ee5ng \u0111\u1ebfn 30\/12\/2018<\/span><\/p>\n<p>[\/et_pb_slide][et_pb_slide heading=&#8221;T\u01afNG B\u1eeaNG KHUY\u1ebeN M\u00c3I  NH\u00c2N D\u1ecaP M\u00c1Y IN 3D CHUY\u00caN NGHI\u1ec6P SHAREBOT &#8211; MADE IN ITALY \u0110\u00e3 c\u00f3 m\u1eb7t t\u1ea1i Vi\u1ec7t Nam&#8221; background_image=&#8221;https:\/\/en.in3ds.com\/wp-content\/uploads\/2018\/12\/De_YDYDXUAIbGNW-Banner-Web-in3ds.png&#8221; background_size=&#8221;contain&#8221; background_layout=&#8221;light&#8221; _builder_version=&#8221;3.0.57&#8243; header_font_size=&#8221;32px&#8221; header_text_color=&#8221;#e8e8e8&#8243; body_text_color=&#8221;#757575&#8243; use_background_color_gradient=&#8221;on&#8221;]<\/p>\n<p><span style=\"color: #0000ff;\"><strong><\/strong><\/span><\/p>\n<\/p>\n<p>[\/et_pb_slide][\/et_pb_fullwidth_slider][\/et_pb_section][et_pb_section fb_built=&#8221;1&#8243; custom_padding=&#8221;0px||0px|&#8221; fullwidth=&#8221;on&#8221; disabled_on=&#8221;on|on|on&#8221; _builder_version=&#8221;3.0.57&#8243;][et_pb_fullwidth_code _builder_version=&#8221;3.0.57&#8243;]&lt;div style=&quot;display:none;&quot;&gt;&lt;!&#8211; [et_pb_line_break_holder] &#8211;&gt;&lt;h1&gt;M\u00e1y In 3D v\u00e0 D\u1ecbch v\u1ee5 in 3D Ultimaker s\u1ed1 1 th\u1ebf gi\u1edbi \u0111\u00e3 c\u00f3 m\u1eb7t t\u1ea1i Vi\u1ec7t nam, H\u00e0 N\u1ed9i&lt;\/h1&gt;&lt;!&#8211; [et_pb_line_break_holder] &#8211;&gt;&lt;\/div&gt;[\/et_pb_fullwidth_code][\/et_pb_section][et_pb_section fb_built=&#8221;1&#8243; _builder_version=&#8221;3.0.57&#8243;][et_pb_row _builder_version=&#8221;3.0.57&#8243;][et_pb_column type=&#8221;4_4&#8243; _builder_version=&#8221;3.0.57&#8243; parallax=&#8221;off&#8221; parallax_method=&#8221;on&#8221;][et_pb_video src=&#8221;https:\/\/www.youtube.com\/watch?v=DsNsiYHanqw&#8221; _builder_version=&#8221;3.0.57&#8243;][\/et_pb_video][\/et_pb_column][\/et_pb_row][\/et_pb_section][et_pb_section fb_built=&#8221;1&#8243; _builder_version=&#8221;3.0.47&#8243;][et_pb_row _builder_version=&#8221;3.0.47&#8243; background_size=&#8221;initial&#8221; background_position=&#8221;top_left&#8221; background_repeat=&#8221;repeat&#8221;][et_pb_column type=&#8221;1_3&#8243; _builder_version=&#8221;3.0.47&#8243; parallax=&#8221;off&#8221; parallax_method=&#8221;on&#8221;][et_pb_blurb title=&#8221;H\u01b0\u1edbng D\u1eabn S\u1eed D\u1ee5ng&#8221; icon_color=&#8221;#2ea3f2&#8243; image=&#8221;https:\/\/en.in3ds.com\/wp-content\/uploads\/2018\/01\/IC-V.png&#8221; alt=&#8221;M\u00e1y in 3D h\u01b0\u1edbng d\u1eabn s\u1eed d\u1ee5ng.&#8221; text_orientation=&#8221;center&#8221; _builder_version=&#8221;3.0.57&#8243; background_size=&#8221;initial&#8221; background_position=&#8221;top_left&#8221; background_repeat=&#8221;repeat&#8221;]<span style=\"color: #222;\">T\u00e0i li\u1ec7u h\u01b0\u1edbng d\u1eabn s\u1eed d\u1ee5ng \u0111\u1ea7y \u0111\u1ee7, \u0111\u1ed9i ng\u0169 nh\u00e2n vi\u00ean \u0111\u01b0\u1ee3c \u0111\u00e0o t\u1ea1o t\u1ea1i b\u00e0i b\u1ea3n t\u1ea1i H\u00e0 Lan s\u1eb5n s\u00e0ng h\u01b0\u1edbng d\u1eabn b\u1ea1n.<\/span>[\/et_pb_blurb][\/et_pb_column][et_pb_column type=&#8221;1_3&#8243; _builder_version=&#8221;3.0.47&#8243; parallax=&#8221;off&#8221; parallax_method=&#8221;on&#8221;][et_pb_blurb title=&#8221;Ch\u1ea5t l\u01b0\u1ee3ng&#8221; icon_color=&#8221;#2ea3f2&#8243; image=&#8221;https:\/\/en.in3ds.com\/wp-content\/uploads\/2018\/01\/IC-LIKE.png&#8221; alt=&#8221;M\u00e1y in 3D ch\u1ea5t l\u01b0\u1ee3ng.&#8221; text_orientation=&#8221;center&#8221; _builder_version=&#8221;3.0.57&#8243; background_size=&#8221;initial&#8221; background_position=&#8221;top_left&#8221; background_repeat=&#8221;repeat&#8221;]<\/p>\n<p><span style=\"color: #222;\">S\u1ea3n ph\u1ea9m c\u1ee7a ch\u00fang t\u00f4i th\u01b0\u01a1ng hi\u1ec7u Ultimaker lu\u00f4n \u0111\u1eb7t m\u1ee5c ti\u00eau ch\u1ea5t l\u01b0\u1ee3ng s\u1ea3n ph\u1ea9m l\u00ean h\u00e0ng \u0111\u1ea7u.<\/span><\/p>\n<p>[\/et_pb_blurb][\/et_pb_column][et_pb_column type=&#8221;1_3&#8243; _builder_version=&#8221;3.0.47&#8243; parallax=&#8221;off&#8221; parallax_method=&#8221;on&#8221;][et_pb_blurb title=&#8221;Nhi\u1ec7t t\u00ecnh&#8221; icon_color=&#8221;#2ea3f2&#8243; image=&#8221;https:\/\/en.in3ds.com\/wp-content\/uploads\/2018\/01\/ic-TIM.png&#8221; alt=&#8221;M\u00e1y in 3D nhi\u1ec7t t\u00ecnh t\u01b0 v\u1ea5n&#8221; text_orientation=&#8221;center&#8221; _builder_version=&#8221;3.0.57&#8243; background_size=&#8221;initial&#8221; background_position=&#8221;top_left&#8221; background_repeat=&#8221;repeat&#8221;]<\/p>\n<p><span style=\"color: #222;\">Ch\u00fang t\u00f4i lu\u00f4n c\u1ed1 g\u1eafng ph\u1ea5n \u0111\u1ea5u h\u1ed7 tr\u1ee3 kh\u00e1ch h\u00e0ng c\u1ee7a m\u00ecnh. Th\u00e0nh c\u00f4ng c\u1ee7a kh\u00e1ch h\u00e0ng c\u0169ng l\u00e0 th\u00e0nh c\u00f4ng c\u1ee7a ch\u00fang t\u00f4i.<\/span><\/p>\n<p>[\/et_pb_blurb][\/et_pb_column][\/et_pb_row][et_pb_row _builder_version=&#8221;3.0.47&#8243; background_size=&#8221;initial&#8221; background_position=&#8221;top_left&#8221; background_repeat=&#8221;repeat&#8221;][et_pb_column type=&#8221;1_3&#8243; _builder_version=&#8221;3.0.47&#8243; parallax=&#8221;off&#8221; parallax_method=&#8221;on&#8221;][et_pb_blurb title=&#8221;B\u1ea3o h\u00e0nh&#8221; icon_color=&#8221;#2ea3f2&#8243; image=&#8221;https:\/\/en.in3ds.com\/wp-content\/uploads\/2018\/01\/SETTING.png&#8221; alt=&#8221;M\u00e1y in 3D b\u1ea3o h\u00e0nh t\u1ea1i vi\u1ec7t nam.&#8221; text_orientation=&#8221;center&#8221; _builder_version=&#8221;3.0.57&#8243; background_size=&#8221;initial&#8221; background_position=&#8221;top_left&#8221; background_repeat=&#8221;repeat&#8221;]<\/p>\n<p><span style=\"color: #222;\">D\u1ecbch v\u1ee5 b\u1ea3o h\u00e0nh chuy\u00ean nghi\u1ec7p, quy tr\u00ecnh b\u1ea3o h\u00e0nh nhanh ch\u00f3ng, thu\u1eadn ti\u1ec7n.<\/span><\/p>\n<p>[\/et_pb_blurb][\/et_pb_column][et_pb_column type=&#8221;1_3&#8243; _builder_version=&#8221;3.0.47&#8243; parallax=&#8221;off&#8221; parallax_method=&#8221;on&#8221;][et_pb_blurb title=&#8221;Ph\u1ee5 ki\u1ec7n thay th\u1ebf&#8221; icon_color=&#8221;#2ea3f2&#8243; image=&#8221;https:\/\/en.in3ds.com\/wp-content\/uploads\/2018\/01\/Sua-chua.png&#8221; alt=&#8221;M\u00e1y in 3D ph\u1ee5 ki\u1ec7n c\u00f3 s\u1eb5n t\u1ea1i Vi\u1ec7t nam.&#8221; text_orientation=&#8221;center&#8221; _builder_version=&#8221;3.0.57&#8243; background_size=&#8221;initial&#8221; background_position=&#8221;top_left&#8221; background_repeat=&#8221;repeat&#8221;]<\/p>\n<p><span style=\"color: #222;\">Ph\u1ee5 ki\u1ec7n thay th\u1ebf ch\u00ednh h\u00e3ng, \u0111\u1ea3m b\u1ea3o ch\u1ea5t l\u01b0\u1ee3ng v\u00e0 nh\u1eadp kh\u1ea9u tr\u1ef1c ti\u1ebfp t\u1eeb H\u00e0 Lan.<\/span><\/p>\n<p>[\/et_pb_blurb][\/et_pb_column][et_pb_column type=&#8221;1_3&#8243; _builder_version=&#8221;3.0.47&#8243; parallax=&#8221;off&#8221; parallax_method=&#8221;on&#8221;][et_pb_blurb title=&#8221;H\u1ed7 tr\u1ee3&#8221; icon_color=&#8221;#2ea3f2&#8243; image=&#8221;https:\/\/en.in3ds.com\/wp-content\/uploads\/2018\/01\/Call.png&#8221; alt=&#8221;M\u00e1y in 3D d\u1ecbch v\u1ee5 h\u1ed7 tr\u1ee3 t\u1eadn n\u01a1i.&#8221; text_orientation=&#8221;center&#8221; _builder_version=&#8221;3.0.57&#8243; background_size=&#8221;initial&#8221; background_position=&#8221;top_left&#8221; background_repeat=&#8221;repeat&#8221;]<\/p>\n<p><span style=\"color: #222;\">B\u1ea1n c\u00f3 th\u1ec3 g\u1ecdi \u0111i\u1ec7n, li\u00ean h\u1ec7 v\u1edbi ch\u00fang t\u00f4i b\u1ea5t c\u1ee9 l\u00fac n\u00e0o khi b\u1ea1n c\u1ea7n h\u1ed7 tr\u1ee3.<\/span><\/p>\n<p>[\/et_pb_blurb][\/et_pb_column][\/et_pb_row][et_pb_row _builder_version=&#8221;3.0.57&#8243;][et_pb_column type=&#8221;4_4&#8243; _builder_version=&#8221;3.0.57&#8243; parallax=&#8221;off&#8221; parallax_method=&#8221;on&#8221;][et_pb_text _builder_version=&#8221;3.0.57&#8243;]<\/p>\n<hr \/>\n<h2>\u0110\u1ed1i t\u00e1c c\u1ee7a ch\u00fang t\u00f4i<\/h2>\n<p>[\/et_pb_text][\/et_pb_column][\/et_pb_row][et_pb_row _builder_version=&#8221;3.0.57&#8243;][et_pb_column type=&#8221;1_3&#8243; _builder_version=&#8221;3.0.57&#8243; parallax=&#8221;off&#8221; parallax_method=&#8221;on&#8221;][et_pb_image src=&#8221;https:\/\/en.in3ds.com\/wp-content\/uploads\/2018\/08\/ultimaker-logo.png&#8221; alt=&#8221;Ultimaker Logo&#8221; title_text=&#8221;Ultimaker Logo&#8221; url=&#8221;https:\/\/ultimaker.com\/&#8221; _builder_version=&#8221;3.0.57&#8243; custom_margin=&#8221;0px|||&#8221;][\/et_pb_image][\/et_pb_column][et_pb_column type=&#8221;1_3&#8243; _builder_version=&#8221;3.0.57&#8243; parallax=&#8221;off&#8221; parallax_method=&#8221;on&#8221;][et_pb_image src=&#8221;https:\/\/en.in3ds.com\/wp-content\/uploads\/2018\/08\/tiertime-logo.png&#8221; url=&#8221;https:\/\/www.tiertime.com\/&#8221; _builder_version=&#8221;3.0.57&#8243;][\/et_pb_image][\/et_pb_column][et_pb_column type=&#8221;1_3&#8243; _builder_version=&#8221;3.0.57&#8243; parallax=&#8221;off&#8221; parallax_method=&#8221;on&#8221;][et_pb_text _builder_version=&#8221;3.0.57&#8243;]<\/p>\n<p><a href=\"https:\/\/www.septillion.co.th\/en\/\"><img loading=\"lazy\" decoding=\"async\" class=\"wp-image-1302 aligncenter size-full\" src=\"https:\/\/en.in3ds.com\/wp-content\/uploads\/2018\/08\/septillion-logo.png\" alt=\"\" width=\"225\" height=\"225\" srcset=\"https:\/\/in3ds.com\/en\/wp-content\/uploads\/2018\/08\/septillion-logo.png 225w, https:\/\/in3ds.com\/en\/wp-content\/uploads\/2018\/08\/septillion-logo-150x150.png 150w\" sizes=\"(max-width: 225px) 100vw, 225px\" \/><\/a><\/p>\n<p>[\/et_pb_text][\/et_pb_column][\/et_pb_row][et_pb_row _builder_version=&#8221;3.0.57&#8243;][et_pb_column type=&#8221;1_3&#8243; _builder_version=&#8221;3.0.57&#8243; parallax=&#8221;off&#8221; parallax_method=&#8221;on&#8221;][et_pb_text _builder_version=&#8221;3.0.57&#8243;]<\/p>\n<div style=\"valign: center;\"><a href=\"https:\/\/www.sharebot.it\/en\/\"><img loading=\"lazy\" decoding=\"async\" class=\"wp-image-1797 aligncenter size-full\" src=\"https:\/\/en.in3ds.com\/wp-content\/uploads\/2018\/11\/sharebot_logo-225x225.png\" alt=\"\" width=\"225\" height=\"225\" srcset=\"https:\/\/in3ds.com\/en\/wp-content\/uploads\/2018\/11\/sharebot_logo-225x225.png 225w, https:\/\/in3ds.com\/en\/wp-content\/uploads\/2018\/11\/sharebot_logo-225x225-150x150.png 150w\" sizes=\"(max-width: 225px) 100vw, 225px\" \/><\/a><\/div>\n<p>[\/et_pb_text][\/et_pb_column][et_pb_column type=&#8221;1_3&#8243; _builder_version=&#8221;3.0.57&#8243; parallax=&#8221;off&#8221; parallax_method=&#8221;on&#8221;][et_pb_image src=&#8221;https:\/\/en.in3ds.com\/wp-content\/uploads\/2018\/08\/shining3d-logo.png&#8221; url_new_window=&#8221;on&#8221; _builder_version=&#8221;3.0.57&#8243;][\/et_pb_image][\/et_pb_column][et_pb_column type=&#8221;1_3&#8243; _builder_version=&#8221;3.0.57&#8243; parallax=&#8221;off&#8221; parallax_method=&#8221;on&#8221;][\/et_pb_column][\/et_pb_row][et_pb_row _builder_version=&#8221;3.0.57&#8243;][et_pb_column type=&#8221;4_4&#8243; _builder_version=&#8221;3.0.57&#8243; parallax=&#8221;off&#8221; parallax_method=&#8221;on&#8221;][et_pb_text _builder_version=&#8221;3.0.57&#8243;]<\/p>\n<div style=\"display: none;\">119346 s\u1ea3n ph\u1ea9m t\u00ecm th\u1ea5y trong M\u00e1y in 3D<br \/>\nS\u1eafp x\u1ebfp theo:<br \/>\nXem:<br \/>\nSOBUY 3D B\u00fat D\u00e2y T\u00f3c N\u1ea1p L\u1ea1i  , 1.75 m\u00e9t PLA C\u00f3 T\u1ed5ng C\u1ed9ng 20 M\u00e0u S\u1eafc Kh\u00e1c Nhau 3D In B\u00fat S\u1ee3i Ti\u1ebfp T\u1ebf Cho 3D In B\u00fat (M\u00e0u ng\u1eabu nhi\u00ean, 5 m)-qu\u1ed1c t\u1ebf<br \/>\n314.658 \u20ab<br \/>\n629.316 \u20ab-50%<br \/>\nTrung Qu\u1ed1c<br \/>\n Prusa I3 E360_V1 (L\u1eafp R\u00e1p Ho\u00e0n Ch\u1ec9nh)<br \/>\n6.700.000 \u20ab<br \/>\n\u00c1p d\u1ee5ng tr\u1ea3 g\u00f3p<br \/>\n(3)<br \/>\nH\u00e0 N\u1ed9i<br \/>\n &#8211; da Vinci miniMaker<br \/>\n6.500.000 \u20ab<br \/>\n11.800.000 \u20ab-45%<br \/>\nVi\u1ec7t Nam<br \/>\nXCSOURE 10 c\u00e1i 10 m M\u00f4 H\u00ecnh L\u1eadp Th\u1ec3 ABS D\u00e2y T\u00f3c Cho  V\u1ebd M\u00e1y In B\u00fat TH089-qu\u1ed1c t\u1ebf<br \/>\n258.000 \u20ab<br \/>\n516.000 \u20ab-50%<br \/>\n(1)<br \/>\nHong Kong SAR China<br \/>\nM\u00e1y kh\u1eafc phay kh\u1ed5 26 x 32 cm<br \/>\n4.900.000 \u20ab<br \/>\n\u00c1p d\u1ee5ng tr\u1ea3 g\u00f3p<br \/>\nH\u1ea3i Ph\u00f2ng<br \/>\n3D B\u1ed9  RAMPS 1.4 MEGA2560 A4988 LCD 12864 B\u1ed9 \u0110i\u1ec1u Khi\u1ec3n Ban cho RepR-qu\u1ed1c t\u1ebf<br \/>\n602.000 \u20ab<br \/>\n1.204.000 \u20ab-50%<br \/>\n(1)<br \/>\nB\u00ecnh D\u01b0\u01a1ng<br \/>\nCu\u1ed9n nh\u1ef1a in 3D PLA 1 kg<br \/>\n230.000 \u20ab<br \/>\n300.000 \u20ab-23%<br \/>\nVi\u1ec7t Nam<br \/>\n B\u1ed9 3 tr\u1ed1ng Canon 2900, HP 1010<br \/>\n50.000 \u20ab<br \/>\n95.000 \u20ab-47%<br \/>\n(13)<br \/>\nH\u00e0 N\u1ed9i<br \/>\nKhung  Prusa i3 Improved  ( To\u00e0n B\u1ed9 Ph\u1ea7n C\u01a1 Kh\u00ed )<br \/>\n2.100.000 \u20ab<br \/>\nVi\u1ec7t Nam<br \/>\n5 t\u00fai C\u01a1 Endstop C\u00f4ng T\u1eafc v\u1edbi D\u00e2y C\u00e1p cho  Makerbot Prusa Mendel RepRap CNC Arduino Mega 2560 1280- qu\u1ed1c t\u1ebf<br \/>\n122.000 \u20ab<br \/>\n183.000 \u20ab-33%<br \/>\nTrung Qu\u1ed1c<br \/>\nF20 3D M\u00e1y In B\u00fat L\u1eadp Th\u1ec3 Cho Th\u1ee7 C\u00f4ng V\u1ebd M\u00f4 H\u00ecnh In-qu\u1ed1c t\u1ebf<br \/>\n845.000 \u20ab<br \/>\nTrung Qu\u1ed1c<br \/>\nCombo Ty tr\u01b0\u1ee3t cho <br \/>\n1.030.000 \u20ab<br \/>\nVi\u1ec7t Nam<br \/>\n Delta Standard<br \/>\n6.800.000 \u20ab<br \/>\nVi\u1ec7t Nam<br \/>\nTr\u1ee5c cao su d\u00f9ng chung Canon,  HP<br \/>\n25.000 \u20ab<br \/>\n(1)<br \/>\nH\u00e0 N\u1ed9i<br \/>\nTr\u1ee5c t\u1eeb HP1100<br \/>\nTr\u1ee5c t\u1eeb HP1100<br \/>\n35.000 \u20ab<br \/>\nH\u00e0 N\u1ed9i<br \/>\n10Pcs 624ZZ Mini Metal Double Shielded Flanged  Ball Bearing For 3D Printer Parts &#8211; intl<br \/>\n113.000 \u20ab<br \/>\n156.000 \u20ab-28%<br \/>\nB\u00ecnh D\u01b0\u01a1ng<br \/>\n3D M\u00e1y In RAMPS 1.4 \u0110i\u1ec1u Khi\u1ec3n + MEGA2560 R3 + A4988 C\u00f3 T\u1ea3n Nhi\u1ec7t C\u00e1p USB D\u00e2y Nh\u1ea3y-intl<br \/>\n487.000 \u20ab<br \/>\n974.000 \u20ab-50%<br \/>\nTrung Qu\u1ed1c<br \/>\nM\u00e1y Kh\u1eafc CNC Laser Mini 2122-2W (T\u1ef1 l\u1eafp R\u00e1p)<br \/>\n4.990.000 \u20ab<br \/>\n\u00c1p d\u1ee5ng tr\u1ea3 g\u00f3p<br \/>\nH\u00e0 N\u1ed9i<br \/>\nG\u1ed1i \u0110\u1ee1 Tr\u1ee5c Tr\u01a1n SK8<br \/>\n25.000 \u20ab<br \/>\n40.000 \u20ab-38%<br \/>\nH\u00e0 N\u1ed9i<br \/>\n Delta (T\u1ef1 L\u1eafp R\u00e1p)<br \/>\n6.300.000 \u20ab<br \/>\n\u00c1p d\u1ee5ng tr\u1ea3 g\u00f3p<br \/>\nH\u00e0 N\u1ed9i<br \/>\nDiagonal Empuje Rod L200 Magn\u00e9tico Pelota Joint Bola para Kossel M\u00e1y in 3D &#8211; intl<br \/>\n392.000 \u20ab<br \/>\n784.000 \u20ab-50%<br \/>\nTrung Qu\u1ed1c<br \/>\nKeo D\u00e1n Cho 3d M\u00e1y In Kh\u00f4ng \u0111\u1ed9c h\u1ea1i C\u00f3 Th\u1ec3 Gi\u1eb7t Ch\u1ed1ng Nghi\u00eang Thanh Keo cho 3D M\u00e1y In \u0110i\u1ec3m N\u00f3ng-qu\u1ed1c t\u1ebf<br \/>\n92.000 \u20ab<br \/>\n184.000 \u20ab-50%<br \/>\nTrung Qu\u1ed1c<br \/>\nExtruder Hotend Heater Block 20x20x13mm Aluminum MK10 Extruder Hotend Heater Block M7 Thread Heatbreak for 3D Printer -M\u00e1y in 3D intl<br \/>\n92.000 \u20ab<br \/>\n184.000 \u20ab-50%<br \/>\nTrung Qu\u1ed1c<br \/>\nTop 3d M\u00e1y In Thsl V\u00edt D\u1eabn \u0110\u01b0\u1eddng K\u00ednh 8 m\u00e9t \u0110\u01b0\u1eddng Ch\u1ec9 May 8 m\u00e9t V\u1edbi \u1ed0c \u0110\u1ed3ng 300 m\u00e9t-qu\u1ed1c t\u1ebf<br \/>\n137.000 \u20ab<br \/>\n274.000 \u20ab-50%<br \/>\nTrung Qu\u1ed1c<br \/>\n25 Colors 3D Filament Set 1.75mm PLA Filament 3D Printer Supplies Materials 5M each color &#8211; intl M\u00e1y in 3D<br \/>\n380.800 \u20ab<br \/>\n568.000 \u20ab-33%<br \/>\nTrung Qu\u1ed1c<br \/>\nMini 5M 3D Printer Filament 1.75mm 3mm ABS \/ PLA RepRap MarkerBot Doodle Sales Blue &#8211; intl<br \/>\n106.000 \u20ab<br \/>\n212.000 \u20ab-50%<br \/>\nTrung Qu\u1ed1c<br \/>\n10 c\u00e1i B\u00edch Bi 625ZZ 3D In Ph\u1ea7n R\u00e3nh S\u00e2u Flanged B\u00e1nh Xe (M\u00e0u X\u00e1m)-qu\u1ed1c t\u1ebf<br \/>\n89.000 \u20ab<br \/>\n169.000 \u20ab-47%<br \/>\nTrung Qu\u1ed1c<br \/>\n3D B\u00fat Trong 2nd GEN M\u00e0n H\u00ecnh Hi\u1ec3n Th\u1ecb \u0110\u00c8N LED M\u00e1y in 3D Truy\u1ec1n Ngh\u1ec1 Ng\u01b0\u1eddi M\u1eabu PLA D\u00e2y T\u00f3c Ngh\u1ec7 Thu\u1eadt v\u1ebd-qu\u1ed1c t\u1ebf<br \/>\n460.983 \u20ab<br \/>\n886.506 \u20ab-48%<br \/>\nTrung Qu\u1ed1c<br \/>\nSilicone Insulation Protective Socks Case for E3D-V6 Heater Aluminum Block &#8211; intl<br \/>\n105.000 \u20ab<br \/>\n158.000 \u20ab-34%<br \/>\nTrung Qu\u1ed1c<br \/>\n10 c\u00e1i GT2 20 t\/16 t 6 m\u00e9t R\u1ed9ng 5\/8 m\u00e9t C\u1ea5u T\u1ea1o R\u00f2ng R\u1ecdc Cho 3D M\u00e1y In -qu\u1ed1c t\u1ebf<br \/>\n147.000 \u20ab<br \/>\n294.000 \u20ab-50%<br \/>\nTrung Qu\u1ed1c<br \/>\nM\u00e1y in3D M\u00e1y In 30A L\u1edbn Hi\u1ec7n Nay S\u01b0\u1edfi Mini \u0110i\u1ec1u Khi\u1ec3n MKS MOSFET MOS M\u00f4 \u0110un Nhi\u1ec7t Gi\u01b0\u1eddng M\u00e1y \u0110\u00f9n-qu\u1ed1c t\u1ebf<br \/>\n158.000 \u20ab<br \/>\n316.000 \u20ab-50%<br \/>\nTrung Qu\u1ed1c<br \/>\nCon tr\u01b0\u1ee3t tr\u00f2n \u03a612<br \/>\n25.000 \u20ab<br \/>\n50.000 \u20ab-50%<br \/>\nH\u00e0 N\u1ed9i<br \/>\nG\u1ed1i \u0110\u1ee1 V\u00edt Me KFL08 c\u1ee7a M\u00e1y in 3D<br \/>\n62.000 \u20ab<br \/>\n80.000 \u20ab-23%<br \/>\nH\u00e0 N\u1ed9i<br \/>\nMKS GEN L V1.0 B\u1ed9 \u0110i\u1ec1u Khi\u1ec3n Ban 3D B\u1ed9 M\u00e1y In Mainboard Ramps1.4 Dual Gi\u00e0n Ph\u01a1i C\u1ea3m \u1ee8ng-qu\u1ed1c t\u1ebf<br \/>\n445.000 \u20ab<br \/>\n890.000 \u20ab-50%<br \/>\nTrung Qu\u1ed1c<br \/>\n405nm Xanh T\u00edm Than \u0110\u1ea7u Laser Ph\u1ea7n Focusable 1000 mw Kh\u1eafc Kh\u1eafc-qu\u1ed1c t\u1ebf<br \/>\n535.000 \u20ab<br \/>\n1.070.000 \u20ab-50%<br \/>\nTrung Qu\u1ed1c<br \/>\n4-lead Nema17 Stepper Motor 42 motor Nema 17 motor 42BYGH 40MM 1.7A (17HS4401) motor &#8211; intl<br \/>\n245.000 \u20ab<br \/>\n490.000 \u20ab-50%<br \/>\nTrung Qu\u1ed1c<br \/>\nChi ti\u1ebft v\u1ec1 Mini 5 m 3D M\u00e1y in 3D D\u00e2y T\u00f3c 1.75 m\u00e9t 3 m\u00e9t ABS\/PLA RepRap MarkerBot Doodle B\u00e1n H\u00e0ng V\u00e0ng -qu\u1ed1c t\u1ebf<br \/>\n104.000 \u20ab<br \/>\n208.000 \u20ab-50%<br \/>\nHong Kong SAR China<br \/>\nM\u00e1y Kh\u1eafc CNC Laser Mini 2122-2W (M\u00e1y l\u1eafp \u0111\u1eb7t ho\u00e0n ch\u1ec9nh)<br \/>\n5.600.000 \u20ab<br \/>\n\u00c1p d\u1ee5ng tr\u1ea3 g\u00f3p<br \/>\nH\u00e0 N\u1ed9i<br \/>\nC\u1ee5m tr\u1ed1ng 2385 cho Brother 2321D\/2361D\/2366DW\/2520D\/2701D\/2701DW<br \/>\n305.000 \u20ab<br \/>\n310.000 \u20ab-2%<br \/>\n(1)<br \/>\nH\u00e0 N\u1ed9i<br \/>\nYBC 5 m 20 M\u00e0u 3D B\u00fat D\u00e2y T\u00f3c PLA 1.75 m\u00e9t Nh\u1ef1a Cao Su cho M\u00e1y in 3D -qu\u1ed1c t\u1ebf<br \/>\n249.000 \u20ab<br \/>\n498.000 \u20ab-50%<br \/>\nTrung Qu\u1ed1c<br \/>\nDanh m\u1ee5c li\u00ean quan<br \/>\nM\u00e1y in 3D<br \/>\nTh\u01b0\u01a1ng hi\u1ec7u<br \/>\nXem th\u00eam<br \/>\nD\u1ecbch v\u1ee5<br \/>\n\u0110\u1ecba \u0111i\u1ec3m<br \/>\nGi\u00e1T\u1ed1i thi\u1ec3u<br \/>\nT\u1ed1i \u0111a<br \/>\n\u0110\u00e1nh gi\u00e1<br \/>\nTr\u1edf l\u00ean<br \/>\nLo\u1ea1i b\u1ea3o h\u00e0nh<br \/>\nNh\u00f3m m\u00e0u<br \/>\nXem th\u00eam<br \/>\nTh\u1eddi gian b\u1ea3o h\u00e0nh.<br \/>\nChi ti\u1ebft ngo\u00e0i ra d\u1ec5 d\u00e0ng nhu c\u1ea7u t\u1ea1o m\u1eabu nhanh 3d printer t\u1ed1t nh\u1ea5t d\u00f9ng trong l\u1eafp r\u00e1p c\u00f4ng ngh\u1ec7 in 3d kinh doanh cung c\u1ea5p ch\u1ea5t l\u01b0\u1ee3ng in \u0111\u00e2y l\u00e0. Mi\u1ec5n ph\u00ed ph\u00f9 h\u1ee3p v\u1edbi c\u00f4ng nghi\u1ec7p m\u00e1y in 3d reprap s\u00e1ng t\u1ea1o sinh vi\u00ean.<br \/>\nLinh ki\u1ec7n ho\u1ea1t \u0111\u1ed9ng thi\u1ebft b\u1ecb c\u0169ng nh\u01b0.\n<\/div>\n<p>[\/et_pb_text][\/et_pb_column][\/et_pb_row][\/et_pb_section]<\/p>\n","protected":false},"excerpt":{"rendered":"<p>\u00c1p d\u1ee5ng\u00a0 \u0111\u1ebfn 30\/12\/2018 \u00c1p d\u1ee5ng \u0111\u1ebfn 30\/12\/2018 &lt;div style=&quot;display:none;&quot;&gt;&lt;!&#8211; [et_pb_line_break_holder] &#8211;&gt;&lt;h1&gt;M\u00e1y In 3D v\u00e0 D\u1ecbch v\u1ee5 in 3D Ultimaker s\u1ed1 1 th\u1ebf gi\u1edbi \u0111\u00e3 c\u00f3 m\u1eb7t t\u1ea1i Vi\u1ec7t nam, H\u00e0 N\u1ed9i&lt;\/h1&gt;&lt;!&#8211; [et_pb_line_break_holder] &#8211;&gt;&lt;\/div&gt;T\u00e0i li\u1ec7u h\u01b0\u1edbng d\u1eabn s\u1eed d\u1ee5ng \u0111\u1ea7y \u0111\u1ee7, \u0111\u1ed9i ng\u0169 nh\u00e2n vi\u00ean \u0111\u01b0\u1ee3c \u0111\u00e0o t\u1ea1o t\u1ea1i b\u00e0i b\u1ea3n t\u1ea1i H\u00e0 Lan s\u1eb5n [&hellip;]<\/p>\n","protected":false},"author":1,"featured_media":0,"parent":0,"menu_order":0,"comment_status":"closed","ping_status":"closed","template":"","meta":{"_et_pb_use_builder":"on","_et_pb_old_content":"","_et_gb_content_width":"","footnotes":""},"class_list":["post-85","page","type-page","status-publish","hentry"],"_links":{"self":[{"href":"https:\/\/in3ds.com\/en\/wp-json\/wp\/v2\/pages\/85"}],"collection":[{"href":"https:\/\/in3ds.com\/en\/wp-json\/wp\/v2\/pages"}],"about":[{"href":"https:\/\/in3ds.com\/en\/wp-json\/wp\/v2\/types\/page"}],"author":[{"embeddable":true,"href":"https:\/\/in3ds.com\/en\/wp-json\/wp\/v2\/users\/1"}],"replies":[{"embeddable":true,"href":"https:\/\/in3ds.com\/en\/wp-json\/wp\/v2\/comments?post=85"}],"version-history":[{"count":56,"href":"https:\/\/in3ds.com\/en\/wp-json\/wp\/v2\/pages\/85\/revisions"}],"predecessor-version":[{"id":2116,"href":"https:\/\/in3ds.com\/en\/wp-json\/wp\/v2\/pages\/85\/revisions\/2116"}],"wp:attachment":[{"href":"https:\/\/in3ds.com\/en\/wp-json\/wp\/v2\/media?parent=85"}],"curies":[{"name":"wp","href":"https:\/\/api.w.org\/{rel}","templated":true}]}}