{"id":813,"date":"2018-05-24T13:37:42","date_gmt":"2018-05-24T13:37:42","guid":{"rendered":"https:\/\/in3ds.com\/?page_id=813"},"modified":"2019-04-13T20:27:56","modified_gmt":"2019-04-13T20:27:56","slug":"fdm-3d-printer-ultimaker-s5","status":"publish","type":"page","link":"https:\/\/in3ds.com\/en\/3d-printers-ultimaker\/fdm-3d-printer-ultimaker-s5\/","title":{"rendered":"FDM 3D Printer Ultimaker S5"},"content":{"rendered":"<p>[et_pb_section fb_built=&#8221;1&#8243; custom_padding=&#8221;0px|||&#8221; _builder_version=&#8221;3.0.57&#8243;][et_pb_row custom_padding=&#8221;|||&#8221; custom_margin=&#8221;|||&#8221; _builder_version=&#8221;3.0.57&#8243; background_size=&#8221;initial&#8221; background_position=&#8221;top_left&#8221; background_repeat=&#8221;repeat&#8221;][et_pb_column type=&#8221;4_4&#8243; _builder_version=&#8221;3.0.47&#8243; parallax=&#8221;off&#8221; parallax_method=&#8221;on&#8221;][et_pb_video_slider _builder_version=&#8221;3.0.57&#8243;][et_pb_video_slider_item src=&#8221;https:\/\/www.youtube.com\/watch?v=dliCqqFs95o&#8221; _builder_version=&#8221;3.0.57&#8243; show_image_overlay=&#8221;hide&#8221;][\/et_pb_video_slider_item][et_pb_video_slider_item src=&#8221;https:\/\/www.youtube.com\/watch?v=cIQDvIQAkRs&#8221; _builder_version=&#8221;3.0.57&#8243; show_image_overlay=&#8221;hide&#8221;][\/et_pb_video_slider_item][et_pb_video_slider_item src=&#8221;https:\/\/www.youtube.com\/watch?v=N_r7UYMQwDk&#8221; _builder_version=&#8221;3.0.57&#8243; show_image_overlay=&#8221;hide&#8221;][\/et_pb_video_slider_item][\/et_pb_video_slider][\/et_pb_column][\/et_pb_row][et_pb_row _builder_version=&#8221;3.0.47&#8243; background_size=&#8221;initial&#8221; background_position=&#8221;top_left&#8221; background_repeat=&#8221;repeat&#8221;][et_pb_column type=&#8221;4_4&#8243; _builder_version=&#8221;3.0.47&#8243; parallax=&#8221;off&#8221; parallax_method=&#8221;on&#8221;][et_pb_text _builder_version=&#8221;3.0.57&#8243;]<\/p>\n<p>Discover the easy-to-use desktop 3D printer with a large build volume that delivers accurate, industrial-grade parts, time and again. With simple setup, high uptime, and reliable dual extrusion, Ultimaker S5 is the complete professional 3D printing solution.<\/p>\n<p><img loading=\"lazy\" decoding=\"async\" src=\"https:\/\/en.in3ds.com\/wp-content\/uploads\/2018\/05\/may-in-3d-ultimaker-s5.jpg\" alt=\"M\u00e1y in 3D Ultimaker S5\" class=\"wp-image-824 aligncenter size-full\" width=\"1200\" height=\"675\" srcset=\"https:\/\/in3ds.com\/en\/wp-content\/uploads\/2018\/05\/may-in-3d-ultimaker-s5.jpg 1200w, https:\/\/in3ds.com\/en\/wp-content\/uploads\/2018\/05\/may-in-3d-ultimaker-s5-300x169.jpg 300w, https:\/\/in3ds.com\/en\/wp-content\/uploads\/2018\/05\/may-in-3d-ultimaker-s5-768x432.jpg 768w, https:\/\/in3ds.com\/en\/wp-content\/uploads\/2018\/05\/may-in-3d-ultimaker-s5-1024x576.jpg 1024w, https:\/\/in3ds.com\/en\/wp-content\/uploads\/2018\/05\/may-in-3d-ultimaker-s5-1080x608.jpg 1080w\" sizes=\"(max-width: 1200px) 100vw, 1200px\" \/><\/p>\n<p>&nbsp;<\/p>\n<h2>Complex prints made easy<\/h2>\n<p>Create intricate geometries and technical models by combining your build material with water-soluble PVA support material, then remove supports by simply resting the print in water.<\/p>\n<p>Ultimaker 3D printers are the most reliable dual extrusion machines on the market.<\/p>\n<h2>Key features<\/h2>\n<ul>\n<li>Enhanced reliability<\/li>\n<li>Bigger build volume<\/li>\n<li>Fast setup, high uptime<\/li>\n<li>Easy touch control<\/li>\n<li>Designed to connect<\/li>\n<\/ul>\n<p>&nbsp;<\/p>\n<p>View detailed specifications: <span style=\"text-decoration: underline;\"><span style=\"color: #0000ff;\"><a href=\"https:\/\/ultimaker.com\/en\/products\/ultimaker-s5\/specifications\">Link<\/a><\/span><\/span><\/p>\n<p>User manual: <a href=\"https:\/\/ultimaker.com\/en\/resources\/52578-unboxing\"><span style=\"text-decoration: underline;\"><span style=\"color: #0000ff; text-decoration: underline;\">Link<\/span><\/span><\/a><\/p>\n<p>[\/et_pb_text][\/et_pb_column][\/et_pb_row][et_pb_row _builder_version=&#8221;3.0.57&#8243;][et_pb_column type=&#8221;1_4&#8243; _builder_version=&#8221;3.0.47&#8243; parallax=&#8221;off&#8221; parallax_method=&#8221;on&#8221;][et_pb_text _builder_version=&#8221;3.0.57&#8243;]<\/p>\n<div class=\"et_pb_text et_pb_module et_pb_bg_layout_light et_pb_text_align_left et_pb_text_2\">\n<div class=\"et_pb_text_inner\">\n<h3 class=\"heading-sub\">Print area:<\/h3>\n<ul>\n<li>330 x 240 x 300 mm<\/li>\n<\/ul>\n<\/div>\n<\/div>\n<p>[\/et_pb_text][\/et_pb_column][et_pb_column type=&#8221;1_4&#8243; _builder_version=&#8221;3.0.47&#8243; parallax=&#8221;off&#8221; parallax_method=&#8221;on&#8221;][et_pb_text _builder_version=&#8221;3.0.57&#8243;]<\/p>\n<div class=\"et_pb_text et_pb_module et_pb_bg_layout_light et_pb_text_align_left et_pb_text_3\">\n<div class=\"et_pb_text_inner\">\n<h3>Materials<\/h3>\n<p>optimized for:<br \/>\nNylon PLA Tough PLA ABS CPE family PVA PC TPU 95A PP &amp; Breakaway<\/p>\n<\/div>\n<\/div>\n<p>[\/et_pb_text][\/et_pb_column][et_pb_column type=&#8221;1_4&#8243; _builder_version=&#8221;3.0.47&#8243; parallax=&#8221;off&#8221; parallax_method=&#8221;on&#8221;][et_pb_text _builder_version=&#8221;3.0.57&#8243;]<\/p>\n<div class=\"et_pb_text et_pb_module et_pb_bg_layout_light et_pb_text_align_left et_pb_text_4\">\n<div class=\"et_pb_text_inner\">\n<h3>Accuracy<\/h3>\n<p>Up: 20 micron<\/p>\n<\/div>\n<\/div>\n<p>[\/et_pb_text][\/et_pb_column][et_pb_column type=&#8221;1_4&#8243; _builder_version=&#8221;3.0.47&#8243; parallax=&#8221;off&#8221; parallax_method=&#8221;on&#8221;][et_pb_text _builder_version=&#8221;3.0.57&#8243;]<\/p>\n<div class=\"et_pb_text et_pb_module et_pb_bg_layout_light et_pb_text_align_left et_pb_text_5\">\n<div class=\"et_pb_text_inner\">\n<h3>Speed<\/h3>\n<p>In: up 24 mm\u00b3\/s<\/p>\n<\/div>\n<\/div>\n<p>[\/et_pb_text][\/et_pb_column][\/et_pb_row][et_pb_row _builder_version=&#8221;3.0.57&#8243;][et_pb_column type=&#8221;4_4&#8243; _builder_version=&#8221;3.0.47&#8243; parallax=&#8221;off&#8221; parallax_method=&#8221;on&#8221;][et_pb_text _builder_version=&#8221;3.0.57&#8243;]<\/p>\n\n\n<div class=\"kk-star-ratings kksr-shortcode\"\n    data-payload='{&quot;id&quot;:&quot;813&quot;,&quot;slug&quot;:&quot;default&quot;,&quot;ignore&quot;:&quot;&quot;,&quot;reference&quot;:&quot;shortcode&quot;,&quot;align&quot;:&quot;&quot;,&quot;class&quot;:&quot;&quot;,&quot;count&quot;:&quot;7&quot;,&quot;legendonly&quot;:&quot;&quot;,&quot;readonly&quot;:&quot;&quot;,&quot;score&quot;:&quot;4.9&quot;,&quot;starsonly&quot;:&quot;&quot;,&quot;valign&quot;:&quot;&quot;,&quot;best&quot;:&quot;5&quot;,&quot;gap&quot;:&quot;5&quot;,&quot;greet&quot;:&quot;Rate this page&quot;,&quot;legend&quot;:&quot;4.9\\\/5 - (7 votes)&quot;,&quot;size&quot;:&quot;24&quot;,&quot;title&quot;:&quot;FDM 3D Printer Ultimaker S5&quot;,&quot;width&quot;:&quot;139.6&quot;,&quot;_legend&quot;:&quot;{score}\\\/{best} - ({count} {votes})&quot;,&quot;font_factor&quot;:&quot;1.25&quot;}'>\n            \n<div class=\"kksr-stars\">\n    \n<div class=\"kksr-stars-inactive\">\n            <div class=\"kksr-star\" data-star=\"1\" style=\"padding-right: 5px\">\n            \n\n<div class=\"kksr-icon\" style=\"width: 24px; height: 24px;\"><\/div>\n        <\/div>\n            <div class=\"kksr-star\" data-star=\"2\" style=\"padding-right: 5px\">\n            \n\n<div class=\"kksr-icon\" style=\"width: 24px; height: 24px;\"><\/div>\n        <\/div>\n            <div class=\"kksr-star\" data-star=\"3\" style=\"padding-right: 5px\">\n            \n\n<div class=\"kksr-icon\" style=\"width: 24px; height: 24px;\"><\/div>\n        <\/div>\n            <div class=\"kksr-star\" data-star=\"4\" style=\"padding-right: 5px\">\n            \n\n<div class=\"kksr-icon\" style=\"width: 24px; height: 24px;\"><\/div>\n        <\/div>\n            <div class=\"kksr-star\" data-star=\"5\" style=\"padding-right: 5px\">\n            \n\n<div class=\"kksr-icon\" style=\"width: 24px; height: 24px;\"><\/div>\n        <\/div>\n    <\/div>\n    \n<div class=\"kksr-stars-active\" style=\"width: 139.6px;\">\n            <div class=\"kksr-star\" style=\"padding-right: 5px\">\n            \n\n<div class=\"kksr-icon\" style=\"width: 24px; height: 24px;\"><\/div>\n        <\/div>\n            <div class=\"kksr-star\" style=\"padding-right: 5px\">\n            \n\n<div class=\"kksr-icon\" style=\"width: 24px; height: 24px;\"><\/div>\n        <\/div>\n            <div class=\"kksr-star\" style=\"padding-right: 5px\">\n            \n\n<div class=\"kksr-icon\" style=\"width: 24px; height: 24px;\"><\/div>\n        <\/div>\n            <div class=\"kksr-star\" style=\"padding-right: 5px\">\n            \n\n<div class=\"kksr-icon\" style=\"width: 24px; height: 24px;\"><\/div>\n        <\/div>\n            <div class=\"kksr-star\" style=\"padding-right: 5px\">\n            \n\n<div class=\"kksr-icon\" style=\"width: 24px; height: 24px;\"><\/div>\n        <\/div>\n    <\/div>\n<\/div>\n                \n\n<div class=\"kksr-legend\" style=\"font-size: 19.2px;\">\n            4.9\/5 - (7 votes)    <\/div>\n    <\/div>\n\n<div style=\"display:none;\">\nph\u00e1t tri\u1ec3n  t\u00f2a nh\u00e0  t\u1ea1i h\u00e0 n\u1ed9i  th\u00f4ng tin  cung c\u1ea5p c\u00e1c  kh\u00e1ch h\u00e0ng  c\u00f4ng nghi\u1ec7p  vi\u1ec7t nam  vi\u1ec7c in qu\u00fd kh\u00e1ch  \u0111\u1ecba ch\u1ec9  in 3d t\u1ea1i  c\u00f3 th\u1ec3.<\/div>\n<p>[\/et_pb_text][\/et_pb_column][\/et_pb_row][\/et_pb_section]<\/p>\n","protected":false},"excerpt":{"rendered":"<p>Discover the easy-to-use desktop 3D printer with a large build volume that delivers accurate, industrial-grade parts, time and again. With simple setup, high uptime, and reliable dual extrusion, Ultimaker S5 is the complete professional 3D printing solution. &nbsp; Complex prints made easy Create intricate geometries and technical models by combining your build material with water-soluble [&hellip;]<\/p>\n","protected":false},"author":1,"featured_media":0,"parent":2,"menu_order":0,"comment_status":"closed","ping_status":"closed","template":"","meta":{"_et_pb_use_builder":"on","_et_pb_old_content":"","_et_gb_content_width":"","footnotes":""},"class_list":["post-813","page","type-page","status-publish","hentry"],"_links":{"self":[{"href":"https:\/\/in3ds.com\/en\/wp-json\/wp\/v2\/pages\/813"}],"collection":[{"href":"https:\/\/in3ds.com\/en\/wp-json\/wp\/v2\/pages"}],"about":[{"href":"https:\/\/in3ds.com\/en\/wp-json\/wp\/v2\/types\/page"}],"author":[{"embeddable":true,"href":"https:\/\/in3ds.com\/en\/wp-json\/wp\/v2\/users\/1"}],"replies":[{"embeddable":true,"href":"https:\/\/in3ds.com\/en\/wp-json\/wp\/v2\/comments?post=813"}],"version-history":[{"count":14,"href":"https:\/\/in3ds.com\/en\/wp-json\/wp\/v2\/pages\/813\/revisions"}],"predecessor-version":[{"id":2305,"href":"https:\/\/in3ds.com\/en\/wp-json\/wp\/v2\/pages\/813\/revisions\/2305"}],"up":[{"embeddable":true,"href":"https:\/\/in3ds.com\/en\/wp-json\/wp\/v2\/pages\/2"}],"wp:attachment":[{"href":"https:\/\/in3ds.com\/en\/wp-json\/wp\/v2\/media?parent=813"}],"curies":[{"name":"wp","href":"https:\/\/api.w.org\/{rel}","templated":true}]}}