{"id":59,"date":"2018-01-18T20:29:16","date_gmt":"2018-01-18T20:29:16","guid":{"rendered":"http:\/\/ultimaker.kedak.de\/?page_id=59"},"modified":"2019-08-11T13:28:48","modified_gmt":"2019-08-11T13:28:48","slug":"3d-printer-filaments","status":"publish","type":"page","link":"https:\/\/in3ds.com\/en\/3d-printer-filaments\/","title":{"rendered":"3D Printer Filaments"},"content":{"rendered":"<p>[et_pb_section fb_built=&#8221;1&#8243; custom_padding=&#8221;0px|||&#8221; _builder_version=&#8221;3.0.57&#8243;][et_pb_row custom_padding=&#8221;0px|||&#8221; custom_margin=&#8221;|||&#8221; _builder_version=&#8221;3.0.57&#8243; background_size=&#8221;initial&#8221; background_position=&#8221;top_left&#8221; background_repeat=&#8221;repeat&#8221;][et_pb_column type=&#8221;4_4&#8243; _builder_version=&#8221;3.0.47&#8243; parallax=&#8221;off&#8221; parallax_method=&#8221;on&#8221;][et_pb_text _builder_version=&#8221;3.0.57&#8243; background_size=&#8221;initial&#8221; background_position=&#8221;top_left&#8221; background_repeat=&#8221;repeat&#8221;]<\/p>\n<h2>Advanced 3D printing materials from Ultimaker: The choice is yours<\/h2>\n<p>Choosing the right material is critical to the success of your 3D printed part. We use Ultimaker\u2019s open filament system and you can 3D print with any 2.85 mm filament.<\/p>\n<p>[\/et_pb_text][\/et_pb_column][\/et_pb_row][et_pb_row _builder_version=&#8221;3.0.57&#8243;][et_pb_column type=&#8221;1_2&#8243; _builder_version=&#8221;3.0.57&#8243; parallax=&#8221;off&#8221; parallax_method=&#8221;on&#8221;][et_pb_text _builder_version=&#8221;3.0.57&#8243;]<\/p>\n<p><strong>Nylon:<\/strong>\u00a0Tough | Wear resistant | Translucent | Low friction\u00a0<\/p>\n<p><a href=\"3d-printer-filaments\/nylon-ultimaker\/\"><img loading=\"lazy\" decoding=\"async\" class=\"wp-image-937 aligncenter size-full\" style=\"float: left;\" src=\"https:\/\/in3ds.com\/wp-content\/uploads\/2018\/07\/Nylon-3D-banh-rang.jpg\" alt=\"\" width=\"365\" height=\"160\" srcset=\"https:\/\/in3ds.com\/en\/wp-content\/uploads\/2018\/07\/Nylon-3D-banh-rang.jpg 365w, https:\/\/in3ds.com\/en\/wp-content\/uploads\/2018\/07\/Nylon-3D-banh-rang-300x132.jpg 300w\" sizes=\"(max-width: 365px) 100vw, 365px\" \/><\/a>[\/et_pb_text][\/et_pb_column][et_pb_column type=&#8221;1_2&#8243; _builder_version=&#8221;3.0.57&#8243; parallax=&#8221;off&#8221; parallax_method=&#8221;on&#8221;][et_pb_text _builder_version=&#8221;3.0.57&#8243;]<strong>PLA:\u00a0<\/strong>Easy | Stiff | High strength | Multi-color | Visual | Translucent<\/p>\n<p><a href=\"3d-printer-filaments\/pla-ultimaker\/\"><img loading=\"lazy\" decoding=\"async\" class=\"wp-image-934 aligncenter size-full\" style=\"float: left;\" src=\"https:\/\/in3ds.com\/wp-content\/uploads\/2018\/07\/PLA-may-khoan.jpg\" alt=\"\" width=\"364\" height=\"160\" srcset=\"https:\/\/in3ds.com\/en\/wp-content\/uploads\/2018\/07\/PLA-may-khoan.jpg 364w, https:\/\/in3ds.com\/en\/wp-content\/uploads\/2018\/07\/PLA-may-khoan-300x132.jpg 300w\" sizes=\"(max-width: 364px) 100vw, 364px\" \/><\/a>[\/et_pb_text][\/et_pb_column][\/et_pb_row][et_pb_row _builder_version=&#8221;3.0.57&#8243;][et_pb_column type=&#8221;1_2&#8243; _builder_version=&#8221;3.0.57&#8243; parallax=&#8221;off&#8221; parallax_method=&#8221;on&#8221;][et_pb_text _builder_version=&#8221;3.0.57&#8243;]<\/p>\n<p style=\"text-align: left;\"><strong>Tough PLA:<\/strong>\u00a0Easy | Stiff | High strength | Tough<\/p>\n<p><a href=\"3d-printer-filaments\/tough-pla-ultimaker\/\"><img loading=\"lazy\" decoding=\"async\" class=\"wp-image-933 aligncenter size-full\" style=\"float: left;\" src=\"https:\/\/in3ds.com\/wp-content\/uploads\/2018\/07\/Tough-PLA-print.jpg\" alt=\"\" width=\"365\" height=\"160\" srcset=\"https:\/\/in3ds.com\/en\/wp-content\/uploads\/2018\/07\/Tough-PLA-print.jpg 365w, https:\/\/in3ds.com\/en\/wp-content\/uploads\/2018\/07\/Tough-PLA-print-300x132.jpg 300w\" sizes=\"(max-width: 365px) 100vw, 365px\" \/><\/a>[\/et_pb_text][\/et_pb_column][et_pb_column type=&#8221;1_2&#8243; _builder_version=&#8221;3.0.57&#8243; parallax=&#8221;off&#8221; parallax_method=&#8221;on&#8221;][et_pb_text _builder_version=&#8221;3.0.57&#8243;]<\/p>\n<p style=\"text-align: left;\"><strong>ABS:<\/strong>\u00a0High strength | Tough |\u00a0Multi-color<\/p>\n<p><a href=\"3d-printer-filaments\/abs-ultimaker\/\"><img loading=\"lazy\" decoding=\"async\" class=\"wp-image-930 aligncenter size-full\" style=\"float: left;\" src=\"https:\/\/in3ds.com\/wp-content\/uploads\/2018\/07\/ABS-oto-mo-hinh.jpg\" alt=\"\" width=\"365\" height=\"160\" srcset=\"https:\/\/in3ds.com\/en\/wp-content\/uploads\/2018\/07\/ABS-oto-mo-hinh.jpg 365w, https:\/\/in3ds.com\/en\/wp-content\/uploads\/2018\/07\/ABS-oto-mo-hinh-300x132.jpg 300w\" sizes=\"(max-width: 365px) 100vw, 365px\" \/><\/a>[\/et_pb_text][\/et_pb_column][\/et_pb_row][et_pb_row _builder_version=&#8221;3.0.57&#8243;][et_pb_column type=&#8221;1_2&#8243; _builder_version=&#8221;3.0.57&#8243; parallax=&#8221;off&#8221; parallax_method=&#8221;on&#8221;][et_pb_text _builder_version=&#8221;3.0.57&#8243;]<strong>CPE Family:<\/strong>\u00a0High strength |\u00a0Multi-color | Translucent | Heat resistant<\/p>\n<p><a href=\"3d-printer-filaments\/cpe-ultimaker\/\"><img loading=\"lazy\" decoding=\"async\" class=\"wp-image-936 aligncenter size-full\" style=\"float: left;\" src=\"https:\/\/in3ds.com\/wp-content\/uploads\/2018\/07\/CPE-thiet-ke-san-pham.jpg\" alt=\"\" width=\"365\" height=\"160\" srcset=\"https:\/\/in3ds.com\/en\/wp-content\/uploads\/2018\/07\/CPE-thiet-ke-san-pham.jpg 365w, https:\/\/in3ds.com\/en\/wp-content\/uploads\/2018\/07\/CPE-thiet-ke-san-pham-300x132.jpg 300w\" sizes=\"(max-width: 365px) 100vw, 365px\" \/><\/a>[\/et_pb_text][\/et_pb_column][et_pb_column type=&#8221;1_2&#8243; _builder_version=&#8221;3.0.57&#8243; parallax=&#8221;off&#8221; parallax_method=&#8221;on&#8221;][et_pb_text _builder_version=&#8221;3.0.57&#8243;]<\/p>\n<p style=\"text-align: left;\"><strong>PVA:<\/strong>\u00a0Support material | Water-soluble<\/p>\n<p><a href=\"3d-printer-filaments\/pva-ultimaker\/\"><img loading=\"lazy\" decoding=\"async\" class=\"wp-image-935 aligncenter size-full\" style=\"float: left;\" src=\"https:\/\/in3ds.com\/wp-content\/uploads\/2018\/07\/PVA-in.jpg\" alt=\"\" width=\"365\" height=\"160\" srcset=\"https:\/\/in3ds.com\/en\/wp-content\/uploads\/2018\/07\/PVA-in.jpg 365w, https:\/\/in3ds.com\/en\/wp-content\/uploads\/2018\/07\/PVA-in-300x132.jpg 300w\" sizes=\"(max-width: 365px) 100vw, 365px\" \/><\/a><\/p>\n<p>[\/et_pb_text][\/et_pb_column][\/et_pb_row][et_pb_row _builder_version=&#8221;3.0.57&#8243;][et_pb_column type=&#8221;1_2&#8243; _builder_version=&#8221;3.0.57&#8243; parallax=&#8221;off&#8221; parallax_method=&#8221;on&#8221;][et_pb_text _builder_version=&#8221;3.0.57&#8243;]<strong>PC:<\/strong>\u00a0Stiff | High strength | Tough | Heat resistant | Flame retardant | Translucent<\/p>\n<p><a href=\"3d-printer-filaments\/pc-ultimaker\/\"><img loading=\"lazy\" decoding=\"async\" class=\"wp-image-932 aligncenter size-full\" style=\"float: left;\" src=\"https:\/\/in3ds.com\/wp-content\/uploads\/2018\/07\/PC-printed-den.jpg\" alt=\"\" width=\"365\" height=\"160\" srcset=\"https:\/\/in3ds.com\/en\/wp-content\/uploads\/2018\/07\/PC-printed-den.jpg 365w, https:\/\/in3ds.com\/en\/wp-content\/uploads\/2018\/07\/PC-printed-den-300x132.jpg 300w\" sizes=\"(max-width: 365px) 100vw, 365px\" \/><\/a>[\/et_pb_text][\/et_pb_column][et_pb_column type=&#8221;1_2&#8243; _builder_version=&#8221;3.0.57&#8243; parallax=&#8221;off&#8221; parallax_method=&#8221;on&#8221;][et_pb_text _builder_version=&#8221;3.0.57&#8243;]<\/p>\n<p style=\"text-align: left;\"><strong>TPU 95A:<\/strong>\u00a0Flexible | Tough | Wear resistant<\/p>\n<p><a href=\"3d-printer-filaments\/tpu-95a-ultimaker\/\"><img loading=\"lazy\" decoding=\"async\" class=\"wp-image-931 aligncenter size-full\" style=\"float: left;\" src=\"https:\/\/in3ds.com\/wp-content\/uploads\/2018\/07\/Flexible-3D-printed-that-lung.jpg\" alt=\"\" width=\"365\" height=\"160\" srcset=\"https:\/\/in3ds.com\/en\/wp-content\/uploads\/2018\/07\/Flexible-3D-printed-that-lung.jpg 365w, https:\/\/in3ds.com\/en\/wp-content\/uploads\/2018\/07\/Flexible-3D-printed-that-lung-300x132.jpg 300w\" sizes=\"(max-width: 365px) 100vw, 365px\" \/><\/a><\/p>\n<p>[\/et_pb_text][\/et_pb_column][\/et_pb_row][et_pb_row _builder_version=&#8221;3.0.57&#8243;][et_pb_column type=&#8221;1_2&#8243; _builder_version=&#8221;3.0.57&#8243; parallax=&#8221;off&#8221; parallax_method=&#8221;on&#8221;][et_pb_text _builder_version=&#8221;3.0.57&#8243;]<\/p>\n<p style=\"text-align: left;\"><strong>PP:<\/strong>\u00a0Flexible | Wear resistant | Translucent<\/p>\n<p><a href=\"3d-printer-filaments\/pp-ultimaker\/\"><img loading=\"lazy\" decoding=\"async\" class=\"wp-image-928 aligncenter size-full\" style=\"float: left;\" src=\"https:\/\/in3ds.com\/wp-content\/uploads\/2018\/07\/polypropylene-3D-printed-objects.jpg\" alt=\"\" width=\"365\" height=\"160\" srcset=\"https:\/\/in3ds.com\/en\/wp-content\/uploads\/2018\/07\/polypropylene-3D-printed-objects.jpg 365w, https:\/\/in3ds.com\/en\/wp-content\/uploads\/2018\/07\/polypropylene-3D-printed-objects-300x132.jpg 300w\" sizes=\"(max-width: 365px) 100vw, 365px\" \/><\/a><\/p>\n<p>[\/et_pb_text][\/et_pb_column][et_pb_column type=&#8221;1_2&#8243; _builder_version=&#8221;3.0.57&#8243; parallax=&#8221;off&#8221; parallax_method=&#8221;on&#8221;][et_pb_text _builder_version=&#8221;3.0.57&#8243;]<\/p>\n<p style=\"text-align: left;\"><strong>Ultimaker Breakaway:<\/strong>\u00a0Easy | Support material<\/p>\n<p><a href=\"3d-printer-filaments\/breakaway-ultimaker\/\"><img loading=\"lazy\" decoding=\"async\" class=\"wp-image-929 aligncenter size-full\" style=\"float: left;\" src=\"https:\/\/in3ds.com\/wp-content\/uploads\/2018\/07\/ultimaker-breakaway-in.jpg\" alt=\"\" width=\"365\" height=\"160\" srcset=\"https:\/\/in3ds.com\/en\/wp-content\/uploads\/2018\/07\/ultimaker-breakaway-in.jpg 365w, https:\/\/in3ds.com\/en\/wp-content\/uploads\/2018\/07\/ultimaker-breakaway-in-300x132.jpg 300w\" sizes=\"(max-width: 365px) 100vw, 365px\" \/><\/a><\/p>\n<p>[\/et_pb_text][\/et_pb_column][\/et_pb_row][et_pb_row _builder_version=&#8221;3.0.57&#8243;][et_pb_column type=&#8221;4_4&#8243; _builder_version=&#8221;3.0.57&#8243; parallax=&#8221;off&#8221; parallax_method=&#8221;on&#8221;][et_pb_text _builder_version=&#8221;3.0.57&#8243;]<\/p>\n<p><a href=\"https:\/\/en.in3ds.com\/in-3d-chon-chat-lieu-gi\/\"><\/a><\/p>\n\n\n<div class=\"kk-star-ratings kksr-shortcode\"\n    data-payload='{&quot;id&quot;:&quot;59&quot;,&quot;slug&quot;:&quot;default&quot;,&quot;ignore&quot;:&quot;&quot;,&quot;reference&quot;:&quot;shortcode&quot;,&quot;align&quot;:&quot;&quot;,&quot;class&quot;:&quot;&quot;,&quot;count&quot;:&quot;19&quot;,&quot;legendonly&quot;:&quot;&quot;,&quot;readonly&quot;:&quot;&quot;,&quot;score&quot;:&quot;4.9&quot;,&quot;starsonly&quot;:&quot;&quot;,&quot;valign&quot;:&quot;&quot;,&quot;best&quot;:&quot;5&quot;,&quot;gap&quot;:&quot;5&quot;,&quot;greet&quot;:&quot;Rate this page&quot;,&quot;legend&quot;:&quot;4.9\\\/5 - (19 votes)&quot;,&quot;size&quot;:&quot;24&quot;,&quot;title&quot;:&quot;3D Printer Filaments&quot;,&quot;width&quot;:&quot;139.6&quot;,&quot;_legend&quot;:&quot;{score}\\\/{best} - ({count} {votes})&quot;,&quot;font_factor&quot;:&quot;1.25&quot;}'>\n            \n<div class=\"kksr-stars\">\n    \n<div class=\"kksr-stars-inactive\">\n            <div class=\"kksr-star\" data-star=\"1\" style=\"padding-right: 5px\">\n            \n\n<div class=\"kksr-icon\" style=\"width: 24px; height: 24px;\"><\/div>\n        <\/div>\n            <div class=\"kksr-star\" data-star=\"2\" style=\"padding-right: 5px\">\n            \n\n<div class=\"kksr-icon\" style=\"width: 24px; height: 24px;\"><\/div>\n        <\/div>\n            <div class=\"kksr-star\" data-star=\"3\" style=\"padding-right: 5px\">\n            \n\n<div class=\"kksr-icon\" style=\"width: 24px; height: 24px;\"><\/div>\n        <\/div>\n            <div class=\"kksr-star\" data-star=\"4\" style=\"padding-right: 5px\">\n            \n\n<div class=\"kksr-icon\" style=\"width: 24px; height: 24px;\"><\/div>\n        <\/div>\n            <div class=\"kksr-star\" data-star=\"5\" style=\"padding-right: 5px\">\n            \n\n<div class=\"kksr-icon\" style=\"width: 24px; height: 24px;\"><\/div>\n        <\/div>\n    <\/div>\n    \n<div class=\"kksr-stars-active\" style=\"width: 139.6px;\">\n            <div class=\"kksr-star\" style=\"padding-right: 5px\">\n            \n\n<div class=\"kksr-icon\" style=\"width: 24px; height: 24px;\"><\/div>\n        <\/div>\n            <div class=\"kksr-star\" style=\"padding-right: 5px\">\n            \n\n<div class=\"kksr-icon\" style=\"width: 24px; height: 24px;\"><\/div>\n        <\/div>\n            <div class=\"kksr-star\" style=\"padding-right: 5px\">\n            \n\n<div class=\"kksr-icon\" style=\"width: 24px; height: 24px;\"><\/div>\n        <\/div>\n            <div class=\"kksr-star\" style=\"padding-right: 5px\">\n            \n\n<div class=\"kksr-icon\" style=\"width: 24px; height: 24px;\"><\/div>\n        <\/div>\n            <div class=\"kksr-star\" style=\"padding-right: 5px\">\n            \n\n<div class=\"kksr-icon\" style=\"width: 24px; height: 24px;\"><\/div>\n        <\/div>\n    <\/div>\n<\/div>\n                \n\n<div class=\"kksr-legend\" style=\"font-size: 19.2px;\">\n            4.9\/5 - (19 votes)    <\/div>\n    <\/div>\n\n<div style=\"display: none;\">\n<p>V\u1eadt li\u1ec7u in 3D \u0111\u1eb7c bi\u1ec7tTitanium \u2013 V\u1eadt li\u1ec7u c\u00f3 n\u1ec1n titan \u0111\u1eb7c bi\u1ec7t \u0111\u1eaft ti\u1ec1n v\u00e0 \u1ee9ng d\u1ee5ng ch\u1ee7 y\u1ebfu trong ng\u00e0nh h\u00e0ng kh\u00f4ng v\u0169 tr\u1ee5. M\u1ed9t s\u1ed1 c\u00e1nh qu\u1ea1t m\u00e1y bay ng\u00e0y nay \u0111\u01b0\u1ee3c gia c\u00f4ng b\u1eb1ng ph\u01b0\u01a1ng ph\u00e1p in 3D titan \u0111\u1ea5y!<\/p>\n<p>Stainless steel, Bronze, Brass, Silver, Gold : \u0110\u01b0\u1ee3c s\u1eed d\u1ee5ng tr\u00ean nh\u1eefng m\u00e1y in kim lo\u1ea1i gi\u1ed1ng nh\u01b0 titan, alu\u2026<\/p>\n<p>Ceramics : Ch\u1ea5t li\u1ec7u g\u1ed1m r\u1ea5t \u0111\u1eb7c bi\u1ec7t, b\u1edfi v\u00ec n\u00f3 c\u00f3 kh\u1ea3 n\u0103ng ch\u1ecbu nhi\u1ec7t r\u00e2t cao. \u0110\u01b0\u1ee3c s\u1eed d\u1ee5ng trong ng\u00e0nh v\u0169 tr\u1ee5.<\/p>\n<p>Resins<\/p>\n<p>Resins hay c\u00f2n g\u1ecdi l\u00e0\u201d m\u1ef1c in 3D \u201d b\u1edfi v\u00ec n\u00f3 \u1edf d\u1ea1ng l\u1ecfng. Th\u01b0\u1eddng \u0111\u01b0\u1ee3c d\u00f9ng trong t\u1ea1o m\u1eabu trang s\u1ee9c b\u1edfi m\u00e1y in 3D SLA \/ DLP<\/p>\n<p>High detail resin \u2013 D\u00f2ng resin n\u00e0y \u0111\u01b0\u1ee3c d\u00f9ng khi c\u1ea7n t\u1ea1o m\u1eabu c\u00f3 \u0111\u1ed9 chi ti\u1ebft s\u1eafc s\u1ea3o<\/p>\n<p>Paintable resin \u2013 C\u00f2n \u0111\u00e2y l\u00e0 lo\u1ea1i resin c\u00f3 \u0111\u1ed9 b\u00f3ng m\u01b0\u1ee3t r\u1ea5t cao. Trong nh\u01b0 l\u00e0 \u0111\u00e3 \u0111\u01b0\u1ee3c s\u01a1n ph\u1ee7!<\/p>\n<p>Transparent resin \u2013 V\u1eadt li\u1ec7u trong su\u1ed1t n\u00e0y c\u0169ng l\u00e0 m\u1ed9t l\u1ef1a ch\u1ecdn kh\u1ea3 d\u1ee5ng cho c\u00e1c chi ti\u1ebft c\u1ea7n \u0111\u1ed9 trong su\u1ed1t v\u00e0 t\u1ea1o m\u1eabu g\u1ea7n gi\u1ed1ng th\u1ef1c t\u1ebf.<\/p>\n<p>B\u1ed9t (Powder)<\/p>\n<p>L\u00e0 lo\u1ea1i v\u1eadt li\u1ec7u in \u0111\u1eaft ti\u1ec1n nh\u01b0ng c\u00f3 hi\u1ec7u qu\u1ea3 cao, \u0111\u1eb7c bi\u1ec7t trong vi\u1ec7c t\u1ea1o ra nh\u1eefng m\u00f4 h\u00ecnh k\u00ec d\u1ecb. V\u1eadt li\u1ec7u b\u1ed9t \u0111\u01b0\u1ee3c s\u1eed d\u1ee5ng b\u1edfi c\u00e1c m\u00e1y in 3D SLS (m\u00e1y in 3D kim lo\u1ea1i, in 3D m\u00e0u)<\/p>\n<p>Polyamide \u2013 Lo\u1ea1i b\u1ed9t m\u1ecbn c\u00f3 ngu\u1ed3n g\u1ed1c d\u1ea7u m\u1ecf n\u00e0y r\u1ea5t \u0111a n\u0103ng. N\u00f3 c\u00f3 th\u1ec3 t\u1ea1o ra nh\u1eefng m\u00f4 h\u00ecnh d\u1ebbo, trong su\u1ed1t\u2026<\/p>\n<p>Alumide \u2013 V\u1eadt li\u1ec7u n\u00e0y l\u00e0 s\u1ef1 pha tr\u1ed9n gi\u1eefa b\u1ed9t nh\u00f4m x\u00e1m v\u1edbi polyamide \u1edf tr\u00ean.<\/p>\n<p>Multicolor \u2013 V\u1eadt li\u1ec7u n\u00e0y \u0111\u01b0\u1ee3c s\u01b0 d\u1ee5ng trong c\u00e1c m\u00e1y in 3D \u0111a s\u1eafc m\u00e0u. Nh\u01b0\u1ee3c \u0111i\u1ec3m l\u1edbn nh\u1ea5t c\u1ee7a n\u00f3 ch\u00ednh l\u00e0 r\u1ea5t d\u00f2n v\u00e0 m\u00e0u s\u1eafc kh\u00f4ng \u0111\u01b0\u1ee3c t\u01b0\u01a1i t\u1eafn cho l\u1eafm.<\/p>\n<p>Nh\u1ef1a ( Plastic)<\/p>\n<p>Lo\u1ea1i m\u00e1y in 3D gi\u00e1 r\u1ebb v\u00e0 ph\u1ed5 bi\u1ebfn nh\u1ea5t hi\u1ec7n nay s\u1eed d\u1ee5ng c\u00f4ng ngh\u1ec7 FDM hay c\u00f2n g\u1ecdi l\u00e0 FFF (Fused filament fabrication). V\u1edbi ph\u01b0\u01a1ng ph\u00e1p t\u1ea1o m\u1eabu 3D r\u1ea5t c\u0103n b\u1ea3n: \u0110\u1ea7u phun nung n\u00f3ng nh\u1ef1a r\u1ed3i \u0111\u00f9n ra theo t\u1eebng l\u1edbp m\u00f4 h\u00ecnh. Lo\u1ea1i nh\u1ef1a in 3D th\u01b0\u1eddng \u0111\u01b0\u1ee3c s\u1eed d\u1ee5ng g\u1ed3m c\u00f3:<\/p>\n<p>Nh\u1ef1a in 3D ABS, PLA \u0111\u01b0\u1ee3c \u0111\u00f3ng g\u00f3i th\u00e0nh cu\u1ed9n nh\u01b0 d\u00e2y \u0111i\u1ec7n<\/p>\n<p>Nh\u1ef1a in 3D ABS, PLA \u0111\u01b0\u1ee3c \u0111\u00f3ng g\u00f3i th\u00e0nh cu\u1ed9n nh\u01b0 d\u00e2y \u0111i\u1ec7n<\/p>\n<p>PLA (Polylactic Acid) \u2013 PLA l\u00e0 ch\u1ea5t li\u1ec7u c\u00f3 ngu\u1ed3n g\u1ed1c sinh h\u1ecdc do v\u1eady r\u1ea5t th\u00e2n thi\u1ec7n m\u00f4i tr\u01b0\u1eddng v\u00e0 \u0111\u1eb7c bi\u1ec7t kh\u00e1 an to\u00e0n v\u1edbi s\u1ee9c kh\u1ecfe con ng\u01b0\u1eddi. \u0110\u00e2y c\u0169ng l\u00e0 lo\u1ea1i ch\u1ea5t li\u1ec7u d\u1ec5 s\u1eed d\u1ee5ng nh\u1ea5t!<\/p>\n<p>ABS (Acrylonitrile butadiene styrene) \u2013 ABS \u0111\u01b0\u1ee3c bi\u1ebft t\u1edbi v\u1edbi nhi\u1ec1u s\u1ea3n ph\u1ea9m c\u1ea7n \u0111\u1ed9 c\u1ee9ng v\u00e0 ch\u1ecbu nhi\u1ec7t. Ng\u00e0nh khu\u00f4n m\u1eabu \u0111\u00e3 qu\u00e1 quen v\u1edbi lo\u1ea1i v\u1eadt li\u1ec7u n\u00e0y. Th\u1ebf nh\u01b0ng, \u0111\u1ec3 in 3D, c\u1ea7n c\u00f3 nh\u1eefng th\u1ee7 thu\u1eadt m\u1edbi \u0111\u1ea3m b\u1ea3o \u0111\u01b0\u1ee3c dung sai h\u00ecnh d\u00e1ng s\u1ea3n ph\u1ea9m.<\/p>\n<p>Ch\u00fang t\u00f4i m\u00e0u s\u1eafc pla l\u00e0 trong c\u00e1c l\u1ef1a ch\u1ecdn ch\u1ea5t li\u1ec7u an to\u00e0n s\u1ee3i nh\u1ef1a sinh h\u1ecdc in 3d kim lo\u1ea1i.<\/p>\n<p>M\u00e1y in 3d fdm \u0111a d\u1ea1ng t\u1ea1o m\u1eabu nhanh s\u1ea3n xu\u1ea5t in 3d b\u1eb1ng nh\u1ef1a pla, tin t\u1ee9c.<\/p>\n<\/div>\n<p>[\/et_pb_text][\/et_pb_column][\/et_pb_row][\/et_pb_section]<\/p>\n","protected":false},"excerpt":{"rendered":"<p>Advanced 3D printing materials from Ultimaker: The choice is yours Choosing the right material is critical to the success of your 3D printed part. We use Ultimaker\u2019s open filament system and you can 3D print with any 2.85 mm filament. Nylon:\u00a0Tough | Wear resistant | Translucent | Low friction\u00a0 PLA:\u00a0Easy | Stiff | High strength [&hellip;]<\/p>\n","protected":false},"author":1,"featured_media":1591,"parent":0,"menu_order":0,"comment_status":"closed","ping_status":"closed","template":"","meta":{"_et_pb_use_builder":"on","_et_pb_old_content":"","_et_gb_content_width":"","footnotes":""},"class_list":["post-59","page","type-page","status-publish","has-post-thumbnail","hentry"],"_links":{"self":[{"href":"https:\/\/in3ds.com\/en\/wp-json\/wp\/v2\/pages\/59"}],"collection":[{"href":"https:\/\/in3ds.com\/en\/wp-json\/wp\/v2\/pages"}],"about":[{"href":"https:\/\/in3ds.com\/en\/wp-json\/wp\/v2\/types\/page"}],"author":[{"embeddable":true,"href":"https:\/\/in3ds.com\/en\/wp-json\/wp\/v2\/users\/1"}],"replies":[{"embeddable":true,"href":"https:\/\/in3ds.com\/en\/wp-json\/wp\/v2\/comments?post=59"}],"version-history":[{"count":38,"href":"https:\/\/in3ds.com\/en\/wp-json\/wp\/v2\/pages\/59\/revisions"}],"predecessor-version":[{"id":2449,"href":"https:\/\/in3ds.com\/en\/wp-json\/wp\/v2\/pages\/59\/revisions\/2449"}],"wp:featuredmedia":[{"embeddable":true,"href":"https:\/\/in3ds.com\/en\/wp-json\/wp\/v2\/media\/1591"}],"wp:attachment":[{"href":"https:\/\/in3ds.com\/en\/wp-json\/wp\/v2\/media?parent=59"}],"curies":[{"name":"wp","href":"https:\/\/api.w.org\/{rel}","templated":true}]}}