{"id":2110,"date":"2019-02-27T22:20:24","date_gmt":"2019-02-27T22:20:24","guid":{"rendered":"https:\/\/in3ds.com\/?page_id=2110"},"modified":"2023-11-21T11:38:41","modified_gmt":"2023-11-21T11:38:41","slug":"en","status":"publish","type":"page","link":"https:\/\/in3ds.com\/en\/","title":{"rendered":"3D Printer and Services in Hanoi Vietnam"},"content":{"rendered":"<p>[et_pb_section fb_built=&#8221;1&#8243; fullwidth=&#8221;on&#8221; _builder_version=&#8221;4.16&#8243; global_colors_info=&#8221;{}&#8221;][et_pb_fullwidth_slider _builder_version=&#8221;4.16&#8243; header_font=&#8221;|on|||&#8221; header_font_size=&#8221;29px&#8221; body_text_color=&#8221;#707070&#8243; body_font_size=&#8221;42px&#8221; custom_padding=&#8221;|||&#8221; custom_padding_tablet=&#8221;|||&#8221; custom_padding_phone=&#8221;|||&#8221; auto=&#8221;on&#8221; auto_ignore_hover=&#8221;on&#8221; box_shadow_style=&#8221;preset6&#8243; box_shadow_blur=&#8221;10px&#8221; box_shadow_color=&#8221;rgba(0,0,0,0.1)&#8221; show_inner_shadow=&#8221;on&#8221; global_colors_info=&#8221;{}&#8221; button_text_size__hover_enabled=&#8221;off&#8221; button_one_text_size__hover_enabled=&#8221;off&#8221; button_two_text_size__hover_enabled=&#8221;off&#8221; button_text_color__hover_enabled=&#8221;off&#8221; button_one_text_color__hover_enabled=&#8221;off&#8221; button_two_text_color__hover_enabled=&#8221;off&#8221; button_border_width__hover_enabled=&#8221;off&#8221; button_one_border_width__hover_enabled=&#8221;off&#8221; button_two_border_width__hover_enabled=&#8221;off&#8221; button_border_color__hover_enabled=&#8221;off&#8221; button_one_border_color__hover_enabled=&#8221;off&#8221; button_two_border_color__hover_enabled=&#8221;off&#8221; button_border_radius__hover_enabled=&#8221;off&#8221; button_one_border_radius__hover_enabled=&#8221;off&#8221; button_two_border_radius__hover_enabled=&#8221;off&#8221; button_letter_spacing__hover_enabled=&#8221;off&#8221; button_one_letter_spacing__hover_enabled=&#8221;off&#8221; button_two_letter_spacing__hover_enabled=&#8221;off&#8221; button_bg_color__hover_enabled=&#8221;off&#8221; button_one_bg_color__hover_enabled=&#8221;off&#8221; button_two_bg_color__hover_enabled=&#8221;off&#8221;][et_pb_slide use_text_overlay=&#8221;off&#8221; _builder_version=&#8221;4.16&#8243; body_font=&#8221;|on|||&#8221; body_font_size=&#8221;33px&#8221; background_color=&#8221;#ffffff&#8221; background_image=&#8221;https:\/\/in3ds.com\/wp-content\/uploads\/2019\/06\/may-in-3d-ultimaker-s5-banner-min.png&#8221; global_colors_info=&#8221;{}&#8221; button_text_size__hover_enabled=&#8221;off&#8221; button_one_text_size__hover_enabled=&#8221;off&#8221; button_two_text_size__hover_enabled=&#8221;off&#8221; button_text_color__hover_enabled=&#8221;off&#8221; button_one_text_color__hover_enabled=&#8221;off&#8221; button_two_text_color__hover_enabled=&#8221;off&#8221; button_border_width__hover_enabled=&#8221;off&#8221; button_one_border_width__hover_enabled=&#8221;off&#8221; button_two_border_width__hover_enabled=&#8221;off&#8221; button_border_color__hover_enabled=&#8221;off&#8221; button_one_border_color__hover_enabled=&#8221;off&#8221; button_two_border_color__hover_enabled=&#8221;off&#8221; button_border_radius__hover_enabled=&#8221;off&#8221; button_one_border_radius__hover_enabled=&#8221;off&#8221; button_two_border_radius__hover_enabled=&#8221;off&#8221; button_letter_spacing__hover_enabled=&#8221;off&#8221; button_one_letter_spacing__hover_enabled=&#8221;off&#8221; button_two_letter_spacing__hover_enabled=&#8221;off&#8221; button_bg_color__hover_enabled=&#8221;off&#8221; button_one_bg_color__hover_enabled=&#8221;off&#8221; button_two_bg_color__hover_enabled=&#8221;off&#8221; sticky_transition=&#8221;on&#8221;]<span style=\"color: #ff0000;\">Ultimaker S5, optimize your workflows<\/span><\/p>\n<p><span style=\"color: #ffff00;\"><strong><\/strong><\/span>[\/et_pb_slide][et_pb_slide heading=&#8221;Off 20% for 3D Printer TIERTIME UP BOX + and UP Mini 2 &#8221; _builder_version=&#8221;4.16&#8243; background_color=&#8221;#ffffff&#8221; background_image=&#8221;https:\/\/en.in3ds.com\/wp-content\/uploads\/2018\/09\/Chuong_trinh_khuyen_mai_thang_9_may_in_3d_UP_Box.jpg&#8221; background_layout=&#8221;light&#8221; global_colors_info=&#8221;{}&#8221; button_text_size__hover_enabled=&#8221;off&#8221; button_one_text_size__hover_enabled=&#8221;off&#8221; button_two_text_size__hover_enabled=&#8221;off&#8221; button_text_color__hover_enabled=&#8221;off&#8221; button_one_text_color__hover_enabled=&#8221;off&#8221; button_two_text_color__hover_enabled=&#8221;off&#8221; button_border_width__hover_enabled=&#8221;off&#8221; button_one_border_width__hover_enabled=&#8221;off&#8221; button_two_border_width__hover_enabled=&#8221;off&#8221; button_border_color__hover_enabled=&#8221;off&#8221; button_one_border_color__hover_enabled=&#8221;off&#8221; button_two_border_color__hover_enabled=&#8221;off&#8221; button_border_radius__hover_enabled=&#8221;off&#8221; button_one_border_radius__hover_enabled=&#8221;off&#8221; button_two_border_radius__hover_enabled=&#8221;off&#8221; button_letter_spacing__hover_enabled=&#8221;off&#8221; button_one_letter_spacing__hover_enabled=&#8221;off&#8221; button_two_letter_spacing__hover_enabled=&#8221;off&#8221; button_bg_color__hover_enabled=&#8221;off&#8221; button_one_bg_color__hover_enabled=&#8221;off&#8221; button_two_bg_color__hover_enabled=&#8221;off&#8221; sticky_transition=&#8221;on&#8221;]<span style=\"color: #ff6600;\"><\/span>[\/et_pb_slide][\/et_pb_fullwidth_slider][\/et_pb_section][et_pb_section fb_built=&#8221;1&#8243; fullwidth=&#8221;on&#8221; disabled_on=&#8221;on|on|on&#8221; _builder_version=&#8221;4.16&#8243; custom_padding=&#8221;0px||0px|&#8221; global_colors_info=&#8221;{}&#8221;][et_pb_fullwidth_code _builder_version=&#8221;4.16&#8243; global_colors_info=&#8221;{}&#8221;][\/et_pb_fullwidth_code][\/et_pb_section][et_pb_section fb_built=&#8221;1&#8243; _builder_version=&#8221;4.16&#8243; global_colors_info=&#8221;{}&#8221;][et_pb_row _builder_version=&#8221;4.16&#8243; global_colors_info=&#8221;{}&#8221;][et_pb_column type=&#8221;4_4&#8243; _builder_version=&#8221;4.16&#8243; custom_padding=&#8221;|||&#8221; global_colors_info=&#8221;{}&#8221; custom_padding__hover=&#8221;|||&#8221;][et_pb_video src=&#8221;https:\/\/www.youtube.com\/watch?v=DsNsiYHanqw&#8221; _builder_version=&#8221;4.16&#8243; global_colors_info=&#8221;{}&#8221;][\/et_pb_video][\/et_pb_column][\/et_pb_row][\/et_pb_section][et_pb_section fb_built=&#8221;1&#8243; _builder_version=&#8221;4.16&#8243; global_colors_info=&#8221;{}&#8221;][et_pb_row column_structure=&#8221;1_3,1_3,1_3&#8243; _builder_version=&#8221;4.16&#8243; background_size=&#8221;initial&#8221; background_position=&#8221;top_left&#8221; background_repeat=&#8221;repeat&#8221; global_colors_info=&#8221;{}&#8221;][et_pb_column type=&#8221;1_3&#8243; _builder_version=&#8221;4.16&#8243; custom_padding=&#8221;|||&#8221; global_colors_info=&#8221;{}&#8221; custom_padding__hover=&#8221;|||&#8221;][et_pb_blurb title=&#8221;Support&#8221; image=&#8221;https:\/\/in3ds.com\/wp-content\/uploads\/2018\/01\/IC-V.png&#8221; alt=&#8221;M\u00e1y in 3D h\u01b0\u1edbng d\u1eabn s\u1eed d\u1ee5ng.&#8221; image_icon_width=&#8221;none&#8221; _builder_version=&#8221;4.16&#8243; background_size=&#8221;initial&#8221; background_position=&#8221;top_left&#8221; background_repeat=&#8221;repeat&#8221; text_orientation=&#8221;center&#8221; image_max_width=&#8221;none&#8221; global_colors_info=&#8221;{}&#8221;]<span style=\"color: #222;\">Our qualificated employees will support you from consulting to chose the suitable printer and maintain, reparing of the machine<\/span>[\/et_pb_blurb][\/et_pb_column][et_pb_column type=&#8221;1_3&#8243; _builder_version=&#8221;4.16&#8243; custom_padding=&#8221;|||&#8221; global_colors_info=&#8221;{}&#8221; custom_padding__hover=&#8221;|||&#8221;][et_pb_blurb title=&#8221;Quality&#8221; image=&#8221;https:\/\/in3ds.com\/wp-content\/uploads\/2018\/01\/IC-LIKE.png&#8221; alt=&#8221;M\u00e1y in 3D ch\u1ea5t l\u01b0\u1ee3ng.&#8221; image_icon_width=&#8221;none&#8221; _builder_version=&#8221;4.16&#8243; background_size=&#8221;initial&#8221; background_position=&#8221;top_left&#8221; background_repeat=&#8221;repeat&#8221; text_orientation=&#8221;center&#8221; image_max_width=&#8221;none&#8221; global_colors_info=&#8221;{}&#8221;]<span style=\"color: #222;\">All of our 3d printers are passed the quality controll before we deliver them to customers<\/span>[\/et_pb_blurb][\/et_pb_column][et_pb_column type=&#8221;1_3&#8243; _builder_version=&#8221;4.16&#8243; custom_padding=&#8221;|||&#8221; global_colors_info=&#8221;{}&#8221; custom_padding__hover=&#8221;|||&#8221;][et_pb_blurb title=&#8221;Pasion&#8221; image=&#8221;https:\/\/in3ds.com\/wp-content\/uploads\/2018\/01\/ic-TIM.png&#8221; alt=&#8221;M\u00e1y in 3D nhi\u1ec7t t\u00ecnh t\u01b0 v\u1ea5n&#8221; image_icon_width=&#8221;none&#8221; _builder_version=&#8221;4.16&#8243; background_size=&#8221;initial&#8221; background_position=&#8221;top_left&#8221; background_repeat=&#8221;repeat&#8221; text_orientation=&#8221;center&#8221; image_max_width=&#8221;none&#8221; global_colors_info=&#8221;{}&#8221;]<span style=\"color: #222;\">Our pasion with 3d printers will give you the quality products. Knowledge about many brands on the market<\/span>[\/et_pb_blurb][\/et_pb_column][\/et_pb_row][et_pb_row column_structure=&#8221;1_3,1_3,1_3&#8243; _builder_version=&#8221;4.16&#8243; background_size=&#8221;initial&#8221; background_position=&#8221;top_left&#8221; background_repeat=&#8221;repeat&#8221; global_colors_info=&#8221;{}&#8221;][et_pb_column type=&#8221;1_3&#8243; _builder_version=&#8221;4.16&#8243; custom_padding=&#8221;|||&#8221; global_colors_info=&#8221;{}&#8221; custom_padding__hover=&#8221;|||&#8221;][et_pb_blurb title=&#8221;Warranty&#8221; image=&#8221;https:\/\/in3ds.com\/wp-content\/uploads\/2018\/01\/SETTING.png&#8221; alt=&#8221;M\u00e1y in 3D b\u1ea3o h\u00e0nh t\u1ea1i vi\u1ec7t nam.&#8221; image_icon_width=&#8221;none&#8221; _builder_version=&#8221;4.16&#8243; background_size=&#8221;initial&#8221; background_position=&#8221;top_left&#8221; background_repeat=&#8221;repeat&#8221; text_orientation=&#8221;center&#8221; image_max_width=&#8221;none&#8221; global_colors_info=&#8221;{}&#8221;]<span style=\"color: #222;\">We support warranty for our products. The process for warranty is so easy.<\/span>[\/et_pb_blurb][\/et_pb_column][et_pb_column type=&#8221;1_3&#8243; _builder_version=&#8221;4.16&#8243; custom_padding=&#8221;|||&#8221; global_colors_info=&#8221;{}&#8221; custom_padding__hover=&#8221;|||&#8221;][et_pb_blurb title=&#8221;Spare part&#8221; image=&#8221;https:\/\/in3ds.com\/wp-content\/uploads\/2018\/01\/Sua-chua.png&#8221; alt=&#8221;M\u00e1y in 3D ph\u1ee5 ki\u1ec7n c\u00f3 s\u1eb5n t\u1ea1i Vi\u1ec7t nam.&#8221; image_icon_width=&#8221;none&#8221; _builder_version=&#8221;4.16&#8243; background_size=&#8221;initial&#8221; background_position=&#8221;top_left&#8221; background_repeat=&#8221;repeat&#8221; text_orientation=&#8221;center&#8221; image_max_width=&#8221;none&#8221; global_colors_info=&#8221;{}&#8221;]<span style=\"color: #222;\">Spare parts for 3d printer are usually in stock. There is no waiting for spare parts<\/span>[\/et_pb_blurb][\/et_pb_column][et_pb_column type=&#8221;1_3&#8243; _builder_version=&#8221;4.16&#8243; custom_padding=&#8221;|||&#8221; global_colors_info=&#8221;{}&#8221; custom_padding__hover=&#8221;|||&#8221;][et_pb_blurb title=&#8221;Hotline&#8221; image=&#8221;https:\/\/in3ds.com\/wp-content\/uploads\/2018\/01\/Call.png&#8221; alt=&#8221;M\u00e1y in 3D d\u1ecbch v\u1ee5 h\u1ed7 tr\u1ee3 t\u1eadn n\u01a1i.&#8221; image_icon_width=&#8221;none&#8221; _builder_version=&#8221;4.16&#8243; background_size=&#8221;initial&#8221; background_position=&#8221;top_left&#8221; background_repeat=&#8221;repeat&#8221; text_orientation=&#8221;center&#8221; image_max_width=&#8221;none&#8221; global_colors_info=&#8221;{}&#8221;]<span style=\"color: #222;\">Our hotline is alway available. Just take the phone and you can talk with us immediatly.<\/span>[\/et_pb_blurb][\/et_pb_column][\/et_pb_row][et_pb_row _builder_version=&#8221;4.16&#8243; global_colors_info=&#8221;{}&#8221;][et_pb_column type=&#8221;4_4&#8243; _builder_version=&#8221;4.16&#8243; custom_padding=&#8221;|||&#8221; global_colors_info=&#8221;{}&#8221; custom_padding__hover=&#8221;|||&#8221;][et_pb_text _builder_version=&#8221;4.16&#8243; global_colors_info=&#8221;{}&#8221;]<\/p>\n<hr>\n<h2>Our Partners<\/h2>\n<p>[\/et_pb_text][\/et_pb_column][\/et_pb_row][et_pb_row column_structure=&#8221;1_3,1_3,1_3&#8243; _builder_version=&#8221;4.19.5&#8243; _module_preset=&#8221;default&#8221; global_colors_info=&#8221;{}&#8221;][et_pb_column type=&#8221;1_3&#8243; _builder_version=&#8221;4.19.5&#8243; _module_preset=&#8221;default&#8221; global_colors_info=&#8221;{}&#8221;][et_pb_image src=&#8221;https:\/\/in3ds.com\/en\/wp-content\/uploads\/2018\/08\/ultimaker-logo.png&#8221; title_text=&#8221;ultimaker-logo&#8221; url=&#8221;https:\/\/ultimaker.com\/&#8221; url_new_window=&#8221;on&#8221; _builder_version=&#8221;4.19.5&#8243; _module_preset=&#8221;default&#8221; global_colors_info=&#8221;{}&#8221;][\/et_pb_image][\/et_pb_column][et_pb_column type=&#8221;1_3&#8243; _builder_version=&#8221;4.19.5&#8243; _module_preset=&#8221;default&#8221; global_colors_info=&#8221;{}&#8221;][et_pb_image src=&#8221;https:\/\/in3ds.com\/en\/wp-content\/uploads\/2018\/08\/tiertime-logo.png&#8221; title_text=&#8221;tiertime-logo&#8221; url=&#8221;https:\/\/www.tiertime.com\/&#8221; url_new_window=&#8221;on&#8221; _builder_version=&#8221;4.19.5&#8243; _module_preset=&#8221;default&#8221; global_colors_info=&#8221;{}&#8221;][\/et_pb_image][\/et_pb_column][et_pb_column type=&#8221;1_3&#8243; _builder_version=&#8221;4.19.5&#8243; _module_preset=&#8221;default&#8221; global_colors_info=&#8221;{}&#8221;][et_pb_image src=&#8221;https:\/\/in3ds.com\/en\/wp-content\/uploads\/2018\/08\/septillion-logo.png&#8221; title_text=&#8221;septillion-logo&#8221; url=&#8221;https:\/\/www.septillion.co.th\/&#8221; url_new_window=&#8221;on&#8221; _builder_version=&#8221;4.19.5&#8243; _module_preset=&#8221;default&#8221; hover_enabled=&#8221;0&#8243; global_colors_info=&#8221;{}&#8221; sticky_enabled=&#8221;0&#8243;][\/et_pb_image][\/et_pb_column][\/et_pb_row][et_pb_row column_structure=&#8221;1_3,1_3,1_3&#8243; _builder_version=&#8221;4.19.5&#8243; _module_preset=&#8221;default&#8221; global_colors_info=&#8221;{}&#8221;][et_pb_column type=&#8221;1_3&#8243; _builder_version=&#8221;4.19.5&#8243; _module_preset=&#8221;default&#8221; global_colors_info=&#8221;{}&#8221;][et_pb_image src=&#8221;https:\/\/in3ds.com\/en\/wp-content\/uploads\/2018\/11\/sharebot_logo-225&#215;225.png&#8221; title_text=&#8221;sharebot_logo-225&#215;225&#8243; url=&#8221;https:\/\/www.sharebot.it\/&#8221; url_new_window=&#8221;on&#8221; _builder_version=&#8221;4.19.5&#8243; _module_preset=&#8221;default&#8221; hover_enabled=&#8221;0&#8243; global_colors_info=&#8221;{}&#8221; sticky_enabled=&#8221;0&#8243;][\/et_pb_image][\/et_pb_column][et_pb_column type=&#8221;1_3&#8243; _builder_version=&#8221;4.19.5&#8243; _module_preset=&#8221;default&#8221; global_colors_info=&#8221;{}&#8221;][et_pb_image src=&#8221;https:\/\/in3ds.com\/en\/wp-content\/uploads\/2018\/08\/shining3d-logo.png&#8221; title_text=&#8221;shining3d-logo&#8221; url=&#8221;https:\/\/www.shining3d.com\/&#8221; url_new_window=&#8221;on&#8221; _builder_version=&#8221;4.19.5&#8243; _module_preset=&#8221;default&#8221; hover_enabled=&#8221;0&#8243; global_colors_info=&#8221;{}&#8221; sticky_enabled=&#8221;0&#8243;][\/et_pb_image][\/et_pb_column][et_pb_column type=&#8221;1_3&#8243; _builder_version=&#8221;4.19.5&#8243; _module_preset=&#8221;default&#8221; global_colors_info=&#8221;{}&#8221;][et_pb_image src=&#8221;https:\/\/in3ds.com\/en\/wp-content\/uploads\/2023\/03\/ome7ca4n54m6t2x6m184jb6iccta3e6t.png&#8221; title_text=&#8221;ome7ca4n54m6t2x6m184jb6iccta3e6t&#8221; url=&#8221;https:\/\/www.eplus3d.com\/&#8221; url_new_window=&#8221;on&#8221; _builder_version=&#8221;4.19.5&#8243; _module_preset=&#8221;default&#8221; hover_enabled=&#8221;0&#8243; global_colors_info=&#8221;{}&#8221; sticky_enabled=&#8221;0&#8243;][\/et_pb_image][\/et_pb_column][\/et_pb_row][et_pb_row _builder_version=&#8221;4.16&#8243; global_colors_info=&#8221;{}&#8221; column_structure=&#8221;1_3,1_3,1_3&#8243;][et_pb_column type=&#8221;1_3&#8243; _builder_version=&#8221;4.16&#8243; custom_padding=&#8221;|||&#8221; global_colors_info=&#8221;{}&#8221; custom_padding__hover=&#8221;|||&#8221;][et_pb_text _builder_version=&#8221;4.16&#8243; global_colors_info=&#8221;{}&#8221;]<\/p>\n<div style=\"display: none;\">119346 s\u1ea3n ph\u1ea9m t\u00ecm th\u1ea5y trong M\u00e1y in 3D<br \/>\nS\u1eafp x\u1ebfp theo:<br \/>\nXem:<br \/>\nSOBUY 3D B\u00fat D\u00e2y T\u00f3c N\u1ea1p L\u1ea1i M\u00e1y in 3D , 1.75 m\u00e9t PLA C\u00f3 T\u1ed5ng C\u1ed9ng 20 M\u00e0u S\u1eafc Kh\u00e1c Nhau 3D In B\u00fat S\u1ee3i Ti\u1ebfp T\u1ebf Cho 3D In B\u00fat (M\u00e0u ng\u1eabu nhi\u00ean, 5 m)-qu\u1ed1c t\u1ebf<br \/>\n314.658 \u20ab<br \/>\n629.316 \u20ab-50%<br \/>\nTrung Qu\u1ed1c<br \/>\nM\u00e1y in 3D Prusa I3 E360_V1 (L\u1eafp R\u00e1p Ho\u00e0n Ch\u1ec9nh)<br \/>\n6.700.000 \u20ab<br \/>\n\u00c1p d\u1ee5ng tr\u1ea3 g\u00f3p<br \/>\n(3)<br \/>\nH\u00e0 N\u1ed9i<br \/>\nM\u00e1y In 3D &#8211; da Vinci miniMaker<br \/>\n6.500.000 \u20ab<br \/>\n11.800.000 \u20ab-45%<br \/>\nVi\u1ec7t Nam<br \/>\nXCSOURE 10 c\u00e1i 10 m M\u00f4 H\u00ecnh L\u1eadp Th\u1ec3 ABS D\u00e2y T\u00f3c Cho M\u00e1y in 3D V\u1ebd M\u00e1y In B\u00fat TH089-qu\u1ed1c t\u1ebf<br \/>\n258.000 \u20ab<br \/>\n516.000 \u20ab-50%<br \/>\n(1)<br \/>\nHong Kong SAR China<br \/>\nM\u00e1y kh\u1eafc phay kh\u1ed5 26 x 32 cm<br \/>\n4.900.000 \u20ab<br \/>\n\u00c1p d\u1ee5ng tr\u1ea3 g\u00f3p<br \/>\nH\u1ea3i Ph\u00f2ng<br \/>\n3D B\u1ed9 M\u00e1y in 3D RAMPS 1.4 MEGA2560 A4988 LCD 12864 B\u1ed9 \u0110i\u1ec1u Khi\u1ec3n Ban cho RepR-qu\u1ed1c t\u1ebf<br \/>\n602.000 \u20ab<br \/>\n1.204.000 \u20ab-50%<br \/>\n(1)<br \/>\nB\u00ecnh D\u01b0\u01a1ng<br \/>\nCu\u1ed9n nh\u1ef1a in 3D PLA 1 kg<br \/>\n230.000 \u20ab<br \/>\n300.000 \u20ab-23%<br \/>\nVi\u1ec7t Nam<br \/>\nM\u00e1y in 3D B\u1ed9 3 tr\u1ed1ng Canon 2900, HP 1010<br \/>\n50.000 \u20ab<br \/>\n95.000 \u20ab-47%<br \/>\n(13)<br \/>\nH\u00e0 N\u1ed9i<br \/>\nKhung m\u00e1y in 3D Prusa i3 Improved M\u00e1y in 3D ( To\u00e0n B\u1ed9 Ph\u1ea7n C\u01a1 Kh\u00ed )<br \/>\n2.100.000 \u20ab<br \/>\nVi\u1ec7t Nam<br \/>\n5 t\u00fai C\u01a1 Endstop C\u00f4ng T\u1eafc v\u1edbi D\u00e2y C\u00e1p cho M\u00e1y in 3D Makerbot Prusa Mendel RepRap CNC Arduino Mega 2560 1280- qu\u1ed1c t\u1ebf<br \/>\n122.000 \u20ab<br \/>\n183.000 \u20ab-33%<br \/>\nTrung Qu\u1ed1c<br \/>\nF20 3D M\u00e1y In B\u00fat L\u1eadp Th\u1ec3 Cho Th\u1ee7 C\u00f4ng V\u1ebd M\u00f4 H\u00ecnh In-qu\u1ed1c t\u1ebf<br \/>\n845.000 \u20ab<br \/>\nTrung Qu\u1ed1c<br \/>\nCombo Ty tr\u01b0\u1ee3t cho m\u00e1y in 3D<br \/>\n1.030.000 \u20ab<br \/>\nVi\u1ec7t Nam<br \/>\nM\u00e1y In 3D Delta Standard<br \/>\n6.800.000 \u20ab<br \/>\nVi\u1ec7t Nam<br \/>\nTr\u1ee5c cao su d\u00f9ng chung Canon, M\u00e1y in 3D HP<br \/>\n25.000 \u20ab<br \/>\n(1)<br \/>\nH\u00e0 N\u1ed9i<br \/>\nTr\u1ee5c t\u1eeb HP1100<br \/>\nTr\u1ee5c t\u1eeb HP1100<br \/>\n35.000 \u20ab<br \/>\nH\u00e0 N\u1ed9i<br \/>\n10Pcs 624ZZ Mini Metal Double Shielded Flanged M\u00e1y in 3D Ball Bearing For 3D Printer Parts &#8211; intl<br \/>\n113.000 \u20ab<br \/>\n156.000 \u20ab-28%<br \/>\nB\u00ecnh D\u01b0\u01a1ng<br \/>\n3D M\u00e1y In RAMPS 1.4 \u0110i\u1ec1u Khi\u1ec3n + MEGA2560 R3 + A4988 C\u00f3 T\u1ea3n Nhi\u1ec7t C\u00e1p USB D\u00e2y Nh\u1ea3y-intl<br \/>\n487.000 \u20ab<br \/>\n974.000 \u20ab-50%<br \/>\nTrung Qu\u1ed1c<br \/>\nM\u00e1y Kh\u1eafc CNC Laser Mini 2122-2W (T\u1ef1 l\u1eafp R\u00e1p)<br \/>\n4.990.000 \u20ab<br \/>\n\u00c1p d\u1ee5ng tr\u1ea3 g\u00f3p<br \/>\nH\u00e0 N\u1ed9i<br \/>\nG\u1ed1i \u0110\u1ee1 Tr\u1ee5c Tr\u01a1n SK8<br \/>\n25.000 \u20ab<br \/>\n40.000 \u20ab-38%<br \/>\nH\u00e0 N\u1ed9i<br \/>\nM\u00e1y In 3D Delta (T\u1ef1 L\u1eafp R\u00e1p)<br \/>\n6.300.000 \u20ab<br \/>\n\u00c1p d\u1ee5ng tr\u1ea3 g\u00f3p<br \/>\nH\u00e0 N\u1ed9i<br \/>\nDiagonal Empuje Rod L200 Magn\u00e9tico Pelota Joint Bola para Kossel M\u00e1y in 3D &#8211; intl<br \/>\n392.000 \u20ab<br \/>\n784.000 \u20ab-50%<br \/>\nTrung Qu\u1ed1c<br \/>\nKeo D\u00e1n Cho 3d M\u00e1y In Kh\u00f4ng \u0111\u1ed9c h\u1ea1i C\u00f3 Th\u1ec3 Gi\u1eb7t Ch\u1ed1ng Nghi\u00eang Thanh Keo cho 3D M\u00e1y In \u0110i\u1ec3m N\u00f3ng-qu\u1ed1c t\u1ebf<br \/>\n92.000 \u20ab<br \/>\n184.000 \u20ab-50%<br \/>\nTrung Qu\u1ed1c<br \/>\nExtruder Hotend Heater Block 20x20x13mm Aluminum MK10 Extruder Hotend Heater Block M7 Thread Heatbreak for 3D Printer -M\u00e1y in 3D intl<br \/>\n92.000 \u20ab<br \/>\n184.000 \u20ab-50%<br \/>\nTrung Qu\u1ed1c<br \/>\nTop 3d M\u00e1y In Thsl V\u00edt D\u1eabn \u0110\u01b0\u1eddng K\u00ednh 8 m\u00e9t \u0110\u01b0\u1eddng Ch\u1ec9 May 8 m\u00e9t V\u1edbi \u1ed0c \u0110\u1ed3ng 300 m\u00e9t-qu\u1ed1c t\u1ebf<br \/>\n137.000 \u20ab<br \/>\n274.000 \u20ab-50%<br \/>\nTrung Qu\u1ed1c<br \/>\n25 Colors 3D Filament Set 1.75mm PLA Filament 3D Printer Supplies Materials 5M each color &#8211; intl M\u00e1y in 3D<br \/>\n380.800 \u20ab<br \/>\n568.000 \u20ab-33%<br \/>\nTrung Qu\u1ed1c<br \/>\nMini 5M 3D Printer Filament 1.75mm 3mm ABS \/ PLA RepRap MarkerBot Doodle Sales Blue &#8211; intl<br \/>\n106.000 \u20ab<br \/>\n212.000 \u20ab-50%<br \/>\nTrung Qu\u1ed1c<br \/>\n10 c\u00e1i B\u00edch Bi 625ZZ 3D In Ph\u1ea7n R\u00e3nh S\u00e2u Flanged B\u00e1nh Xe (M\u00e0u X\u00e1m)-qu\u1ed1c t\u1ebf<br \/>\n89.000 \u20ab<br \/>\n169.000 \u20ab-47%<br \/>\nTrung Qu\u1ed1c<br \/>\n3D B\u00fat Trong 2nd GEN M\u00e0n H\u00ecnh Hi\u1ec3n Th\u1ecb \u0110\u00c8N LED M\u00e1y in 3D Truy\u1ec1n Ngh\u1ec1 Ng\u01b0\u1eddi M\u1eabu PLA D\u00e2y T\u00f3c Ngh\u1ec7 Thu\u1eadt v\u1ebd-qu\u1ed1c t\u1ebf<br \/>\n460.983 \u20ab<br \/>\n886.506 \u20ab-48%<br \/>\nTrung Qu\u1ed1c<br \/>\nSilicone Insulation Protective Socks Case for E3D-V6 Heater Aluminum Block &#8211; intl<br \/>\n105.000 \u20ab<br \/>\n158.000 \u20ab-34%<br \/>\nTrung Qu\u1ed1c<br \/>\n10 c\u00e1i GT2 20 t\/16 t 6 m\u00e9t R\u1ed9ng 5\/8 m\u00e9t C\u1ea5u T\u1ea1o R\u00f2ng R\u1ecdc Cho 3D M\u00e1y In -qu\u1ed1c t\u1ebf<br \/>\n147.000 \u20ab<br \/>\n294.000 \u20ab-50%<br \/>\nTrung Qu\u1ed1c<br \/>\nM\u00e1y in3D M\u00e1y In 30A L\u1edbn Hi\u1ec7n Nay S\u01b0\u1edfi Mini \u0110i\u1ec1u Khi\u1ec3n MKS MOSFET MOS M\u00f4 \u0110un Nhi\u1ec7t Gi\u01b0\u1eddng M\u00e1y \u0110\u00f9n-qu\u1ed1c t\u1ebf<br \/>\n158.000 \u20ab<br \/>\n316.000 \u20ab-50%<br \/>\nTrung Qu\u1ed1c<br \/>\nCon tr\u01b0\u1ee3t tr\u00f2n \u03a612<br \/>\n25.000 \u20ab<br \/>\n50.000 \u20ab-50%<br \/>\nH\u00e0 N\u1ed9i<br \/>\nG\u1ed1i \u0110\u1ee1 V\u00edt Me KFL08 c\u1ee7a M\u00e1y in 3D<br \/>\n62.000 \u20ab<br \/>\n80.000 \u20ab-23%<br \/>\nH\u00e0 N\u1ed9i<br \/>\nMKS GEN L V1.0 B\u1ed9 \u0110i\u1ec1u Khi\u1ec3n Ban 3D B\u1ed9 M\u00e1y In Mainboard Ramps1.4 Dual Gi\u00e0n Ph\u01a1i C\u1ea3m \u1ee8ng-qu\u1ed1c t\u1ebf<br \/>\n445.000 \u20ab<br \/>\n890.000 \u20ab-50%<br \/>\nTrung Qu\u1ed1c<br \/>\n405nm Xanh T\u00edm Than \u0110\u1ea7u Laser Ph\u1ea7n Focusable 1000 mw Kh\u1eafc Kh\u1eafc-qu\u1ed1c t\u1ebf<br \/>\n535.000 \u20ab<br \/>\n1.070.000 \u20ab-50%<br \/>\nTrung Qu\u1ed1c<br \/>\n4-lead Nema17 Stepper Motor 42 motor Nema 17 motor 42BYGH 40MM 1.7A (17HS4401) motor &#8211; intl<br \/>\n245.000 \u20ab<br \/>\n490.000 \u20ab-50%<br \/>\nTrung Qu\u1ed1c<br \/>\nChi ti\u1ebft v\u1ec1 Mini 5 m 3D M\u00e1y in 3D D\u00e2y T\u00f3c 1.75 m\u00e9t 3 m\u00e9t ABS\/PLA RepRap MarkerBot Doodle B\u00e1n H\u00e0ng V\u00e0ng -qu\u1ed1c t\u1ebf<br \/>\n104.000 \u20ab<br \/>\n208.000 \u20ab-50%<br \/>\nHong Kong SAR China<br \/>\nM\u00e1y Kh\u1eafc CNC Laser Mini 2122-2W (M\u00e1y l\u1eafp \u0111\u1eb7t ho\u00e0n ch\u1ec9nh)<br \/>\n5.600.000 \u20ab<br \/>\n\u00c1p d\u1ee5ng tr\u1ea3 g\u00f3p<br \/>\nH\u00e0 N\u1ed9i<br \/>\nC\u1ee5m tr\u1ed1ng 2385 cho Brother 2321D\/2361D\/2366DW\/2520D\/2701D\/2701DW<br \/>\n305.000 \u20ab<br \/>\n310.000 \u20ab-2%<br \/>\n(1)<br \/>\nH\u00e0 N\u1ed9i<br \/>\nYBC 5 m 20 M\u00e0u 3D B\u00fat D\u00e2y T\u00f3c PLA 1.75 m\u00e9t Nh\u1ef1a Cao Su cho M\u00e1y in 3D -qu\u1ed1c t\u1ebf<br \/>\n249.000 \u20ab<br \/>\n498.000 \u20ab-50%<br \/>\nTrung Qu\u1ed1c<br \/>\nDanh m\u1ee5c li\u00ean quan<br \/>\nM\u00e1y in 3D<br \/>\nTh\u01b0\u01a1ng hi\u1ec7u<br \/>\nXem th\u00eam<br \/>\nD\u1ecbch v\u1ee5<br \/>\n\u0110\u1ecba \u0111i\u1ec3m<br \/>\nGi\u00e1T\u1ed1i thi\u1ec3u<br \/>\nT\u1ed1i \u0111a<br \/>\n\u0110\u00e1nh gi\u00e1<br \/>\nTr\u1edf l\u00ean<br \/>\nLo\u1ea1i b\u1ea3o h\u00e0nh<br \/>\nNh\u00f3m m\u00e0u<br \/>\nXem th\u00eam<br \/>\nTh\u1eddi gian b\u1ea3o h\u00e0nh.<br \/>\nChi ti\u1ebft ngo\u00e0i ra d\u1ec5 d\u00e0ng nhu c\u1ea7u t\u1ea1o m\u1eabu nhanh 3d printer t\u1ed1t nh\u1ea5t d\u00f9ng trong l\u1eafp r\u00e1p c\u00f4ng ngh\u1ec7 in 3d kinh doanh cung c\u1ea5p ch\u1ea5t l\u01b0\u1ee3ng in \u0111\u00e2y l\u00e0. Mi\u1ec5n ph\u00ed ph\u00f9 h\u1ee3p v\u1edbi c\u00f4ng nghi\u1ec7p m\u00e1y in 3d reprap s\u00e1ng t\u1ea1o sinh vi\u00ean.<br \/>\nLinh ki\u1ec7n ho\u1ea1t \u0111\u1ed9ng thi\u1ebft b\u1ecb.<\/div>\n<p>[\/et_pb_text][et_pb_image src=&#8221;https:\/\/in3ds.com\/en\/wp-content\/uploads\/2023\/11\/rayshape_logo.png&#8221; _builder_version=&#8221;4.19.5&#8243; _module_preset=&#8221;default&#8221; title_text=&#8221;rayshape_logo&#8221; url=&#8221;https:\/\/www.rayshape3d.com\/&#8221; hover_enabled=&#8221;0&#8243; sticky_enabled=&#8221;0&#8243;][\/et_pb_image][\/et_pb_column][et_pb_column type=&#8221;1_3&#8243; _builder_version=&#8221;4.16&#8243; custom_padding=&#8221;|||&#8221; global_colors_info=&#8221;{}&#8221; custom_padding__hover=&#8221;|||&#8221;][\/et_pb_column][et_pb_column type=&#8221;1_3&#8243; _builder_version=&#8221;4.16&#8243; custom_padding=&#8221;|||&#8221; global_colors_info=&#8221;{}&#8221; custom_padding__hover=&#8221;|||&#8221;][\/et_pb_column][\/et_pb_row][\/et_pb_section]<\/p>\n","protected":false},"excerpt":{"rendered":"<p>Ultimaker S5, optimize your workflows Our qualificated employees will support you from consulting to chose the suitable printer and maintain, reparing of the machineAll of our 3d printers are passed the quality controll before we deliver them to customersOur pasion with 3d printers will give you the quality products. Knowledge about many brands on the [&hellip;]<\/p>\n","protected":false},"author":1,"featured_media":0,"parent":0,"menu_order":0,"comment_status":"closed","ping_status":"closed","template":"","meta":{"_et_pb_use_builder":"on","_et_pb_old_content":"","_et_gb_content_width":"","footnotes":""},"class_list":["post-2110","page","type-page","status-publish","hentry"],"_links":{"self":[{"href":"https:\/\/in3ds.com\/en\/wp-json\/wp\/v2\/pages\/2110"}],"collection":[{"href":"https:\/\/in3ds.com\/en\/wp-json\/wp\/v2\/pages"}],"about":[{"href":"https:\/\/in3ds.com\/en\/wp-json\/wp\/v2\/types\/page"}],"author":[{"embeddable":true,"href":"https:\/\/in3ds.com\/en\/wp-json\/wp\/v2\/users\/1"}],"replies":[{"embeddable":true,"href":"https:\/\/in3ds.com\/en\/wp-json\/wp\/v2\/comments?post=2110"}],"version-history":[{"count":20,"href":"https:\/\/in3ds.com\/en\/wp-json\/wp\/v2\/pages\/2110\/revisions"}],"predecessor-version":[{"id":2554,"href":"https:\/\/in3ds.com\/en\/wp-json\/wp\/v2\/pages\/2110\/revisions\/2554"}],"wp:attachment":[{"href":"https:\/\/in3ds.com\/en\/wp-json\/wp\/v2\/media?parent=2110"}],"curies":[{"name":"wp","href":"https:\/\/api.w.org\/{rel}","templated":true}]}}