{"id":1953,"date":"2018-11-24T09:44:10","date_gmt":"2018-11-24T09:44:10","guid":{"rendered":"https:\/\/in3ds.com\/?page_id=1953"},"modified":"2019-04-17T07:51:12","modified_gmt":"2019-04-17T07:51:12","slug":"3d-printer-large-format-sharebot-xxl-plus","status":"publish","type":"page","link":"https:\/\/in3ds.com\/en\/3d-printer-large-format-sharebot-xxl-plus\/","title":{"rendered":"3D Printer large format Sharebot XXL Plus"},"content":{"rendered":"\n<p>The biggest professional 3D printer High performance and precision with a unique printing volume <\/p>\n\n\n\n<div class=\"wp-block-image\"><figure class=\"aligncenter\"><img loading=\"lazy\" decoding=\"async\" width=\"998\" height=\"578\" src=\"https:\/\/en.in3ds.com\/wp-content\/uploads\/2018\/11\/Sharebot-XXL-Plus.png\" alt=\"Sharebot XXL Plus\" class=\"wp-image-1954\" srcset=\"https:\/\/in3ds.com\/en\/wp-content\/uploads\/2018\/11\/Sharebot-XXL-Plus.png 998w, https:\/\/in3ds.com\/en\/wp-content\/uploads\/2018\/11\/Sharebot-XXL-Plus-300x174.png 300w, https:\/\/in3ds.com\/en\/wp-content\/uploads\/2018\/11\/Sharebot-XXL-Plus-768x445.png 768w\" sizes=\"(max-width: 998px) 100vw, 998px\" \/><\/figure><\/div>\n\n\n\n<p>Sharebot XXL Plus is a professional 3D printer with a&nbsp;<strong>large building volume<\/strong>: it\u2019s the upgrade of the successful Sharebot XXL; like its parent, Sharebot XXL Plus uses the FFF (Fused Filament Fabrication) technology to build big size prototypes and models. XXL Plus has the same external dimensions of XXL and the same innovative design.&nbsp;<strong>The printing area is larger, 720 x 250 x 200 mm<\/strong>&nbsp;and it introduces a new&nbsp;<strong>heating system for the printing bed<\/strong>.<\/p>\n\n\n\n<p>The printer also has a&nbsp;<strong>new X and Y axes calibration system<\/strong>&nbsp;(the Y axis now has two independent engines) which allows to have a more&nbsp;<strong>precise printing process<\/strong>&nbsp;for high quality models and prototypes: this makes XXL Plus even more suitable for professional than its predecessor. Our technicians also added a new&nbsp;<strong>levelling system for the Z<\/strong>&nbsp;axis for a more stable process. Sharebot XXL Plus needs low maintenance and it\u2019s ready to print in just few minutes: throught the easy, intuitive and nice interface you\u2019ll be in&nbsp;<strong>full control<\/strong>&nbsp;of all the printing process with the possibily to adjust and motify all the printing setting set in the slicing software.<\/p>\n\n\n\n<p>The&nbsp;<strong>filament presence detector<\/strong>&nbsp;was renewed to give to all the professional users a better tool to&nbsp;<strong>optimize their printing process and their workflow<\/strong>. The detector allows to pause the process when the filament end, so that the user does not loose all his work that has already been printed. Sharebot XXL Plus also offers the possibility to print many new materials like the&nbsp;<strong>exclusive ABSolute\u00ae and Sharebot WOOD<\/strong>.<\/p>\n\n\n\n<p>&nbsp;&nbsp;<\/p>\n\n\n\n<h2 class=\"wp-block-heading\"><strong>Technical Details<\/strong><\/h2>\n\n\n\n<ul class=\"wp-block-list\"><li>Machine size: 955 X 470 X 445 mm \u2013 38kg<\/li><li>Building area: 705 X 250 X 200 mm<\/li><li>Resolution Z: 0,1 mm<\/li><\/ul>\n\n\n\n<h2 class=\"wp-block-heading\"><strong>Applications<\/strong><\/h2>\n\n\n\n<h3 class=\"wp-block-heading\">Design \u2013 3D project PLABS<\/h3>\n\n\n\n<div class=\"wp-block-image\"><figure class=\"aligncenter\"><img loading=\"lazy\" decoding=\"async\" width=\"748\" height=\"697\" src=\"https:\/\/en.in3ds.com\/wp-content\/uploads\/2018\/11\/Sharebot-XXL-Plus-1.png\" alt=\"Sharebot XXL Plus\" class=\"wp-image-1955\" srcset=\"https:\/\/in3ds.com\/en\/wp-content\/uploads\/2018\/11\/Sharebot-XXL-Plus-1.png 748w, https:\/\/in3ds.com\/en\/wp-content\/uploads\/2018\/11\/Sharebot-XXL-Plus-1-300x280.png 300w\" sizes=\"(max-width: 748px) 100vw, 748px\" \/><\/figure><\/div>\n\n\n\n<p>PLABS is a&nbsp;<strong>fully 3D printed stool<\/strong>&nbsp;which shows a new application for 3D printing in design field: the technology allows to realize the prototype but you can also realize a&nbsp;<strong>functional model<\/strong>&nbsp;dedicated to the market and that\u2019s completely&nbsp;<strong>customizable<\/strong>.<\/p>\n\n\n\n<p>The concept behind PLABS is very interesting: it shows&nbsp;<strong>how 3D printing could help designer to revolutionize their workflows<\/strong>, giving them professional tools dedicated to&nbsp;<strong>shape their ideas<\/strong>&nbsp;in just few hours. The technology allows to print an object, correct any error and print the final project, helping to save time and costs. Even&nbsp;<strong>the design process changes<\/strong>: designers can design even the strangest shapes, because 3D printing will realize them.<\/p>\n\n\n\n<h3 class=\"wp-block-heading\"><em> <\/em>Architecture<\/h3>\n\n\n\n<div class=\"wp-block-image\"><figure class=\"aligncenter\"><img loading=\"lazy\" decoding=\"async\" width=\"746\" height=\"394\" src=\"https:\/\/en.in3ds.com\/wp-content\/uploads\/2018\/11\/Sharebot-XXL-Plus-2.png\" alt=\"Sharebot XXL Plus\" class=\"wp-image-1956\" srcset=\"https:\/\/in3ds.com\/en\/wp-content\/uploads\/2018\/11\/Sharebot-XXL-Plus-2.png 746w, https:\/\/in3ds.com\/en\/wp-content\/uploads\/2018\/11\/Sharebot-XXL-Plus-2-300x158.png 300w\" sizes=\"(max-width: 746px) 100vw, 746px\" \/><\/figure><\/div>\n\n\n\n<p>Sharebot XXL Plus is a&nbsp;<strong>professional tool for architects<\/strong>&nbsp;who look for an&nbsp;<strong>advanced solution<\/strong>&nbsp;ready to be installed in their offices and workflows.<\/p>\n\n\n\n<p>XXL Plus offers a lot&nbsp;<strong>advantages<\/strong>&nbsp;to architects who wants to use 3D printing for their projects and mockups: it\u2019s easy to use,&nbsp;<strong>big printing size, high speed and great precision<\/strong>.<\/p>\n\n\n\n<h3 class=\"wp-block-heading\">Modeling<\/h3>\n\n\n\n<div class=\"wp-block-image\"><figure class=\"aligncenter\"><img loading=\"lazy\" decoding=\"async\" width=\"850\" height=\"850\" src=\"https:\/\/en.in3ds.com\/wp-content\/uploads\/2018\/11\/Sharebot-XXL-Plus-3.png\" alt=\"Sharebot XXL Plus\" class=\"wp-image-1957\" srcset=\"https:\/\/in3ds.com\/en\/wp-content\/uploads\/2018\/11\/Sharebot-XXL-Plus-3.png 850w, https:\/\/in3ds.com\/en\/wp-content\/uploads\/2018\/11\/Sharebot-XXL-Plus-3-150x150.png 150w, https:\/\/in3ds.com\/en\/wp-content\/uploads\/2018\/11\/Sharebot-XXL-Plus-3-300x300.png 300w, https:\/\/in3ds.com\/en\/wp-content\/uploads\/2018\/11\/Sharebot-XXL-Plus-3-768x768.png 768w, https:\/\/in3ds.com\/en\/wp-content\/uploads\/2018\/11\/Sharebot-XXL-Plus-3-440x440.png 440w\" sizes=\"(max-width: 850px) 100vw, 850px\" \/><\/figure><\/div>\n\n\n\n<p>Sharebot XXL Plus for&nbsp;<strong>professional modeling<\/strong>&nbsp;can be used to create&nbsp;<strong>prototypes and model for manufacturing<\/strong> that can be inserted in every professional workflow, help saving time and cost to produce models. All the models realized with Sharebot XXL Plus can be easily modified after the printing process.<\/p>\n\n\n\n<p><\/p>\n","protected":false},"excerpt":{"rendered":"<p>Sharebot XXL Plus l\u00e0 m\u1ed9t m\u00e1y in 3D chuy\u00ean nghi\u1ec7p v\u1edbi dung l\u01b0\u1ee3ng in l\u1edbn: \u0111\u00f3 l\u00e0 b\u1ea3n n\u00e2ng c\u1ea5p c\u1ee7a Sharebot XXL \u0111\u00e3 th\u00e0nh c\u00f4ng tr\u01b0\u1edbc \u0111\u00f3; gi\u1ed1ng nh\u01b0 ti\u1ec1n th\u00e2n c\u1ee7a n\u00f3..<\/p>\n","protected":false},"author":2,"featured_media":1954,"parent":0,"menu_order":0,"comment_status":"closed","ping_status":"closed","template":"","meta":{"_et_pb_use_builder":"","_et_pb_old_content":"","_et_gb_content_width":"","footnotes":""},"class_list":["post-1953","page","type-page","status-publish","has-post-thumbnail","hentry"],"_links":{"self":[{"href":"https:\/\/in3ds.com\/en\/wp-json\/wp\/v2\/pages\/1953"}],"collection":[{"href":"https:\/\/in3ds.com\/en\/wp-json\/wp\/v2\/pages"}],"about":[{"href":"https:\/\/in3ds.com\/en\/wp-json\/wp\/v2\/types\/page"}],"author":[{"embeddable":true,"href":"https:\/\/in3ds.com\/en\/wp-json\/wp\/v2\/users\/2"}],"replies":[{"embeddable":true,"href":"https:\/\/in3ds.com\/en\/wp-json\/wp\/v2\/comments?post=1953"}],"version-history":[{"count":9,"href":"https:\/\/in3ds.com\/en\/wp-json\/wp\/v2\/pages\/1953\/revisions"}],"predecessor-version":[{"id":2311,"href":"https:\/\/in3ds.com\/en\/wp-json\/wp\/v2\/pages\/1953\/revisions\/2311"}],"wp:featuredmedia":[{"embeddable":true,"href":"https:\/\/in3ds.com\/en\/wp-json\/wp\/v2\/media\/1954"}],"wp:attachment":[{"href":"https:\/\/in3ds.com\/en\/wp-json\/wp\/v2\/media?parent=1953"}],"curies":[{"name":"wp","href":"https:\/\/api.w.org\/{rel}","templated":true}]}}