{"id":1925,"date":"2018-11-24T09:05:44","date_gmt":"2018-11-24T09:05:44","guid":{"rendered":"https:\/\/in3ds.com\/?page_id=1925"},"modified":"2019-04-13T20:38:25","modified_gmt":"2019-04-13T20:38:25","slug":"3d-printer-sharebot-q-dual","status":"publish","type":"page","link":"https:\/\/in3ds.com\/en\/3d-printer-sharebot-q-dual\/","title":{"rendered":"3D Printer Sharebot Q Dual"},"content":{"rendered":"\n<p><\/p>\n\n\n\n<p>Sharebot&nbsp;Q&nbsp;Dual&nbsp;is&nbsp;a&nbsp;<strong>big size<\/strong>&nbsp;professional&nbsp;3D&nbsp;filament&nbsp;deposition&nbsp;printer with&nbsp;<strong>dual extrusion.<\/strong> Evolution of the Q, the Dual is a ready\u2013for\u2013industry double extruder 3d printer perfect for making products and prototypes of <strong>incredible&nbsp;quality<\/strong>, even with extremely complicated geometries. If <strong>both extruders are activated<\/strong> , its&nbsp;printing&nbsp;volume&nbsp;measures <strong>700&nbsp;x&nbsp;250&nbsp;x&nbsp;300&nbsp;mm<\/strong>, otherwise if only one extruder is activated, it\u2019s 700 x 270 x 300 mm. Our technology allows the <strong>control of each one of the extruders independently<\/strong>, this allows many different configurations. The printer is delivered with a <strong>0.4 mm extruder<\/strong> and&nbsp;one&nbsp;<strong>0.8 mm extruder<\/strong>. The&nbsp;standard&nbsp;profile&nbsp;support&nbsp;the&nbsp;use&nbsp;of&nbsp;the&nbsp;<strong>0.4&nbsp;mm&nbsp;extruder&nbsp;with&nbsp;PET<\/strong> and the <strong>0.8&nbsp;mm&nbsp;extruder&nbsp;with&nbsp;PLA<\/strong> to make the supports. This configuration allows you to realize <strong>outstanding&nbsp;prototypes<\/strong>&nbsp;and&nbsp;<strong>supports that can be easily removed,<\/strong>&nbsp;reducing&nbsp;printing&nbsp;time. The&nbsp;philosophy&nbsp;of&nbsp;Sharebot&nbsp;<strong>allows the users to change the extruders<\/strong> and use their own profiles. The expert user will have the <strong>opportunity to explore<\/strong> and realize the <strong>perfect solution for his projects<\/strong><\/p>\n\n\n\n<div class=\"wp-block-image\"><figure class=\"aligncenter\"><img loading=\"lazy\" decoding=\"async\" width=\"1000\" height=\"1000\" src=\"https:\/\/en.in3ds.com\/wp-content\/uploads\/2018\/11\/Sharebot-Q-Dual.png\" alt=\"Sharebot Q Dual\" class=\"wp-image-1927\" srcset=\"https:\/\/in3ds.com\/en\/wp-content\/uploads\/2018\/11\/Sharebot-Q-Dual.png 1000w, https:\/\/in3ds.com\/en\/wp-content\/uploads\/2018\/11\/Sharebot-Q-Dual-150x150.png 150w, https:\/\/in3ds.com\/en\/wp-content\/uploads\/2018\/11\/Sharebot-Q-Dual-300x300.png 300w, https:\/\/in3ds.com\/en\/wp-content\/uploads\/2018\/11\/Sharebot-Q-Dual-768x768.png 768w, https:\/\/in3ds.com\/en\/wp-content\/uploads\/2018\/11\/Sharebot-Q-Dual-440x440.png 440w\" sizes=\"(max-width: 1000px) 100vw, 1000px\" \/><figcaption>Sharebot Q Dual<\/figcaption><\/figure><\/div>\n\n\n\n<p><\/p>\n\n\n\n<h2 class=\"wp-block-heading\">Dual independent Extruder<\/h2>\n\n\n\n<p><em><strong>Extrude 1<\/strong><\/em><\/p>\n\n\n\n<ul class=\"wp-block-list\"><li>All metal air cooled;<\/li><li>Up to 450\u00b0C;<\/li><li>0,4 mm nozzle to maximize the XY resolution.<\/li><\/ul>\n\n\n\n<p><em><strong>Extrude 2<\/strong> <\/em><\/p>\n\n\n\n<ul class=\"wp-block-list\"><li>All metal air cooled;<\/li><li>Up to 450\u00b0C;<\/li><li>0,8 mm nozzle to maximize the printing speed.<\/li><\/ul>\n\n\n\n<p><\/p>\n\n\n\n<div class=\"wp-block-image\"><figure class=\"aligncenter\"><img loading=\"lazy\" decoding=\"async\" width=\"1000\" height=\"1000\" src=\"https:\/\/en.in3ds.com\/wp-content\/uploads\/2018\/11\/Sharebot-Q-Dual-1.png\" alt=\"Sharebot Q Dual\" class=\"wp-image-1928\" srcset=\"https:\/\/in3ds.com\/en\/wp-content\/uploads\/2018\/11\/Sharebot-Q-Dual-1.png 1000w, https:\/\/in3ds.com\/en\/wp-content\/uploads\/2018\/11\/Sharebot-Q-Dual-1-150x150.png 150w, https:\/\/in3ds.com\/en\/wp-content\/uploads\/2018\/11\/Sharebot-Q-Dual-1-300x300.png 300w, https:\/\/in3ds.com\/en\/wp-content\/uploads\/2018\/11\/Sharebot-Q-Dual-1-768x768.png 768w, https:\/\/in3ds.com\/en\/wp-content\/uploads\/2018\/11\/Sharebot-Q-Dual-1-440x440.png 440w\" sizes=\"(max-width: 1000px) 100vw, 1000px\" \/><figcaption>Example 1<\/figcaption><\/figure><\/div>\n\n\n\n<div class=\"wp-block-image\"><figure class=\"aligncenter\"><img loading=\"lazy\" decoding=\"async\" width=\"1000\" height=\"750\" src=\"https:\/\/en.in3ds.com\/wp-content\/uploads\/2018\/11\/Sharebot-Q-Dual-2.png\" alt=\"Sharebot Q Dual\" class=\"wp-image-1929\" srcset=\"https:\/\/in3ds.com\/en\/wp-content\/uploads\/2018\/11\/Sharebot-Q-Dual-2.png 1000w, https:\/\/in3ds.com\/en\/wp-content\/uploads\/2018\/11\/Sharebot-Q-Dual-2-300x225.png 300w, https:\/\/in3ds.com\/en\/wp-content\/uploads\/2018\/11\/Sharebot-Q-Dual-2-768x576.png 768w\" sizes=\"(max-width: 1000px) 100vw, 1000px\" \/><figcaption>Example 2<\/figcaption><\/figure><\/div>\n\n\n\n<h2 class=\"wp-block-heading\"><strong>Sharebot Q Dual: Technical Details<\/strong><\/h2>\n\n\n\n<h3 class=\"wp-block-heading\">Print Area<\/h3>\n\n\n\n<ul class=\"wp-block-list\"><li>Dual Exturder: 250 x 700 mm (h 300 m)<\/li><li>Single-Extruder: 270 x 700 mm (h 300 m)<\/li><\/ul>\n\n\n\n<h3 class=\"wp-block-heading\">Print Bed<\/h3>\n\n\n\n<ul class=\"wp-block-list\"><li>Heated up to 100\u00b0C<\/li><li>Easy Detach System (magnetic Pad) to easily remove parts<\/li><\/ul>\n\n\n\n<h3 class=\"wp-block-heading\">Connectivity<\/h3>\n\n\n\n<ul class=\"wp-block-list\"><li>2 USB ports + internal memory<\/li><li>LAN<\/li><li>Wi-Fi<\/li><li>Remote web management<\/li><li>Integrated Webcam<\/li><\/ul>\n\n\n\n<h3 class=\"wp-block-heading\">Automatic Controls<\/h3>\n\n\n\n<ul class=\"wp-block-list\"><li>Auto-Calibration of the Z axis with the visual representation of the printer bed<\/li><li>Auto-Calibration XY axis cart<\/li><li>Filament flow control for both extruders<\/li><\/ul>\n\n\n\n<h3 class=\"wp-block-heading\">Slicer<\/h3>\n\n\n\n<ul class=\"wp-block-list\"><li>Simplify3D<\/li><li>Continuum<\/li><\/ul>\n\n\n\n<p><\/p>\n","protected":false},"excerpt":{"rendered":"<p>Sharebot Q Dua l\u00e0 m\u00e1y in 3D chuy\u00ean nghi\u1ec7p phun k\u00e9p v\u00e0 dung t\u00edch l\u1edbn FFF cho c\u00e1c qu\u00e1 tr\u00ecnh in \u1ea5n nhanh h\u01a1n v\u00e0 t\u1ea1o m\u1eabu \u0111a nguy\u00ean li\u1ec7u<\/p>\n","protected":false},"author":2,"featured_media":1927,"parent":0,"menu_order":0,"comment_status":"closed","ping_status":"closed","template":"","meta":{"_et_pb_use_builder":"","_et_pb_old_content":"","_et_gb_content_width":"","footnotes":""},"class_list":["post-1925","page","type-page","status-publish","has-post-thumbnail","hentry"],"_links":{"self":[{"href":"https:\/\/in3ds.com\/en\/wp-json\/wp\/v2\/pages\/1925"}],"collection":[{"href":"https:\/\/in3ds.com\/en\/wp-json\/wp\/v2\/pages"}],"about":[{"href":"https:\/\/in3ds.com\/en\/wp-json\/wp\/v2\/types\/page"}],"author":[{"embeddable":true,"href":"https:\/\/in3ds.com\/en\/wp-json\/wp\/v2\/users\/2"}],"replies":[{"embeddable":true,"href":"https:\/\/in3ds.com\/en\/wp-json\/wp\/v2\/comments?post=1925"}],"version-history":[{"count":16,"href":"https:\/\/in3ds.com\/en\/wp-json\/wp\/v2\/pages\/1925\/revisions"}],"predecessor-version":[{"id":2214,"href":"https:\/\/in3ds.com\/en\/wp-json\/wp\/v2\/pages\/1925\/revisions\/2214"}],"wp:featuredmedia":[{"embeddable":true,"href":"https:\/\/in3ds.com\/en\/wp-json\/wp\/v2\/media\/1927"}],"wp:attachment":[{"href":"https:\/\/in3ds.com\/en\/wp-json\/wp\/v2\/media?parent=1925"}],"curies":[{"name":"wp","href":"https:\/\/api.w.org\/{rel}","templated":true}]}}