{"id":1911,"date":"2018-11-24T08:49:21","date_gmt":"2018-11-24T08:49:21","guid":{"rendered":"https:\/\/in3ds.com\/?page_id=1911"},"modified":"2019-04-17T09:50:52","modified_gmt":"2019-04-17T09:50:52","slug":"3d-printer-sla-sharebot-antares","status":"publish","type":"page","link":"https:\/\/in3ds.com\/en\/3d-printer-sla-sharebot-antares\/","title":{"rendered":"3D Printer SLA Sharebot Antares"},"content":{"rendered":"\n<p>Professional SLA 3D printer. The maximum precision and resolution with 15.000 cm3 of printing volume<\/p>\n\n\n\n<div class=\"wp-block-image\"><figure class=\"aligncenter\"><img loading=\"lazy\" decoding=\"async\" width=\"887\" height=\"913\" src=\"https:\/\/en.in3ds.com\/wp-content\/uploads\/2018\/11\/Sharebot-Antares-4.png\" alt=\"Sharebot Antares\" class=\"wp-image-1918\" srcset=\"https:\/\/in3ds.com\/en\/wp-content\/uploads\/2018\/11\/Sharebot-Antares-4.png 887w, https:\/\/in3ds.com\/en\/wp-content\/uploads\/2018\/11\/Sharebot-Antares-4-291x300.png 291w, https:\/\/in3ds.com\/en\/wp-content\/uploads\/2018\/11\/Sharebot-Antares-4-768x791.png 768w\" sizes=\"(max-width: 887px) 100vw, 887px\" \/><\/figure><\/div>\n\n\n\n<p>Sharebot Antares is&nbsp;<strong>SLA professional 3D printer<\/strong>&nbsp;that cures photosensitive resins with a&nbsp;<strong>UV laser<\/strong>. The printer is a professional working tool able to create big size models (250 x 250 x 250 mm) with the dedicated&nbsp;<strong>resins PR-S and PR-T<\/strong>&nbsp;at the highest&nbsp;<strong>precision and resolution<\/strong>.<\/p>\n\n\n\n<p>The printer can be used in every&nbsp;<strong>laboratory and research center<\/strong>&nbsp;and it is fully compatible with all the main&nbsp;<strong>slicing softwares<\/strong>&nbsp;(we suggest Kissslicer, Slic3r, Simplify3D and Cura). Like all the Sharebot\u2019s professional 3D printers, Antares is internet-ready and can be managed remotely (during the printing process).<\/p>\n\n\n\n<h2 class=\"wp-block-heading\"><em><strong>Technical Details<\/strong><\/em><\/h2>\n\n\n\n<ul class=\"wp-block-list\"><li>Building area: 250 x 250 x 250 mm<\/li><li>Resolution Z: maggiore 0,05 mm<\/li><li>Resolution X Y: +- 0,1 mm<\/li><\/ul>\n\n\n\n<h2 class=\"wp-block-heading\"><strong>Materials &amp; Applications<\/strong><\/h2>\n\n\n\n<h3 class=\"wp-block-heading\"><em><strong>PR-S<\/strong><\/em><\/h3>\n\n\n\n<p>The Sharebot PR-S is a very&nbsp;<strong>strong and low shrinkage resin<\/strong>; it can be printed with very high resolution features (<strong>50 \u03bcm<\/strong>) and it gives great results in terms of&nbsp;<strong>precision<\/strong> and surfaces smoothness. This product can be easily painted, sanded or machined for further finishing to improve its appearance without damaging the object.<\/p>\n\n\n\n<div class=\"wp-block-image\"><figure class=\"aligncenter\"><img loading=\"lazy\" decoding=\"async\" width=\"730\" height=\"526\" src=\"https:\/\/en.in3ds.com\/wp-content\/uploads\/2018\/11\/Sharebot-Antares-1-1.png\" alt=\"Sharebot Antares\" class=\"wp-image-1919\" srcset=\"https:\/\/in3ds.com\/en\/wp-content\/uploads\/2018\/11\/Sharebot-Antares-1-1.png 730w, https:\/\/in3ds.com\/en\/wp-content\/uploads\/2018\/11\/Sharebot-Antares-1-1-300x216.png 300w\" sizes=\"(max-width: 730px) 100vw, 730px\" \/><\/figure><\/div>\n\n\n\n<h3 class=\"wp-block-heading\">Rapid Prototyping<\/h3>\n\n\n\n<p>Big size engine made with Sharebot Antares and PR-S rigid resin to test internal dimensions and geometries of big size engine. It took about a half of a resin tank and 36 hours of printing process.<\/p>\n\n\n\n<div class=\"wp-block-image\"><figure class=\"aligncenter\"><img loading=\"lazy\" decoding=\"async\" width=\"698\" height=\"525\" src=\"https:\/\/en.in3ds.com\/wp-content\/uploads\/2018\/11\/Sharebot-Antares-2-1.png\" alt=\"Sharebot Antares\" class=\"wp-image-1920\" srcset=\"https:\/\/in3ds.com\/en\/wp-content\/uploads\/2018\/11\/Sharebot-Antares-2-1.png 698w, https:\/\/in3ds.com\/en\/wp-content\/uploads\/2018\/11\/Sharebot-Antares-2-1-300x226.png 300w\" sizes=\"(max-width: 698px) 100vw, 698px\" \/><\/figure><\/div>\n\n\n\n<h3 class=\"wp-block-heading\"><strong><em>PR-T<\/em><\/strong><\/h3>\n\n\n\n<div class=\"wp-block-image\"><figure class=\"aligncenter\"><img loading=\"lazy\" decoding=\"async\" width=\"709\" height=\"337\" src=\"https:\/\/en.in3ds.com\/wp-content\/uploads\/2018\/11\/Sharebot-Antares-3-1.png\" alt=\"Sharebot Antares\" class=\"wp-image-1921\" srcset=\"https:\/\/in3ds.com\/en\/wp-content\/uploads\/2018\/11\/Sharebot-Antares-3-1.png 709w, https:\/\/in3ds.com\/en\/wp-content\/uploads\/2018\/11\/Sharebot-Antares-3-1-300x143.png 300w\" sizes=\"(max-width: 709px) 100vw, 709px\" \/><\/figure><\/div>\n\n\n\n<p>PR-T is a very&nbsp;<strong>strong and tough photopolymer<\/strong>, and can be printed with very&nbsp;<strong>high resolution features (50 um)<\/strong>. PR-T also has outstanding&nbsp;<strong>compression strength<\/strong>. Ideal applications are for parts that&nbsp;<strong>require consistently strong and high resolution features&nbsp;<\/strong>and can be easily painted, sanded or machined for further&nbsp;<strong>finishing<\/strong>. Applicable industries for rapid prototyping with PT Tough include:<\/p>\n\n\n\n<ul class=\"wp-block-list\"><li><strong>Automotive<\/strong><\/li><li><strong>Aerospace<\/strong><\/li><li><strong>Consumer goods prototyping<\/strong><\/li><li><strong>Components and spare parts<\/strong><\/li><\/ul>\n\n\n\n<p><\/p>\n","protected":false},"excerpt":{"rendered":"<p>Sharebot Antares l\u00e0 m\u00e1y in 3D chuy\u00ean nghi\u1ec7p \u0111\u00e3 \u0111\u01b0\u1ee3c cam k\u1ebft m\u1ee9c \u0111\u1ed9 ch\u1ea5t l\u01b0\u1ee3ng\u00a0 c\u00f3 kh\u1ea3 n\u0103ng x\u1eed l\u00fd nh\u1ef1a quang b\u1eb1ng tia UV.<\/p>\n","protected":false},"author":2,"featured_media":1918,"parent":0,"menu_order":0,"comment_status":"closed","ping_status":"closed","template":"","meta":{"_et_pb_use_builder":"","_et_pb_old_content":"","_et_gb_content_width":"","footnotes":""},"class_list":["post-1911","page","type-page","status-publish","has-post-thumbnail","hentry"],"_links":{"self":[{"href":"https:\/\/in3ds.com\/en\/wp-json\/wp\/v2\/pages\/1911"}],"collection":[{"href":"https:\/\/in3ds.com\/en\/wp-json\/wp\/v2\/pages"}],"about":[{"href":"https:\/\/in3ds.com\/en\/wp-json\/wp\/v2\/types\/page"}],"author":[{"embeddable":true,"href":"https:\/\/in3ds.com\/en\/wp-json\/wp\/v2\/users\/2"}],"replies":[{"embeddable":true,"href":"https:\/\/in3ds.com\/en\/wp-json\/wp\/v2\/comments?post=1911"}],"version-history":[{"count":9,"href":"https:\/\/in3ds.com\/en\/wp-json\/wp\/v2\/pages\/1911\/revisions"}],"predecessor-version":[{"id":2313,"href":"https:\/\/in3ds.com\/en\/wp-json\/wp\/v2\/pages\/1911\/revisions\/2313"}],"wp:featuredmedia":[{"embeddable":true,"href":"https:\/\/in3ds.com\/en\/wp-json\/wp\/v2\/media\/1918"}],"wp:attachment":[{"href":"https:\/\/in3ds.com\/en\/wp-json\/wp\/v2\/media?parent=1911"}],"curies":[{"name":"wp","href":"https:\/\/api.w.org\/{rel}","templated":true}]}}