{"id":1885,"date":"2018-11-24T07:56:43","date_gmt":"2018-11-24T07:56:43","guid":{"rendered":"https:\/\/in3ds.com\/?page_id=1885"},"modified":"2019-04-04T14:05:25","modified_gmt":"2019-04-04T14:05:25","slug":"3d-printer-sharebot-kiwi-3d","status":"publish","type":"page","link":"https:\/\/in3ds.com\/en\/3d-printer-sharebot-kiwi-3d\/","title":{"rendered":"3D Printer Sharebot Kiwi 3D"},"content":{"rendered":"\n<p>Fast, precise and easy to use. The 3D printer for educational and schools<\/p>\n\n\n\n<div class=\"wp-block-image\"><figure class=\"aligncenter\"><img loading=\"lazy\" decoding=\"async\" width=\"1000\" height=\"1000\" src=\"https:\/\/en.in3ds.com\/wp-content\/uploads\/2018\/11\/Sharebot-Kiwi-3D.png\" alt=\"Sharebot Kiwi-3D\" class=\"wp-image-1889\" srcset=\"https:\/\/in3ds.com\/en\/wp-content\/uploads\/2018\/11\/Sharebot-Kiwi-3D.png 1000w, https:\/\/in3ds.com\/en\/wp-content\/uploads\/2018\/11\/Sharebot-Kiwi-3D-150x150.png 150w, https:\/\/in3ds.com\/en\/wp-content\/uploads\/2018\/11\/Sharebot-Kiwi-3D-300x300.png 300w, https:\/\/in3ds.com\/en\/wp-content\/uploads\/2018\/11\/Sharebot-Kiwi-3D-768x768.png 768w, https:\/\/in3ds.com\/en\/wp-content\/uploads\/2018\/11\/Sharebot-Kiwi-3D-440x440.png 440w\" sizes=\"(max-width: 1000px) 100vw, 1000px\" \/><\/figure><\/div>\n\n\n\n<p>Sharebot Kiwi-3D is a&nbsp;<strong>small, craft 3D printer dedicated to schools, students, hobbysts and young professionals<\/strong>&nbsp;who want to start working with 3D printing technology using a solid, rapid,&nbsp;<strong>easy to use<\/strong>&nbsp;and reliable tool with small size that can be used in every working environmet. The printer has also the tipical and elegant&nbsp;<strong>\u201cMade in Italy\u201d<\/strong>&nbsp;design.<\/p>\n\n\n\n<p>Sharebot Kiwi-3D is available from a starting price of \u20ac899 and it has a&nbsp;<strong>building area of 140x100x100 mm<\/strong>; it uses&nbsp;<strong>FFF (Fused Filament Fabrication) technology<\/strong>&nbsp;to realize functional objects, models and prototypes with great quality. Kiwi-3D comes from the Sharebot NG development and it has the aim to&nbsp;<strong>transform every desk in a personal creativity center<\/strong>.<\/p>\n\n\n\n<p>The printer has a&nbsp;<strong>LCD screen<\/strong>&nbsp;(with an easy to use control knob to scroll up and down the entire machine menu) which allows to control and manage the entire printing process, modifying parameters and settings, selecting the object you want to&nbsp;<strong>print directly from the SD card<\/strong>. It\u2019s also possible to work on printer settings during the printing process to improve the print quality.<\/p>\n\n\n\n<p>Kiwi-3D is optimized to print with&nbsp;<strong>PLA-S<\/strong>&nbsp;(a easy to use thermoplastic filament with good quality and definition); it has a&nbsp;<strong>0.4 mm nozzle<\/strong>&nbsp;while the&nbsp;<strong>minimum layer thickness is 0.1 mm<\/strong>&nbsp;to have the better resolution even on the smallest detail.<\/p>\n\n\n\n<h2 class=\"wp-block-heading\"><strong>Technical Details<\/strong><\/h2>\n\n\n\n<ul class=\"wp-block-list\"><li>Machine size: 310 x 350 x 330 mm<\/li><li>Building area: 140 x 100 x 100 \u001e<\/li><li>Resolution: 100 Micron<\/li><\/ul>\n\n\n\n<p><em>Supported filaments: PLA, TPURE (sh 98)<\/em><\/p>\n\n\n\n<h2 class=\"wp-block-heading\">The ultimate educational tools for students<\/h2>\n\n\n\n<p><strong>Educational<\/strong><\/p>\n\n\n\n<p>Sharebot desktop 3D printer&nbsp;<strong>Kiwi-3D<\/strong>&nbsp;is the&nbsp;<strong>perfect tool to start learning<\/strong>&nbsp;all the secrets of 3D printing and&nbsp;<strong>tranform every school desk in a personal creation center<\/strong>.<\/p>\n\n\n\n<p>The printer is based on Arduino motherboards and comes from the&nbsp;<em><strong>open philosophy<\/strong><\/em>, allowing to be used with all the most used slicing softwares:&nbsp;<strong>every printing setting can be modified<\/strong>&nbsp;to learn all the secrets of 3D printing or to use it as non-traditional, advanced and innovative educational tools for kids and young students.<\/p>\n\n\n\n<div class=\"wp-block-image\"><figure class=\"aligncenter\"><img loading=\"lazy\" decoding=\"async\" width=\"850\" height=\"850\" src=\"https:\/\/en.in3ds.com\/wp-content\/uploads\/2018\/11\/Sharebot-Kiwi-3D-1.png\" alt=\"Sharebot Kiwi-3D\" class=\"wp-image-1890\" srcset=\"https:\/\/in3ds.com\/en\/wp-content\/uploads\/2018\/11\/Sharebot-Kiwi-3D-1.png 850w, https:\/\/in3ds.com\/en\/wp-content\/uploads\/2018\/11\/Sharebot-Kiwi-3D-1-150x150.png 150w, https:\/\/in3ds.com\/en\/wp-content\/uploads\/2018\/11\/Sharebot-Kiwi-3D-1-300x300.png 300w, https:\/\/in3ds.com\/en\/wp-content\/uploads\/2018\/11\/Sharebot-Kiwi-3D-1-768x768.png 768w, https:\/\/in3ds.com\/en\/wp-content\/uploads\/2018\/11\/Sharebot-Kiwi-3D-1-440x440.png 440w\" sizes=\"(max-width: 850px) 100vw, 850px\" \/><\/figure><\/div>\n\n\n\n<p>Sharebot didactitcs has the aim to&nbsp;<strong>ease this learning process with lessons, videos, tutorials and demo<\/strong>. We want to help learning how to use 3D printing tools, how to&nbsp;<strong>develop<\/strong>&nbsp;new expertise so that everyone can be able to realize projects and design in the easiest way.<\/p>\n\n\n\n<p>Sharebot Academy is expecially focused on young kids and&nbsp;<strong>students<\/strong>, preparing them to the competition they\u2019ll find in the future and the tools they\u2019ll use in the&nbsp;<strong>Industry 4.0<\/strong>.<\/p>\n\n\n\n<p><strong>EDUino \u2013 3D printed robot to learn coding<\/strong><\/p>\n\n\n\n<p><strong>EDUino is a bug look like robot<\/strong>&nbsp;that can be&nbsp;<strong>completely 3D printed at school<\/strong>&nbsp;and, being based on&nbsp;<strong>Arduino&nbsp;<\/strong>technology, allows to learn the main principles of&nbsp;<strong>robotics and coding<\/strong>&nbsp;(with basic and advanced lessons) thanks to the integrated papaers attached with the FABsussidiario volume.<\/p>\n\n\n\n<p>The&nbsp;<strong>designs and files<\/strong>&nbsp;to print and build EDUino are already loaded inside the&nbsp;<strong>SD Card of the Sharebot KIWI-3D EDU<\/strong>. Students will also find the programming sketch. One the most exicing features of EDUino is about the fact that&nbsp;<strong>it\u2019s completely open<\/strong>: students and teachers can&nbsp;<strong>modifty<\/strong>&nbsp;the robot adding new features, sensors or changing the printed parts!<\/p>\n\n\n\n<div class=\"wp-block-image\"><figure class=\"aligncenter\"><img loading=\"lazy\" decoding=\"async\" width=\"850\" height=\"850\" src=\"https:\/\/en.in3ds.com\/wp-content\/uploads\/2018\/11\/Sharebot-Kiwi-3D-3.png\" alt=\"Sharebot Kiwi-3D\" class=\"wp-image-1892\" srcset=\"https:\/\/in3ds.com\/en\/wp-content\/uploads\/2018\/11\/Sharebot-Kiwi-3D-3.png 850w, https:\/\/in3ds.com\/en\/wp-content\/uploads\/2018\/11\/Sharebot-Kiwi-3D-3-150x150.png 150w, https:\/\/in3ds.com\/en\/wp-content\/uploads\/2018\/11\/Sharebot-Kiwi-3D-3-300x300.png 300w, https:\/\/in3ds.com\/en\/wp-content\/uploads\/2018\/11\/Sharebot-Kiwi-3D-3-768x768.png 768w, https:\/\/in3ds.com\/en\/wp-content\/uploads\/2018\/11\/Sharebot-Kiwi-3D-3-440x440.png 440w\" sizes=\"(max-width: 850px) 100vw, 850px\" \/><figcaption>Robot <strong>EDUino<\/strong><\/figcaption><\/figure><\/div>\n\n\n\n<h2 class=\"wp-block-heading\"><strong>Material<\/strong><\/h2>\n\n\n\n<p><em><strong>PLA-S<\/strong><\/em><\/p>\n\n\n\n<p>PLA\u2019s the most used 3D printing material, composed by a&nbsp;<strong>thermoplastic polymer derivated from corn<\/strong>&nbsp;and it\u2019s biodegradable. PLA\u2019s&nbsp;<strong>resistant and solid<\/strong>&nbsp;(avoiding the warping effect during the printing process)&nbsp;<strong>without retraction and deformation<\/strong>. Available in a lot of different colors, it doesn\u2019t release any smell and&nbsp;<strong>it can be extruded at lower temperatures<\/strong>&nbsp;than any other material without having to heat the printing bed.<\/p>\n\n\n\n<p><\/p>\n","protected":false},"excerpt":{"rendered":"<p>Sharebot Kiwi-3D l\u00e0 m\u1ed9t m\u00e1y in 3D th\u1ee7 c\u00f4ng d\u00e0nh ri\u00eang cho c\u00e1c tr\u01b0\u1eddng h\u1ecdc, \u0111\u1ed1i t\u01b0\u1ee3ng sinh vi\u00ean, ng\u01b0\u1eddi nghi\u1ec7p d\u01b0 hay th\u1eadm ch\u00ed c\u00e1c chuy\u00ean gia tr\u1ebb, nh\u1eefng ng\u01b0\u1eddi&#8230;<\/p>\n","protected":false},"author":2,"featured_media":1891,"parent":0,"menu_order":0,"comment_status":"closed","ping_status":"closed","template":"","meta":{"_et_pb_use_builder":"","_et_pb_old_content":"","_et_gb_content_width":"","footnotes":""},"class_list":["post-1885","page","type-page","status-publish","has-post-thumbnail","hentry"],"_links":{"self":[{"href":"https:\/\/in3ds.com\/en\/wp-json\/wp\/v2\/pages\/1885"}],"collection":[{"href":"https:\/\/in3ds.com\/en\/wp-json\/wp\/v2\/pages"}],"about":[{"href":"https:\/\/in3ds.com\/en\/wp-json\/wp\/v2\/types\/page"}],"author":[{"embeddable":true,"href":"https:\/\/in3ds.com\/en\/wp-json\/wp\/v2\/users\/2"}],"replies":[{"embeddable":true,"href":"https:\/\/in3ds.com\/en\/wp-json\/wp\/v2\/comments?post=1885"}],"version-history":[{"count":5,"href":"https:\/\/in3ds.com\/en\/wp-json\/wp\/v2\/pages\/1885\/revisions"}],"predecessor-version":[{"id":2232,"href":"https:\/\/in3ds.com\/en\/wp-json\/wp\/v2\/pages\/1885\/revisions\/2232"}],"wp:featuredmedia":[{"embeddable":true,"href":"https:\/\/in3ds.com\/en\/wp-json\/wp\/v2\/media\/1891"}],"wp:attachment":[{"href":"https:\/\/in3ds.com\/en\/wp-json\/wp\/v2\/media?parent=1885"}],"curies":[{"name":"wp","href":"https:\/\/api.w.org\/{rel}","templated":true}]}}