{"id":1540,"date":"2018-10-07T13:54:52","date_gmt":"2018-10-07T13:54:52","guid":{"rendered":"https:\/\/in3ds.com\/?page_id=1540"},"modified":"2019-04-17T09:59:06","modified_gmt":"2019-04-17T09:59:06","slug":"3d-printer-sls-shining3d-ep-c5050","status":"publish","type":"page","link":"https:\/\/in3ds.com\/en\/3d-printer-sls-shining3d-ep-c5050\/","title":{"rendered":"3D Printer SLS Shining3D EP-C5050"},"content":{"rendered":"\n<p><strong>EP-C5050<\/strong> adopts laser sintering technology, and uses resin sand and disappearable fired mold as moulding materials. Combined with casting technology, <strong>EP-C5050<\/strong> has large forming space and can rapidly cast the parts with complex structure, like engine cylinder block, cylinder head, turbine and impeller, etc.<\/p>\n\n\n\n<div class=\"wp-block-image\"><figure class=\"aligncenter\"><img loading=\"lazy\" decoding=\"async\" width=\"476\" height=\"298\" src=\"https:\/\/en.in3ds.com\/wp-content\/uploads\/2018\/10\/EP_C5050.jpg\" alt=\"M\u00e1y in 3D SLS EP-C5050 d\u00f9ng t\u1ea1o khu\u00f4n s\u00e1p v\u00e0 c\u00e1t.\" class=\"wp-image-1541\" srcset=\"https:\/\/in3ds.com\/en\/wp-content\/uploads\/2018\/10\/EP_C5050.jpg 476w, https:\/\/in3ds.com\/en\/wp-content\/uploads\/2018\/10\/EP_C5050-300x188.jpg 300w, https:\/\/in3ds.com\/en\/wp-content\/uploads\/2018\/10\/EP_C5050-400x250.jpg 400w\" sizes=\"(max-width: 476px) 100vw, 476px\" \/><figcaption>EP-C5050<\/figcaption><\/figure><\/div>\n\n\n\n<h2 class=\"wp-block-heading\"><strong>SPECIFICATION<\/strong><\/h2>\n\n\n\n<ul class=\"wp-block-list\"><li><strong>Material:<\/strong> PS, resin sand, TPU, etc.<\/li><li> <strong>Build Volume:<\/strong> 500 x 500 x 500 mm<\/li><li> <strong>Layer Thickness:<\/strong> 0.15 mm (0.04-0.3 mm to choose)<\/li><li> <strong>Build Accuracy:<\/strong> \u00b1 0.15 mm (part size\u2264100 mm), \u00b1 0.15% (part size \u2265100 mm)<\/li><li> <strong>Material Feed Mode:<\/strong> Automatic loading, Bi-directional powder feeding<\/li><li> <strong>Laser Power:<\/strong> CO2 laser, 55 w<\/li><li> <strong>Scanning System:<\/strong> Dynamic scanning focus<\/li><li> <strong>Scanning Speed:<\/strong> 6 m\/s ( max )<\/li><li> <strong>Control Software:<\/strong> Eplus 3D printing software<\/li><li> <strong>OS System Support:<\/strong> Windows 7<\/li><li> <strong>Power Supply:<\/strong> 380 v, 50 Hz, 3-phase<\/li><li> <strong>Output Data Format:<\/strong> STL or other convertible \ufb01le<\/li><li> <strong>Dimension:<\/strong> 1960 x 1300 x 2300 mm ( L x W x H )<\/li><li> <strong>Machine Weight:<\/strong> 1350 kg<\/li><li> <strong>Work Temperature:<\/strong> 15-30 \u2103<\/li><\/ul>\n\n\n\n<p><\/p>\n\n\n\n<p><strong>Large Forming Space<\/strong><\/p>\n\n\n\n<p>EP-C5050 rapid prototyping system can make the part with the size of 500mm*500mm*500mm, therefore, regular size parts can be made and subsequent aligning is no needed.<\/p>\n\n\n\n<p><strong>Reliable performance<\/strong><\/p>\n\n\n\n<p>EP-C5050 optimizes&nbsp;the round roll powder laying system with high stability, the yield is greatly improved.<\/p>\n\n\n\n<p><strong>Multiple functions<\/strong><\/p>\n\n\n\n<p>EP-C5050 can not only 3D print various kinds of plastic samples, but make wax mould and sand mould for casting. Perfectly combined with traditional foundry industry, EP-C5050 realizes the coremaking without using mould and greatly reduces the R&amp;D and trial-producing time for casting parts in different industries.<\/p>\n\n\n\n<p><strong>Powerful Material development ability<\/strong><\/p>\n\n\n\n<p>EP-C5050\u2019s sintering parameter has been hyalinized to realize users\u2019 R&amp;D requirements for new materials. Users can change for more kinds of powder and adjust the properties like strength, details and appearance, etc.<\/p>\n\n\n\n<hr class=\"wp-block-separator\"\/>\n\n\n\n<p><strong>Samples<\/strong><\/p>\n\n\n\n<p><\/p>\n\n\n\n<div class=\"wp-block-image\"><figure class=\"aligncenter\"><img loading=\"lazy\" decoding=\"async\" width=\"415\" height=\"300\" src=\"https:\/\/en.in3ds.com\/wp-content\/uploads\/2018\/10\/EP_C5050-1.jpg\" alt=\" EP-C5050\" class=\"wp-image-1542\" srcset=\"https:\/\/in3ds.com\/en\/wp-content\/uploads\/2018\/10\/EP_C5050-1.jpg 415w, https:\/\/in3ds.com\/en\/wp-content\/uploads\/2018\/10\/EP_C5050-1-300x217.jpg 300w\" sizes=\"(max-width: 415px) 100vw, 415px\" \/><\/figure><\/div>\n\n\n\n<div class=\"wp-block-image\"><figure class=\"aligncenter\"><img loading=\"lazy\" decoding=\"async\" width=\"415\" height=\"300\" src=\"https:\/\/en.in3ds.com\/wp-content\/uploads\/2018\/10\/EP_C5050-2.jpg\" alt=\" EP-C5050\" class=\"wp-image-1543\" srcset=\"https:\/\/in3ds.com\/en\/wp-content\/uploads\/2018\/10\/EP_C5050-2.jpg 415w, https:\/\/in3ds.com\/en\/wp-content\/uploads\/2018\/10\/EP_C5050-2-300x217.jpg 300w\" sizes=\"(max-width: 415px) 100vw, 415px\" \/><\/figure><\/div>\n\n\n\n<div class=\"wp-block-image\"><figure class=\"aligncenter\"><img loading=\"lazy\" decoding=\"async\" width=\"415\" height=\"300\" src=\"https:\/\/en.in3ds.com\/wp-content\/uploads\/2018\/10\/EP_C5050-3.jpg\" alt=\" EP-C5050\" class=\"wp-image-1544\" srcset=\"https:\/\/in3ds.com\/en\/wp-content\/uploads\/2018\/10\/EP_C5050-3.jpg 415w, https:\/\/in3ds.com\/en\/wp-content\/uploads\/2018\/10\/EP_C5050-3-300x217.jpg 300w\" sizes=\"(max-width: 415px) 100vw, 415px\" \/><\/figure><\/div>\n\n\n\n<div class=\"wp-block-image\"><figure class=\"aligncenter\"><img loading=\"lazy\" decoding=\"async\" width=\"317\" height=\"198\" src=\"https:\/\/en.in3ds.com\/wp-content\/uploads\/2018\/10\/EP-P3850-4.png\" alt=\"EP-P3850\" class=\"wp-image-1534\" srcset=\"https:\/\/in3ds.com\/en\/wp-content\/uploads\/2018\/10\/EP-P3850-4.png 317w, https:\/\/in3ds.com\/en\/wp-content\/uploads\/2018\/10\/EP-P3850-4-300x187.png 300w\" sizes=\"(max-width: 317px) 100vw, 317px\" \/><\/figure><\/div>\n\n\n\n<div class=\"wp-block-image\"><figure class=\"aligncenter\"><img loading=\"lazy\" decoding=\"async\" width=\"391\" height=\"158\" src=\"https:\/\/en.in3ds.com\/wp-content\/uploads\/2018\/10\/EP-P3850-5.png\" alt=\"EP-P3850\" class=\"wp-image-1535\" srcset=\"https:\/\/in3ds.com\/en\/wp-content\/uploads\/2018\/10\/EP-P3850-5.png 391w, https:\/\/in3ds.com\/en\/wp-content\/uploads\/2018\/10\/EP-P3850-5-300x121.png 300w\" sizes=\"(max-width: 391px) 100vw, 391px\" \/><\/figure><\/div>\n","protected":false},"excerpt":{"rendered":"<p>EP-C5050 adopts laser sintering technology, and uses resin sand and disappearable fired mold as moulding materials. Combined with casting technology, EP-C5050 has large forming space and can rapidly cast the parts with complex structure, like engine cylinder block, cylinder head, turbine and impeller, etc. SPECIFICATION Material: PS, resin sand, TPU, etc. Build Volume: 500 x [&hellip;]<\/p>\n","protected":false},"author":2,"featured_media":1541,"parent":0,"menu_order":0,"comment_status":"closed","ping_status":"closed","template":"","meta":{"_et_pb_use_builder":"","_et_pb_old_content":"","_et_gb_content_width":"","footnotes":""},"class_list":["post-1540","page","type-page","status-publish","has-post-thumbnail","hentry"],"_links":{"self":[{"href":"https:\/\/in3ds.com\/en\/wp-json\/wp\/v2\/pages\/1540"}],"collection":[{"href":"https:\/\/in3ds.com\/en\/wp-json\/wp\/v2\/pages"}],"about":[{"href":"https:\/\/in3ds.com\/en\/wp-json\/wp\/v2\/types\/page"}],"author":[{"embeddable":true,"href":"https:\/\/in3ds.com\/en\/wp-json\/wp\/v2\/users\/2"}],"replies":[{"embeddable":true,"href":"https:\/\/in3ds.com\/en\/wp-json\/wp\/v2\/comments?post=1540"}],"version-history":[{"count":7,"href":"https:\/\/in3ds.com\/en\/wp-json\/wp\/v2\/pages\/1540\/revisions"}],"predecessor-version":[{"id":2314,"href":"https:\/\/in3ds.com\/en\/wp-json\/wp\/v2\/pages\/1540\/revisions\/2314"}],"wp:featuredmedia":[{"embeddable":true,"href":"https:\/\/in3ds.com\/en\/wp-json\/wp\/v2\/media\/1541"}],"wp:attachment":[{"href":"https:\/\/in3ds.com\/en\/wp-json\/wp\/v2\/media?parent=1540"}],"curies":[{"name":"wp","href":"https:\/\/api.w.org\/{rel}","templated":true}]}}