{"id":1252,"date":"2018-08-18T08:57:53","date_gmt":"2018-08-18T08:57:53","guid":{"rendered":"https:\/\/in3ds.com\/?page_id=1252"},"modified":"2019-04-17T13:53:12","modified_gmt":"2019-04-17T13:53:12","slug":"fdm-3d-printer-tiertime-up-box-plus","status":"publish","type":"page","link":"https:\/\/in3ds.com\/en\/fdm-3d-printer-tiertime-up-box-plus\/","title":{"rendered":"FDM 3D Printer Tiertime UP BOX+"},"content":{"rendered":"<p>[et_pb_section fb_built=&#8221;1&#8243; custom_padding=&#8221;0px|||&#8221; admin_label=&#8221;section&#8221; _builder_version=&#8221;3.0.57&#8243;][et_pb_row custom_padding=&#8221;0px|||&#8221; admin_label=&#8221;row&#8221; _builder_version=&#8221;3.0.57&#8243; background_size=&#8221;initial&#8221; background_position=&#8221;top_left&#8221; background_repeat=&#8221;repeat&#8221;][et_pb_column type=&#8221;4_4&#8243; _builder_version=&#8221;3.0.47&#8243; parallax=&#8221;off&#8221; parallax_method=&#8221;on&#8221;][et_pb_video src=&#8221;https:\/\/www.youtube.com\/watch?v=QgTA9QPbbdM&#8221; _builder_version=&#8221;3.0.57&#8243;][\/et_pb_video][\/et_pb_column][\/et_pb_row][et_pb_row admin_label=&#8221;row&#8221; _builder_version=&#8221;3.0.47&#8243; background_size=&#8221;initial&#8221; background_position=&#8221;top_left&#8221; background_repeat=&#8221;repeat&#8221;][et_pb_column type=&#8221;4_4&#8243; _builder_version=&#8221;3.0.47&#8243; parallax=&#8221;off&#8221; parallax_method=&#8221;on&#8221;][et_pb_text admin_label=&#8221;Text&#8221; _builder_version=&#8221;3.0.57&#8243; background_size=&#8221;initial&#8221; background_position=&#8221;top_left&#8221; background_repeat=&#8221;repeat&#8221;]<\/p>\n<h2><b>\u00cdt r\u1eafc r\u1ed1i, n\u0103ng su\u1ea5t cao<\/b><\/h2>\n<p><strong><em>\u0110\u1ea3m b\u1ea3o Wi-fi<\/em><\/strong><\/p>\n<p><span style=\"font-weight: 400;\">K\u1ebft n\u1ed1i v\u00e0 ki\u1ec3m so\u00e1t UP BOX+ b\u1eb1ng b\u1ea5t k\u00ec m\u00e1y t\u00ednh n\u00e0o c\u00f3 kh\u1ea3 n\u0103ng truy c\u1eadp v\u00e0o wifi v\u00e0 \u1ee9ng d\u1ee5ng \u0111i\u1ec7n tho\u1ea1i s\u1eed d\u1ee5ng UP Studio ho\u1eb7c UP Studio Connect. S\u1eed d\u1ee5ng m\u1eadt kh\u1ea9u d\u00e0nh ri\u00eang cho m\u00e1y in h\u1ed7 tr\u1ee3 cho vi\u1ec7c b\u1ea3o m\u1eadt sau k\u1ebft n\u1ed1i khi\u1ebfn nh\u1eefng t\u00ean hackers ph\u1ea3i \u201cs\u1eadp b\u1eaby\u201d<\/span><\/p>\n<p><em><strong>Ph\u1ee5c h\u1ed3i sau khi b\u1ecb m\u1ea5t \u0111i\u1ec7n<\/strong><\/em><\/p>\n<p><span style=\"font-weight: 400;\">Trong tr\u01b0\u1eddng h\u1ee3p m\u00e1y UP BOX+ &nbsp;b\u1ecb m\u1ea5t \u0111i\u1ec7n, qu\u00e1 tr\u00ecnh in s\u1ebd \u0111\u01b0\u1ee3c t\u1ea1m d\u1eebng v\u00e0 th\u1eddi \u0111i\u1ec3m x\u1ea3y ra s\u1ef1 gi\u00e1n \u0111o\u1ea1n s\u1ebd \u0111\u01b0\u1ee3c ghi nh\u1edb. M\u1ed9t khi ngu\u1ed3n \u0111i\u1ec7n \u1ed5n \u0111\u1ecbnh tr\u1edf l\u1ea1i, qu\u00e1 tr\u00ecnh in s\u1ebd \u0111\u01b0\u1ee3c ti\u1ebfp t\u1ee5c v\u00e0 c\u00f4ng vi\u1ec7c \u0111\u01b0\u1ee3c ho\u00e0n th\u00e0nh nh\u01b0 ch\u01b0a c\u00f3 s\u1ef1 c\u1ed1 g\u00ec di\u1ec5n ra.<\/span><\/p>\n<p><em><strong>UP Studio<\/strong><\/em><\/p>\n<ul>\n<li><span style=\"font-weight: 400;\">M\u1ea1nh m\u1ebd, n\u1ed5i ti\u1ebfng v\u1ec1 s\u1ef1 \u0111\u01a1n gi\u1ea3n v\u00e0 kh\u1ea3 n\u0103ng s\u1eed d\u1ee5ng<\/span><\/li>\n<li><span style=\"font-weight: 400;\">C\u00f4ng ngh\u1ec7 h\u1ed7 tr\u1ee3 th\u00f4ng minh<\/span><\/li>\n<li><span style=\"font-weight: 400;\">B\u1ed9 hi\u1ec7u chu\u1ea9n \u0111\u01b0\u1ee3c ch\u1ea1y b\u1eb1ng ph\u1ea7n m\u1ec1m ho\u1eb7c t\u1ef1 \u0111\u1ed9ng<\/span><\/li>\n<li><span style=\"font-weight: 400;\">Ph\u00e1t hi\u1ec7n v\u00e0 ch\u1ec9nh s\u1eeda m\u1eabu in 3D b\u1ecb l\u1ed7i.<\/span><\/li>\n<li><span style=\"font-weight: 400;\">Gi\u00e1 \u0111\u1ee1 m\u00e1y in t\u00f9y ch\u1ec9nh v\u00e0 \u0111\u01b0\u1ee3c c\u00e0i \u0111\u1eb7t v\u00f2i phun nhi\u1ec7t \u0111\u1ed9<\/span><\/li>\n<li><span style=\"font-weight: 400;\">Chuy\u1ec3n \u1ea3nh 2D sang 3D<\/span><\/li>\n<li><span style=\"font-weight: 400;\">T\u01b0\u01a1ng th\u00edch Windows 7 SP1 ho\u1eb7c MacOS X<\/span><\/li>\n<li><span style=\"font-weight: 400;\">Ch\u1ea5p nh\u1eadn nh\u1eefng \u0111\u1ecbnh d\u1ea1ng t\u1ec7p : &nbsp;.up3, .ups, .stl, .obj, .3mf, .ply, .off, .3ds, .gcode<\/span><\/li>\n<\/ul>\n<p><strong><em>UP Studio App<\/em><\/strong><\/p>\n<ul>\n<li><span style=\"font-weight: 400;\">Giao di\u1ec7n d\u1ec5 s\u1eed d\u1ee5ng<\/span><\/li>\n<li><span style=\"font-weight: 400;\">Thi\u1ebft k\u1ebf m\u1eabu m\u00e3 v\u1edbi kh\u1ed1i x\u00e2y d\u1ef1ng c\u01a1 b\u1ea3n c\u1ee7a Puzzle Mode<\/span><\/li>\n<li><span style=\"font-weight: 400;\">Chuy\u1ec3n \u1ea3nh 2D sang 3D<\/span><\/li>\n<li><span style=\"font-weight: 400;\">C\u00f3 l\u1ed1i truy c\u1eadp v\u00e0o Moshop<\/span><\/li>\n<li><span style=\"font-weight: 400;\">C\u1ed5ng in t\u1eeb Wi-fi<\/span><\/li>\n<li><span style=\"font-weight: 400;\">T\u01b0\u01a1ng th\u00edch iOS 8.x ho\u1eb7c cao h\u01a1n<\/span><\/li>\n<li><span style=\"font-weight: 400;\">Ch\u1ea5p nh\u1eadn \u0111\u1ecbnh d\u1ea1ng file : &nbsp;.up3, .ups, .stl<\/span><\/li>\n<\/ul>\n<h2><b> T\u00ednh n\u0103ng kh\u00e1c bi\u1ec7t<\/b><\/h2>\n<p><strong><em>Ch\u1ea5t l\u01b0\u1ee3ng in cao<\/em><\/strong><\/p>\n<p><span style=\"font-weight: 400;\">UP BOX+ c\u00f3 kh\u1ea3 n\u0103ng in \u1ea5n nh\u1eefng b\u1ea3n g\u1ed1c chi ti\u1ebft v\u00e0 nh\u1eefng ph\u1ea7n cu\u1ed1i c\u00f9ng b\u1eb1ng nh\u1eefng l\u1edbp si\u00eau nh\u1ecf c\u00f3 k\u00edch th\u01b0\u1edbc b\u1eb1ng 1 d\u00f2ng k\u1ebb v\u1edbi nhi\u1ec1u ch\u1ea5t li\u1ec7u kh\u00e1c nhau.<\/span><\/p>\n<p><img loading=\"lazy\" decoding=\"async\" class=\"aligncenter wp-image-1253\" src=\"https:\/\/en.in3ds.com\/wp-content\/uploads\/2018\/08\/up-box-plus.jpg\" alt=\"Up BOX+\" width=\"300\" height=\"199\" srcset=\"https:\/\/in3ds.com\/en\/wp-content\/uploads\/2018\/08\/up-box-plus.jpg 1014w, https:\/\/in3ds.com\/en\/wp-content\/uploads\/2018\/08\/up-box-plus-300x199.jpg 300w, https:\/\/in3ds.com\/en\/wp-content\/uploads\/2018\/08\/up-box-plus-768x510.jpg 768w\" sizes=\"(max-width: 300px) 100vw, 300px\" \/><\/p>\n<p><strong><em>Ph\u01b0\u01a1ng ph\u00e1p l\u1ecdc HEPA tu\u1ea7n ho\u00e0n b\u1eb1ng Carbon ho\u1ea1t t\u00ednh<\/em><\/strong><\/p>\n<p><span style=\"font-weight: 400;\">Ki\u1ec3m ch\u1ee9ng b\u1edfi The Built Environment Research Group \u1edf h\u1ecdc vi\u1ec7n c\u00f4ng ngh\u1ec7 Illinois, b\u1ed9 l\u1ecdc b\u1eb1ng h\u01a1i b\u00ean trong UP BOX+ ho\u00e0n to\u00e0n l\u00e0m gi\u1ea3m kh\u00ed th\u1ea3i t\u1eeb UFP ( h\u1ea1t si\u00eau m\u1ecbn) v\u00e0 VOC (h\u1ee3p ch\u1ea5t h\u1eefu c\u01a1 d\u1ec5 bay h\u01a1i) trong qu\u00e1 tr\u00ecnh in \u1ea5n, li\u00ean t\u1ee5c t\u00e1i ch\u1ebf kh\u00f4ng kh\u00ed trong bu\u1ed3ng in.<\/span><\/p>\n<p><img loading=\"lazy\" decoding=\"async\" class=\"aligncenter size-full wp-image-1254\" src=\"https:\/\/en.in3ds.com\/wp-content\/uploads\/2018\/08\/up-box-plus-1.png\" alt=\"Up BOX+\" width=\"300\" height=\"196\"><\/p>\n<p><em><strong>Bao b\u1ecdc to\u00e0n b\u1ed9<\/strong><\/em><\/p>\n<p><span style=\"font-weight: 400;\">Kh\u00f4ng kh\u00ed \u1ea5m \u0111\u01b0\u1ee3c gi\u1eef trong bu\u1ed3ng in, gi\u1ea3m thi\u1ec3u nguy c\u01a1 ABS &nbsp;b\u1ecb bi\u1ebfn d\u1ea1ng \u0111\u1ed3ng th\u1eddi c\u0169ng gi\u00fap ng\u0103n ng\u1eeba \u1ea3nh h\u01b0\u1edfng x\u1ea5u c\u1ee7a UFP v\u00e0 VOC \u0111\u1ebfn m\u00f4i tr\u01b0\u1eddng.<\/span><\/p>\n<p><img loading=\"lazy\" decoding=\"async\" class=\"aligncenter size-full wp-image-1255\" src=\"https:\/\/en.in3ds.com\/wp-content\/uploads\/2018\/08\/up-box-plus-2.png\" alt=\"Up BOX+\" width=\"300\" height=\"199\"><\/p>\n<p><em><strong>Ph\u1ea7n m\u1ec1m \u0111\u1eafc l\u1ef1c<\/strong><\/em><\/p>\n<p><span style=\"font-weight: 400;\">Gi\u1ea3i quy\u1ebft nh\u1eefng v\u1ea5n \u0111\u1ec1 g\u00e2y \u0111au \u0111\u1ea7u v\u1ec1 vi\u1ec7c c\u00e0i \u0111\u1eb7t m\u00e1y in. UP Studio v\u00e0 \u1ee9ng d\u1ee5ng UP \u0111\u01b0\u1ee3c t\u1ea1o chuy\u00ean bi\u1ec7t cho d\u00f2ng m\u00e1y in UP v\u00e0 cho ph\u00e9p ng\u01b0\u1eddi d\u00f9ng t\u1eadn d\u1ee5ng t\u1ed1i \u0111a c\u00e1c ch\u1ee9c n\u0103ng. B\u00e0y tr\u00ed b\u1ea3n in, \u0111i\u1ec1u ch\u1ec9nh s\u1ea3n ph\u1ea9m h\u1ed7 tr\u1ee3 th\u00f4ng minh, ch\u1ea5p nh\u1eadn \u0111a d\u1ea1ng c\u00e1c lo\u1ea1i \u0111\u1ecbnh d\u1ea1ng t\u1ec7p v\u00e0 th\u1ef1c hi\u1ec7n ti\u00eau chu\u1ea9n b\u1ea3o tr\u00ec, t\u1ea5t c\u1ea3 m\u1ecdi th\u1ee9 \u0111\u1ec1u n\u1eb1m tr\u00ean m\u1ed9t giao di\u1ec7n d\u1ec5 d\u00e0ng cho vi\u1ec7c s\u1eed d\u1ee5ng.<\/span><\/p>\n<p><img loading=\"lazy\" decoding=\"async\" class=\"aligncenter wp-image-1256\" src=\"https:\/\/en.in3ds.com\/wp-content\/uploads\/2018\/08\/up-box-plus-3.jpg\" alt=\"Up BOX+\" width=\"300\" height=\"199\" srcset=\"https:\/\/in3ds.com\/en\/wp-content\/uploads\/2018\/08\/up-box-plus-3.jpg 1014w, https:\/\/in3ds.com\/en\/wp-content\/uploads\/2018\/08\/up-box-plus-3-300x199.jpg 300w, https:\/\/in3ds.com\/en\/wp-content\/uploads\/2018\/08\/up-box-plus-3-768x510.jpg 768w\" sizes=\"(max-width: 300px) 100vw, 300px\" \/><\/p>\n<p><strong><em>\u0110a d\u1ea1ng h\u00f3a s\u1ef1 l\u1ef1a ch\u1ecdn v\u1eadt li\u1ec7u<\/em><\/strong><\/p>\n<p><span style=\"font-weight: 400;\">Nh\u1edd v\u00e0o v\u00f2i phun v\u00e0 n\u1ec1n t\u1ea3ng ki\u1ec3m so\u00e1t nhi\u1ec7t \u0111\u1ed9 truy\u1ec1n th\u1ed1ng c\u1ee7a UP Studio, UP BOX + c\u00f3 th\u1ec3 in b\u1eb1ng nhi\u1ec1u lo\u1ea1i s\u1ee3i in 3D kh\u00e1c nhau t\u00f9y theo y\u00eau c\u1ea7u c\u1ee7a b\u1ea1n, bao g\u1ed3m: ABS, PLA, h\u1ee3p ch\u1ea5t PLA, Polycarbonate, \u0111\u1ed3ng, , ni-l\u00f4ng, g\u1ed7, ASA, PET, v\u1eadt li\u1ec7u d\u1ebbo, s\u1ee3i carbon v\u00e0 h\u01a1n th\u1ebf n\u1eefa.<\/span><\/p>\n<p><img loading=\"lazy\" decoding=\"async\" class=\"aligncenter size-full wp-image-1257\" src=\"https:\/\/en.in3ds.com\/wp-content\/uploads\/2018\/08\/up-box-plus-4.jpg\" alt=\"Up BOX+\" width=\"300\" height=\"199\"><\/p>\n<p><em><strong>Bu\u1ed3ng m\u00e1y in l\u1edbn<\/strong><\/em><\/p>\n<p><span style=\"font-weight: 400;\">B\u1ea1n ao \u01b0\u1edbc c\u00f4ng ngh\u1ec7 in ABS kh\u1ed5ng l\u1ed3, kh\u00f4ng b\u1ecb bi\u1ebfn d\u1ea1ng? B\u1ea1n m\u1ec7t m\u1ecfi khi ph\u1ea3i c\u1eaft m\u1eabu v\u1eadt ra th\u00e0nh t\u1eebng m\u1ea3nh \u0111\u1ec3 in ri\u00eang, mong mu\u1ed1n c\u00f3 th\u1ec3 gh\u00e9p ch\u00fang l\u1ea1i ngay trong qu\u00e1 tr\u00ecnh h\u1eadu x\u1eed l\u00fd?<\/span><\/p>\n<p><span style=\"font-weight: 400;\">V\u1eady th\u00ec \u01b0\u1edbc m\u01a1 c\u1ee7a b\u1ea1n nay \u0111\u00e3 tr\u1edf th\u00e0nh s\u1ef1 th\u1eadt. B\u1ea1n kh\u00f4ng c\u1ea7n ph\u1ea3i c\u1ed1 g\u1eafng ph\u1ea3i s\u1eeda ch\u1eefa nh\u1eefng b\u1ea3n in kh\u1ed5 l\u1edbn v\u00ec \u0111\u00e3 c\u00f3 bu\u1ed3ng in 255 x 205 x 205 mm c\u1ee7a the BOX.<\/span><\/p>\n<p><img loading=\"lazy\" decoding=\"async\" class=\"aligncenter size-full wp-image-1258\" src=\"https:\/\/en.in3ds.com\/wp-content\/uploads\/2018\/08\/up-box-plus-5.jpg\" alt=\"Up BOX+\" width=\"300\" height=\"199\"><\/p>\n<p><strong><em>Ph\u00e1t hi\u1ec7n \u1ed1ng n\u1ed1i r\u1ed7ng<\/em><\/strong><\/p>\n<p><span style=\"font-weight: 400;\">Ng\u0103n ch\u1eb7n nh\u1eefng tr\u1ee5c tr\u1eb7c in \u1ea5n g\u00e2y ra b\u1edfi s\u1ef1 t\u00ednh to\u00e1n sai s\u1ed1 l\u01b0\u1ee3ng s\u1ee3i in 3D c\u00f2n l\u1ea1i. UP<\/span><span style=\"font-weight: 400;\">&nbsp;BOX+ bi\u1ebft \u0111\u01b0\u1ee3c khi n\u00e0o s\u1ee3i in 3D \u0111\u00e3 h\u1ebft v\u00e0 t\u1ea1m ng\u01b0ng in \u1ea5n cho \u0111\u1ebfn khi b\u1ea1n thay th\u1ebf \u1ed1ng ch\u1ec9 m\u1edbi.<\/span><\/p>\n<p><img loading=\"lazy\" decoding=\"async\" class=\"aligncenter size-full wp-image-1259\" src=\"https:\/\/en.in3ds.com\/wp-content\/uploads\/2018\/08\/up-box-plus-6.jpg\" alt=\"Up BOX+\" width=\"300\" height=\"199\"><\/p>\n<p><strong><em>B\u1ec1 m\u1eb7t in c\u00f3 kh\u1ea3 n\u0103ng ho\u00e1n \u0111\u1ed5i<\/em><\/strong><\/p>\n<p>Ch\u1ecdn b\u1ec1 m\u1eb7t in chu\u1ea9n v\u1edbi y\u00eau c\u1ea7u c\u1ee7a b\u1ea1n v\u00e0 d\u1ec5 d\u00e0ng \u0111\u1ed5i t\u1eeb c\u00e1i n\u00e0y sang c\u00e1i kh\u00e1c.<\/p>\n<p><span style=\"font-weight: 400;\">UP Perf \u2013 \u0110\u1ed9 d\u00ednh tuy\u1ec7t \u0111\u1ed1i c\u1ee7a l\u1edbp th\u1ee9 nh\u1ea5t<\/span><\/p>\n<p><span style=\"font-weight: 400;\">UP Flex \u2013 \u0110\u1ed9 d\u00ednh trung b\u00ecnh c\u1ee7a l\u1edbp th\u1ee9 nh\u1ea5t<\/span><\/p>\n<p><img loading=\"lazy\" decoding=\"async\" class=\"aligncenter size-full wp-image-1260\" src=\"https:\/\/en.in3ds.com\/wp-content\/uploads\/2018\/08\/up-box-plus-7.jpg\" alt=\"Up BOX+\" width=\"300\" height=\"199\"><\/p>\n<p>&nbsp;<\/p>\n<p><strong><em>Hi\u1ec7u chu\u1ea9n c\u00f3 n\u1ec1n t\u1ea3ng t\u1ef1 \u0111\u1ed9ng<\/em><\/strong><\/p>\n<p><span style=\"font-weight: 400;\">B\u1ea1n d\u00e0nh bao nhi\u00eau th\u1eddi gian cho vi\u1ec7c \u0111i\u1ec1u ch\u1ec9nh m\u1ee9c \u0111\u1ed9 gi\u00e1 in \u1edf m\u00e1y in hi\u1ec7n t\u1ea1i c\u1ee7a b\u1ea1n ? B\u1ed9 c\u1ea3m bi\u1ebfn v\u00e0 th\u0103m d\u00f2 \u0111i\u1ec7n t\u1eed c\u00f3 th\u1ec3 ph\u00e1t hi\u1ec7n \u0111\u01b0\u1ee3c chi\u1ec1u cao c\u1ee7a v\u00f2i phun v\u00e0 m\u1ee9c \u0111\u1ed9 c\u1ee7a gi\u00e1 \u0111\u1ee1 b\u1eb1ng chu\u1ed7i chu\u1ea9n h\u00f3a 9 \u0111i\u1ec3m, cho ph\u00e9p UP studio b\u00f9 \u0111\u1eafp l\u1ea1i nh\u1eefng thay \u0111\u1ed5i nh\u1ecf nh\u1ea5t \u1edf chi\u1ec1u cao b\u1ec1 m\u1eb7t in.<\/span><\/p>\n<p><img loading=\"lazy\" decoding=\"async\" class=\"aligncenter size-full wp-image-1261\" src=\"https:\/\/en.in3ds.com\/wp-content\/uploads\/2018\/08\/up-box-plus-8.jpg\" alt=\"Up BOX+\" width=\"300\" height=\"199\"><\/p>\n<h2><strong>Hi\u1ec7u su\u1ea5t lu\u00f4n \u0111\u01b0\u1ee3c c\u1ea3i ti\u1ebfn<\/strong><\/h2>\n<p><span style=\"font-weight: 400;\">D\u1ef1a tr\u00ean ngu\u1ed3n g\u1ed1c c\u00f4ng nghi\u1ec7p c\u1ee7a Tiertime, the UP BOX+ \u0111i k\u00e8m v\u1edbi s\u1ef1 xa x\u1ec9 m\u00e0 b\u1ea1n kh\u00f3 t\u00ecm \u0111\u01b0\u1ee3c \u1edf nh\u1eefng s\u1ea3n ph\u1ea9m kh\u00e1c c\u00f9ng gi\u00e1 th\u00e0nh. B\u1ed9 ph\u1eadn bao b\u1ecdc \u0111\u01b0\u1ee3c l\u00e0m n\u00f3ng gi\u00fap t\u1ea1o ra nhi\u1ec1u b\u1ea3n in ABS kh\u1ed5 l\u1edbn v\u1edbi r\u1ee7i ro b\u1ecb bi\u1ebfn d\u1ea1ng \u1edf m\u1ee9c th\u1ea5p nh\u1ea5t. Ph\u1ea7n m\u1ec1m v\u00e0 ch\u1ebf \u0111\u1ed9 \u0111i\u1ec1u ch\u1ec9nh \u0111\u1ed9 cao t\u1ef1 \u0111\u1ed9ng \u0111\u1ea3m b\u1ea3o vi\u1ec7c b\u1ea1n c\u00f3 th\u1ec3 d\u00e0nh th\u1eddi gian cho vi\u1ec7c in h\u01a1n thay v\u00ec ch\u1ec9nh s\u1eeda m\u00e1y in. So s\u00e1nh k\u00edch th\u01b0\u1edbc x\u00e2y d\u1ef1ng c\u1ee7a m\u00e1y, s\u1ef1 bao b\u1ecdc to\u00e0n th\u00e2n m\u00e1y v\u00e0 b\u1ed9 l\u1ecdc kh\u00f4ng kh\u00ed c\u1ee7a m\u00e1y v\u1edbi nh\u1eefng lo\u1ea1i m\u00e1y kh\u00e1c c\u00f9ng gi\u00e1, b\u1ea1n s\u1ebd c\u00f3 c\u00e2u tr\u1ea3 l\u1eddi cho vi\u1ec7c quy\u1ebft \u0111\u1ecbnh ch\u1ecdn mua lo\u1ea1i m\u00e1y n\u00e0o.<\/span><\/p>\n<p><span style=\"font-weight: 400;\"><\/span><\/p>\n<h2><b>B\u1ea3o h\u00e0nh 1 n\u0103m t\u1eeb nh\u00e0 s\u1ea3n xu\u1ea5t<\/b><\/h2>\n<p><span style=\"font-weight: 400;\">Y\u00ean t\u00e2m v\u00ec s\u1ef1 \u0111\u1ea7u t\u01b0 c\u1ee7a b\u1ea1n l\u00e0 an to\u00e0n. Tiertime b\u1ea3o h\u00e0nh t\u1ea5t c\u1ea3 lo\u1ea1i m\u00e1y UP v\u1edbi t\u00ecnh tr\u1ea1ng l\u1ed7i s\u1ea3n xu\u1ea5t trong v\u00f2ng 1 n\u0103m k\u1ec3 t\u1eeb ng\u00e0y mua.<\/span><\/p>\n<p><img loading=\"lazy\" decoding=\"async\" class=\"aligncenter wp-image-1246\" src=\"https:\/\/en.in3ds.com\/wp-content\/uploads\/2018\/08\/up-mini-2-10.png\" alt=\"up mini 2\" width=\"300\" height=\"300\" srcset=\"https:\/\/in3ds.com\/en\/wp-content\/uploads\/2018\/08\/up-mini-2-10.png 449w, https:\/\/in3ds.com\/en\/wp-content\/uploads\/2018\/08\/up-mini-2-10-150x150.png 150w, https:\/\/in3ds.com\/en\/wp-content\/uploads\/2018\/08\/up-mini-2-10-300x300.png 300w, https:\/\/in3ds.com\/en\/wp-content\/uploads\/2018\/08\/up-mini-2-10-440x440.png 440w\" sizes=\"(max-width: 300px) 100vw, 300px\" \/><\/p>\n<h2><b>Ph\u1ee5 ki\u1ec7n \u0111i k\u00e8m<\/b><\/h2>\n<ul>\n<li><span style=\"font-weight: 400;\">1 0.5 kg cu\u1ed9n UP Fila ABS<\/span><\/li>\n<li><span style=\"font-weight: 400;\">1 d\u1ee5ng c\u1ee5 l\u1ea5y m\u1eabu in ra kh\u1ecfi m\u1eb7t ph\u1eb3ng in<\/span><\/li>\n<li><span style=\"font-weight: 400;\">1 \u0111\u1ed3 c\u1eaft s\u1ee3i in 3D<\/span><\/li>\n<li><span style=\"font-weight: 400;\">1 c\u1eb7p g\u0103ng tay ch\u1ed1ng nhi\u1ec7t<\/span><\/li>\n<li><span style=\"font-weight: 400;\">2 b\u1ea3ng UP Perf , 2 b\u1ea3ng UP Flex<\/span><\/li>\n<li><span style=\"font-weight: 400;\">1 vi th\u1ebb nh\u1edb SD card v\u00e0 \u0111\u1ed3 \u0111\u1ecdc th\u1ebb nh\u1edb<\/span><\/li>\n<li><span style=\"font-weight: 400;\">2 v\u00f2i phun 0.4mm<\/span><\/li>\n<li><span style=\"font-weight: 400;\">1 v\u00f2i phun m\u1ecf l\u1ebfch<\/span><\/li>\n<li><span style=\"font-weight: 400;\">1 \u0111\u1ed3 b\u1ecdc \u1ed1ng cu\u1ed9n lo\u1ea1i 1kg<\/span><\/li>\n<li><span style=\"font-weight: 400;\">1 gi\u00e1 \u0111\u1ee1 \u1ed1ng cu\u1ed9n lo\u1ea1i 1 kg<\/span><\/li>\n<li><span style=\"font-weight: 400;\">2 k\u1eb9p b\u01b0\u1edbm<\/span><\/li>\n<li><span style=\"font-weight: 400;\">1 b\u1ea3ng hi\u1ec7u chu\u1ea9n<\/span><\/li>\n<\/ul>\n<p><img loading=\"lazy\" decoding=\"async\" class=\"aligncenter size-full wp-image-1263\" src=\"https:\/\/en.in3ds.com\/wp-content\/uploads\/2018\/08\/up-box-plus-10.png\" alt=\"up BOX+\" width=\"1014\" height=\"673\" srcset=\"https:\/\/in3ds.com\/en\/wp-content\/uploads\/2018\/08\/up-box-plus-10.png 1014w, https:\/\/in3ds.com\/en\/wp-content\/uploads\/2018\/08\/up-box-plus-10-300x199.png 300w, https:\/\/in3ds.com\/en\/wp-content\/uploads\/2018\/08\/up-box-plus-10-768x510.png 768w\" sizes=\"(max-width: 1014px) 100vw, 1014px\" \/><\/p>\n<h2><b><\/b><\/h2>\n<h2><b><\/b><\/h2>\n<h2><b>Th\u00f4ng s\u1ed1 k\u1ef9 thu\u1eadt<\/b><\/h2>\n<ul>\n<li><span style=\"font-weight: 400;\">C\u00f4ng ngh\u1ec7 in <\/span> <span style=\"font-weight: 400;\">MEM &nbsp;(t\u1ea1o h\u00ecnh b\u1eb1ng c\u00e1ch \u0111\u00f9n n\u00f3ng ch\u1ea3y)<\/span><\/li>\n<li><span style=\"font-weight: 400;\">K\u00edch Th\u01b0\u1edbc in:&nbsp;<\/span>&nbsp;<span style=\"font-weight: 400;\">25.5 x 20.5 x 20.5 cm &nbsp;(10\u2033 x 8\u2033 x 8\u2033)<\/span><\/li>\n<li><span style=\"font-weight: 400;\">Bu\u1ed3ng in :&nbsp; &nbsp; &nbsp; &nbsp;&nbsp;<\/span> <span style=\"font-weight: 400;\">\u0110\u01b0\u1ee3c l\u00e0m n\u00f3ng<\/span><\/li>\n<li><span style=\"font-weight: 400;\">Hi\u1ec7u chu\u1ea9n \u0111\u0129a in:&nbsp; &nbsp; &nbsp;&nbsp;<\/span> <span style=\"font-weight: 400;\">T\u1ef1 \u0111\u1ed9ng<\/span><\/li>\n<li><span style=\"font-weight: 400;\">B\u1ed9 l\u1ecdc kh\u00f4ng kh\u00ed:&nbsp; &nbsp; &nbsp; &nbsp; &nbsp;<\/span> <span style=\"font-weight: 400;\">HEPA v\u1edbi carbon ho\u1ea1t t\u00ednh<\/span><\/li>\n<li><span style=\"font-weight: 400;\">B\u1ec1 m\u1eb7t in:&nbsp; &nbsp; &nbsp; &nbsp;&nbsp;<\/span> <span style=\"font-weight: 400;\">UP Perf ho\u1eb7c UP Flex, \u0111\u01b0\u1ee3c l\u00e0m n\u00f3ng<\/span><\/li>\n<li><span style=\"font-weight: 400;\">\u0110\u1ed9 bao b\u1ecdc:&nbsp; &nbsp;&nbsp;<\/span> <span style=\"font-weight: 400;\">Tuy\u1ec7t \u0111\u1ed1i<\/span><\/li>\n<li><span style=\"font-weight: 400;\">\u0110\u1ed9 ph\u00e2n gi\u1ea3i l\u1edbp t\u1ed1i \u01b0u (\u0111\u1ed9 ch\u00ednh x\u00e1c):&nbsp; 100 microns<\/span><\/li>\n<li><span style=\"font-weight: 400;\">Ti\u1ebfp t\u1ee5c in khi c\u00f3 s\u1ef1 c\u1ed1 \u0111i\u1ec7n :&nbsp;<\/span>&nbsp;C<span style=\"font-weight: 400;\">\u00f3<\/span><\/li>\n<li><span style=\"font-weight: 400;\">Ph\u00e1t hi\u1ec7n s\u1ee3i in 3D b\u1ecb l\u1ec7ch:&nbsp;<\/span>&nbsp;C<span style=\"font-weight: 400;\">\u00f3<\/span><\/li>\n<li><span style=\"font-weight: 400;\">\u0110i\u1ec1u ch\u1ec9nh nhi\u1ec7t \u0111\u1ed9&nbsp;\u0110\u1ea7u in v\u00e0 \u0111\u0129a in:&nbsp; C\u00f3<\/span><\/li>\n<li><span style=\"font-weight: 400;\">\u0110\u01b0\u1eddng k\u00ednh s\u1ee3i in:&nbsp; &nbsp;<\/span> <span style=\"font-weight: 400;\">1.75 mm<\/span><\/li>\n<li><span style=\"font-weight: 400;\">V\u1eadt li\u1ec7u t\u01b0\u01a1ng th\u00edch:&nbsp;<\/span>&nbsp;<span style=\"font-weight: 400;\">ABS, ABS+, PLA, h\u1ee3p ch\u1ea5t PLA, v\u1eadt li\u1ec7u d\u1eabn \u0111i\u1ec7n, g\u1ed7, \u0111\u1ed3ng, v\u1eadt li\u1ec7u d\u1ebbo, ni l\u00f4ng, Polycarbonate, s\u1ee3i carbon, PET, ASA v\u00e0 h\u01a1n th\u1ebf n\u1eefa<\/span><\/li>\n<li><span style=\"font-weight: 400;\">Cu\u1ed9n s\u1ee3i in t\u01b0\u01a1ng th\u00edch:&nbsp; &nbsp; &nbsp; &nbsp;&nbsp;<\/span> <span style=\"font-weight: 400;\">500 g v\u00e0 1000 g<\/span><\/li>\n<li><span style=\"font-weight: 400;\">K\u1ebft n\u1ed1i:&nbsp; USB, Wi-Fi<\/span><\/li>\n<li><span style=\"font-weight: 400;\">Ph\u1ea7n m\u1ec1m:&nbsp; &nbsp; &nbsp;&nbsp;<\/span> <span style=\"font-weight: 400;\">UP Studio, UP Studio App<\/span><\/li>\n<li><span style=\"font-weight: 400;\">Ph\u1ea7n m\u1ec1m t\u01b0\u01a1ng th\u00edch:&nbsp; &nbsp; Windows 7\/8\/10, Mac OS X, iOS 8.x\/9.x<\/span><\/li>\n<li><span style=\"font-weight: 400;\">K\u00edch th\u01b0\u1edbc m\u00e1y:&nbsp; &nbsp; &nbsp; &nbsp; &nbsp; &nbsp;<\/span> <span style=\"font-weight: 400;\">49.3 \u00d7 51.7 \u00d7 49.3 cm &nbsp;(19.5\u2033 x 20.5\u2033 x 19.5\u2033)<\/span><\/li>\n<li><span style=\"font-weight: 400;\">Kh\u1ed1i l\u01b0\u1ee3ng m\u00e1y:&nbsp; &nbsp; &nbsp;<\/span> <span style=\"font-weight: 400;\">20 kg &nbsp;(44.1 lb)<\/span><\/li>\n<li><span style=\"font-weight: 400;\">B\u1ea3o h\u00e0nh:&nbsp; &nbsp; &nbsp; &nbsp;<\/span> <span style=\"font-weight: 400;\">1 n\u0103m<\/span><\/li>\n<\/ul>\n<h2>Mua Online<\/h2>\n<p><span style=\"font-weight: 400;\">T\u1ea1i:<\/span><\/p>\n<p><a href=\"https:\/\/shop.in3ds.com\/89-may-in-3d-tiertime-up-box-plus.html\"><span style=\"font-weight: 400;\">https:\/\/shop.in3ds.com\/89-may-in-3d-tiertime-up-box-plus.html<\/span><\/a>[\/et_pb_text][\/et_pb_column][\/et_pb_row][\/et_pb_section]<\/p>\n","protected":false},"excerpt":{"rendered":"<p>Up BOX+<\/p>\n","protected":false},"author":2,"featured_media":1262,"parent":0,"menu_order":0,"comment_status":"closed","ping_status":"closed","template":"","meta":{"_et_pb_use_builder":"on","_et_pb_old_content":"","_et_gb_content_width":"","footnotes":""},"class_list":["post-1252","page","type-page","status-publish","has-post-thumbnail","hentry"],"_links":{"self":[{"href":"https:\/\/in3ds.com\/en\/wp-json\/wp\/v2\/pages\/1252"}],"collection":[{"href":"https:\/\/in3ds.com\/en\/wp-json\/wp\/v2\/pages"}],"about":[{"href":"https:\/\/in3ds.com\/en\/wp-json\/wp\/v2\/types\/page"}],"author":[{"embeddable":true,"href":"https:\/\/in3ds.com\/en\/wp-json\/wp\/v2\/users\/2"}],"replies":[{"embeddable":true,"href":"https:\/\/in3ds.com\/en\/wp-json\/wp\/v2\/comments?post=1252"}],"version-history":[{"count":9,"href":"https:\/\/in3ds.com\/en\/wp-json\/wp\/v2\/pages\/1252\/revisions"}],"predecessor-version":[{"id":2167,"href":"https:\/\/in3ds.com\/en\/wp-json\/wp\/v2\/pages\/1252\/revisions\/2167"}],"wp:featuredmedia":[{"embeddable":true,"href":"https:\/\/in3ds.com\/en\/wp-json\/wp\/v2\/media\/1262"}],"wp:attachment":[{"href":"https:\/\/in3ds.com\/en\/wp-json\/wp\/v2\/media?parent=1252"}],"curies":[{"name":"wp","href":"https:\/\/api.w.org\/{rel}","templated":true}]}}