{"id":1236,"date":"2018-08-18T08:30:23","date_gmt":"2018-08-18T08:30:23","guid":{"rendered":"https:\/\/in3ds.com\/?page_id=1236"},"modified":"2019-04-17T13:52:56","modified_gmt":"2019-04-17T13:52:56","slug":"3d-printer-tiertime-up-mini-2","status":"publish","type":"page","link":"https:\/\/in3ds.com\/en\/3d-printer-tiertime-up-mini-2\/","title":{"rendered":"3D Printer Tiertime UP Mini 2"},"content":{"rendered":"<p>[et_pb_section fb_built=&#8221;1&#8243; custom_padding=&#8221;0px|||&#8221; admin_label=&#8221;section&#8221; _builder_version=&#8221;3.0.57&#8243;][et_pb_row custom_padding=&#8221;0px|||&#8221; custom_margin=&#8221;0px|||&#8221; admin_label=&#8221;row&#8221; _builder_version=&#8221;3.0.57&#8243; background_size=&#8221;initial&#8221; background_position=&#8221;top_left&#8221; background_repeat=&#8221;repeat&#8221;][et_pb_column type=&#8221;4_4&#8243; _builder_version=&#8221;3.0.47&#8243; parallax=&#8221;off&#8221; parallax_method=&#8221;on&#8221;][et_pb_video src=&#8221;https:\/\/www.youtube.com\/watch?v=Kxyv5t_C5Gw&#8221; _builder_version=&#8221;3.0.57&#8243;][\/et_pb_video][\/et_pb_column][\/et_pb_row][et_pb_row admin_label=&#8221;row&#8221; _builder_version=&#8221;3.0.47&#8243; background_size=&#8221;initial&#8221; background_position=&#8221;top_left&#8221; background_repeat=&#8221;repeat&#8221;][et_pb_column type=&#8221;4_4&#8243; _builder_version=&#8221;3.0.47&#8243; parallax=&#8221;off&#8221; parallax_method=&#8221;on&#8221;][et_pb_text admin_label=&#8221;Text&#8221; _builder_version=&#8221;3.0.57&#8243; background_size=&#8221;initial&#8221; background_position=&#8221;top_left&#8221; background_repeat=&#8221;repeat&#8221;]<\/p>\n<h2>Gi\u00e1 tr\u1ecb \u0111\u1eb7c bi\u1ec7t, ch\u1ea5t l\u01b0\u1ee3ng v\u01b0\u1ee3t tr\u1ed9i<\/h2>\n<p><strong><\/strong><\/p>\n<p><strong>\u0110\u1ea3m b\u1ea3o Wi-fi<\/strong><br \/>\nK\u1ebft n\u1ed1i v\u00e0 ki\u1ec3m so\u00e1t UP mini 2 b\u1eb1ng b\u1ea5t k\u00ec m\u00e1y t\u00ednh n\u00e0o c\u00f3 kh\u1ea3 n\u0103ng truy c\u1eadp v\u00e0o wifi v\u00e0 \u1ee9ng d\u1ee5ng \u0111i\u1ec7n tho\u1ea1i s\u1eed d\u1ee5ng UP Studio ho\u1eb7c UP Studio Connect. S\u1eed d\u1ee5ng m\u1eadt kh\u1ea9u d\u00e0nh ri\u00eang cho m\u00e1y in gi\u00fap h\u1ed7 tr\u1ee3 cho vi\u1ec7c b\u1ea3o m\u1eadt sau k\u1ebft n\u1ed1i khi\u1ebfn cho nh\u1eefng t\u00ean hackers b\u1ecb \u201cs\u1eadp b\u1eaby\u201d.<\/p>\n<p><strong>Ph\u1ee5c h\u1ed3i sau khi b\u1ecb m\u1ea5t \u0111i\u1ec7n<\/strong><br \/>\nTrong tr\u01b0\u1eddng h\u1ee3p m\u00e1y UP mini 2 b\u1ecb m\u1ea5t \u0111i\u1ec7n, qu\u00e1 tr\u00ecnh in s\u1ebd \u0111\u01b0\u1ee3c t\u1ea1m d\u1eebng v\u00e0 th\u1eddi \u0111i\u1ec3m x\u1ea3y ra s\u1ef1 gi\u00e1n \u0111o\u1ea1n s\u1ebd \u0111\u01b0\u1ee3c ghi nh\u1edb. M\u1ed9t khi ngu\u1ed3n \u0111i\u1ec7n \u1ed5n \u0111\u1ecbnh tr\u1edf l\u1ea1i, qu\u00e1 tr\u00ecnh in s\u1ebd \u0111\u01b0\u1ee3c ti\u1ebfp t\u1ee5c v\u00e0 c\u00f4ng vi\u1ec7c \u0111\u01b0\u1ee3c ho\u00e0n th\u00e0nh nh\u01b0 ch\u01b0a c\u00f3 s\u1ef1 c\u1ed1 g\u00ec di\u1ec5n ra.<\/p>\n<p><strong>UP Studio<\/strong><\/p>\n<ul>\n<li>M\u1ea1nh m\u1ebd, n\u1ed5i ti\u1ebfng v\u1ec1 s\u1ef1 \u0111\u01a1n gi\u1ea3n v\u00e0 kh\u1ea3 n\u0103ng s\u1eed d\u1ee5ng<\/li>\n<li>C\u00f4ng ngh\u1ec7 h\u1ed7 tr\u1ee3 th\u00f4ng minh<\/li>\n<li>B\u1ed9 hi\u1ec7u chu\u1ea9n \u0111\u01b0\u1ee3c ch\u1ea1y b\u1eb1ng ph\u1ea7n m\u1ec1m ho\u1eb7c t\u1ef1 \u0111\u1ed9ng<\/li>\n<li>Ph\u00e1t hi\u1ec7n v\u00e0 ch\u1ec9nh s\u1eeda m\u1eabu in 3D b\u1ecb l\u1ed7i<\/li>\n<li>Gi\u00e1 \u0111\u1ee1 m\u00e1y in c\u00f3 th\u1ec3 t\u00f9y ch\u1ec9nh v\u00e0 \u0111\u01b0\u1ee3c c\u00e0i \u0111\u1eb7t v\u00f2i phun nhi\u1ec7t \u0111\u1ed9<\/li>\n<li>Chuy\u1ec3n \u1ea3nh 2D sang 3D<\/li>\n<li>T\u01b0\u01a1ng th\u00edch Windows 7 SP1 ho\u1eb7c MacOS X ho\u1eb7c cao h\u01a1n<\/li>\n<li>Ch\u1ea5p nh\u1eadn nh\u1eefng \u0111\u1ecbnh d\u1ea1ng t\u1ec7p : &nbsp;.up3, .ups, .stl, .obj, .3mf, .ply, .off, .3ds, .gcode<\/li>\n<\/ul>\n<p><strong>UP Studio App<\/strong><\/p>\n<ul>\n<li>Giao di\u1ec7n d\u1ec5 s\u1eed d\u1ee5ng<\/li>\n<li>Thi\u1ebft k\u1ebf m\u1eabu m\u00e3 v\u1edbi kh\u1ed1i x\u00e2y d\u1ef1ng c\u01a1 b\u1ea3n c\u1ee7a Puzzle Mode<\/li>\n<li>Chuy\u1ec3n \u1ea3nh 2D sang 3D<\/li>\n<li>C\u00f3 l\u1ed1i truy c\u1eadp v\u00e0o Moshop<\/li>\n<li>C\u1ed5ng in t\u1eeb Wi-fi<\/li>\n<li>T\u01b0\u01a1ng th\u00edch iOS 8.x ho\u1eb7c cao h\u01a1n<\/li>\n<li>Ch\u1ea5p nh\u1eadn \u0111\u1ecbnh d\u1ea1ng file : &nbsp;.up3, .ups, .stl<\/li>\n<\/ul>\n<h2>T\u00ednh n\u0103ng kh\u00e1c bi\u1ec7t<\/h2>\n<p><strong>Ch\u1ea5t l\u01b0\u1ee3ng in cao<\/strong><\/p>\n<p>B\u1ea1n s\u1ebd kh\u00f4ng th\u1ec3 t\u00ecm th\u1ea5y ch\u1ea5t l\u01b0\u1ee3ng in t\u1ed1t t\u01b0\u01a1ng \u0111\u01b0\u01a1ng trong ph\u1ea1m vi gi\u00e1 ti\u1ec1n nh\u01b0 th\u1ebf n\u00e0y. UP mini 2 in \u1ea5n nh\u1eefng b\u1ea3n g\u1ed1c chi ti\u1ebft \u0111\u1ebfn nh\u1eefng ph\u1ea7n cu\u1ed1i c\u00f9ng b\u1eb1ng nh\u1eefng l\u1edbp si\u00eau nh\u1ecf c\u00f3 k\u00edch th\u01b0\u1edbc ch\u1ec9 b\u1eb1ng 1 d\u00f2ng k\u1ebb. Kh\u00f4ng m\u1ed9t m\u00e1y in 3D n\u00e0o r\u1ebb h\u01a1n $1500 c\u00f3 th\u1ec3 c\u1ea1nh tranh v\u1edbi c\u00f4ng ngh\u1ec7 in ABS c\u1ee7a UP mini 2.<\/p>\n<p><img loading=\"lazy\" decoding=\"async\" width=\"300\" height=\"199\" class=\"aligncenter size-full wp-image-1237\" src=\"https:\/\/en.in3ds.com\/wp-content\/uploads\/2018\/08\/up-mini-2-1.png\" alt=\"M\u00e1y in 3D gi\u00e1 r\u1ebb up mini 2\"><\/p>\n<p><strong>Ph\u01b0\u01a1ng ph\u00e1p l\u1ecdc HEPA tu\u1ea7n ho\u00e0n b\u1eb1ng Carbon ho\u1ea1t t\u00ednh<\/strong><\/p>\n<p>\u0110\u1eb7c bi\u1ec7t c\u1ea7n thi\u1ebft cho gi\u00e1o vi\u00ean b\u1edfi b\u1ed9 l\u1ecdc b\u1eb1ng h\u01a1i b\u00ean trong UP mini 2 ho\u00e0n to\u00e0n l\u00e0m gi\u1ea3m kh\u00ed th\u1ea3i t\u1eeb UFP ( lo\u1ea1i h\u1ea1t si\u00eau m\u1ecbn) v\u00e0 VOC (h\u1ee3p ch\u1ea5t h\u1eefu c\u01a1 d\u1ec5 bay h\u01a1i). Ho\u00e0n to\u00e0n t\u1ef1 tin trong m\u00f4i tr\u01b0\u1eddng l\u1edbp h\u1ecdc an to\u00e0n cho h\u1ecdc sinh c\u1ee7a b\u1ea1n.<\/p>\n<p><img loading=\"lazy\" decoding=\"async\" class=\"aligncenter size-full wp-image-1238\" src=\"https:\/\/en.in3ds.com\/wp-content\/uploads\/2018\/08\/up-mini-2-2.jpg\" alt=\"M\u00e1y in 3D gi\u00e1 r\u1ebb up mini 2 2\" width=\"300\" height=\"255\"><\/p>\n<p><strong>Bao b\u1ecdc to\u00e0n b\u1ed9<\/strong><\/p>\n<p>Kh\u00f4ng kh\u00ed \u1ea5m \u0111\u01b0\u1ee3c gi\u1eef trong bu\u1ed3ng in, gi\u1ea3m thi\u1ec3u nguy c\u01a1 ABS &nbsp;b\u1ecb bi\u1ebfn d\u1ea1ng \u0111\u1ed3ng th\u1eddi c\u0169ng gi\u00fap ng\u0103n ng\u1eeba \u1ea3nh h\u01b0\u1edfng x\u1ea5u c\u1ee7a UFP v\u00e0 VOC \u0111\u1ebfn m\u00f4i tr\u01b0\u1eddng. L\u1ed1i v\u00e0o d\u1ec5 d\u00e0ng v\u00ec c\u00f3 2 c\u1eeda tr\u01b0\u1edbc v\u00e0 sau c\u00f9ng v\u1edbi ph\u1ea7n n\u1eafp c\u00f3 th\u1ec3 m\u1edf l\u00ean \u0111\u01b0\u1ee3c.<\/p>\n<p><img loading=\"lazy\" decoding=\"async\" class=\"aligncenter size-full wp-image-1239\" src=\"https:\/\/en.in3ds.com\/wp-content\/uploads\/2018\/08\/up-mini-2-3.jpg\" alt=\"M\u00e1y in 3D gi\u00e1 r\u1ebb up mini 2 3\" width=\"300\" height=\"199\"><\/p>\n<p><strong>\u0110i\u1ec1u khi\u1ec3n b\u1eb1ng m\u00e0n h\u00ecnh c\u1ea3m \u1ee9ng<\/strong><\/p>\n<p>M\u00e1y in \u0111\u01b0\u1ee3c ki\u1ec3m so\u00e1t b\u1eb1ng b\u1ea3ng \u0111i\u1ec1u khi\u1ec3n LCD 4\u201d r\u1ea5t d\u1ec5 s\u1eed d\u1ee5ng, vi\u1ec7c thi\u1ebft l\u1eadp c\u1ea5u h\u00ecnh v\u00e0 gi\u00e1m s\u00e1t qu\u00e1 tr\u00ecnh in \u1ea5n n\u1eb1m ngay tr\u00ean \u0111\u1ea7u ng\u00f3n tay c\u1ee7a b\u1ea1n. UP mini 2 \u0111\u00edch th\u1ecb l\u00e0 \u201cch\u1ea1m v\u00e0 in\u201d.<\/p>\n<p><img loading=\"lazy\" decoding=\"async\" class=\"aligncenter size-full wp-image-1240\" src=\"https:\/\/en.in3ds.com\/wp-content\/uploads\/2018\/08\/up-mini-2-4.jpg\" alt=\"M\u00e1y in 3D gi\u00e1 r\u1ebb up mini 2 4\" width=\"300\" height=\"198\"><\/p>\n<p><strong>B\u1ec1 m\u1eb7t in c\u00f3 kh\u1ea3 n\u0103ng ho\u00e1n \u0111\u1ed5i<\/strong><\/p>\n<p>Ch\u1ecdn b\u1ec1 m\u1eb7t in chu\u1ea9n v\u1edbi y\u00eau c\u1ea7u c\u1ee7a b\u1ea1n v\u00e0 d\u1ec5 d\u00e0ng \u0111\u1ed5i t\u1eeb c\u00e1i n\u00e0y sang c\u00e1i kh\u00e1c.<\/p>\n<p>UP Perf \u2013 \u0110\u1ed9 d\u00ednh tuy\u1ec7t \u0111\u1ed1i c\u1ee7a l\u1edbp th\u1ee9 nh\u1ea5t<\/p>\n<p>UP Flex \u2013 \u0110\u1ed9 d\u00ednh trung b\u00ecnh c\u1ee7a l\u1edbp th\u1ee9 nh\u1ea5t<\/p>\n<p><img loading=\"lazy\" decoding=\"async\" class=\"aligncenter size-full wp-image-1241\" src=\"https:\/\/en.in3ds.com\/wp-content\/uploads\/2018\/08\/up-mini-2-5.jpg\" alt=\"M\u00e1y in 3D gi\u00e1 r\u1ebb  up mini 2 5\" width=\"300\" height=\"194\"><\/p>\n<p><strong>D\u1ec5 d\u00e0ng di chuy\u1ec3n<\/strong><\/p>\n<p>V\u1edbi \u0111\u1ed3 c\u1ea7m b\u1eb1ng nh\u00f4m c\u00f3 th\u1ec3 k\u00e9o d\u00e0i ra th\u00eam v\u00e0 ch\u1ec9 n\u1eb7ng kho\u1ea3ng 20 pounds, b\u1ea1n c\u00f3 th\u1ec3 d\u1ec5 d\u00e0ng di chuy\u1ec3n UP mini 2. V\u1edbi k\u00edch th\u01b0\u1edbc 15.2&#215;10.2 inches, chi\u1ebfc m\u00e1y s\u1ebd kh\u00f4ng chi\u1ebfm nhi\u1ec1u di\u1ec7n t\u00edch t\u1ea1i n\u01a1i l\u00e0m vi\u1ec7c c\u1ee7a b\u1ea1n.<\/p>\n<p><img loading=\"lazy\" decoding=\"async\" class=\"aligncenter size-full wp-image-1242\" src=\"https:\/\/en.in3ds.com\/wp-content\/uploads\/2018\/08\/up-mini-2-6.jpg\" alt=\"M\u00e1y in 3D gi\u00e1 r\u1ebb up mini 2 6\" width=\"300\" height=\"196\"><\/p>\n<p><strong>\u0110a d\u1ea1ng h\u00f3a s\u1ef1 l\u1ef1a ch\u1ecdn v\u1eadt li\u1ec7u<\/strong><\/p>\n<p>Nh\u1edd v\u00e0o v\u00f2i phun v\u00e0 n\u1ec1n t\u1ea3ng ki\u1ec3m so\u00e1t nhi\u1ec7t \u0111\u1ed9 truy\u1ec1n th\u1ed1ng c\u1ee7a UP Studio, the mini 2 c\u00f3 th\u1ec3 in b\u1eb1ng nhi\u1ec1u lo\u1ea1i s\u1ee3i in 3D kh\u00e1c nhau t\u00f9y theo y\u00eau c\u1ea7u c\u1ee7a b\u1ea1n, bao g\u1ed3m: ABS, PLA, h\u1ee3p ch\u1ea5t PLA, Polycarbonate, \u0111\u1ed3ng, v\u1eadt li\u1ec7u d\u1eabn \u0111i\u1ec7n, Nylon, g\u1ed7, ASA, PET, v\u1eadt li\u1ec7u d\u1ebbo, s\u1ee3i carbon v\u00e0 h\u01a1n th\u1ebf n\u1eefa.<\/p>\n<p><img loading=\"lazy\" decoding=\"async\" class=\"aligncenter size-full wp-image-1243\" src=\"https:\/\/en.in3ds.com\/wp-content\/uploads\/2018\/08\/up-mini-2-7.jpg\" alt=\"M\u00e1y in 3D gi\u00e1 r\u1ebb up mini 2 7\" width=\"300\" height=\"199\"><\/p>\n<p><strong>Ph\u1ea7n m\u1ec1m m\u1ea1nh m\u1ebd<\/strong><\/p>\n<p>Gi\u1ea3i quy\u1ebft nh\u1eefng v\u1ea5n \u0111\u1ec1 g\u00e2y \u0111au \u0111\u1ea7u v\u1ec1 vi\u1ec7c c\u00e0i \u0111\u1eb7t m\u00e1y in. UP Studio v\u00e0 \u1ee9ng d\u1ee5ng UP \u0111\u01b0\u1ee3c t\u1ea1o chuy\u00ean bi\u1ec7t cho d\u00f2ng m\u00e1y in UP v\u00e0 cho ph\u00e9p ng\u01b0\u1eddi d\u00f9ng t\u1eadn d\u1ee5ng t\u1ed1i \u0111a c\u00e1c ch\u1ee9c n\u0103ng. B\u00e0y tr\u00ed b\u1ea3n in, \u0111i\u1ec1u ch\u1ec9nh s\u1ea3n ph\u1ea9m h\u1ed7 tr\u1ee3 th\u00f4ng minh, ch\u1ea5p nh\u1eadn \u0111a d\u1ea1ng c\u00e1c lo\u1ea1i \u0111\u1ecbnh d\u1ea1ng t\u1ec7p v\u00e0 th\u1ef1c hi\u1ec7n ti\u00eau chu\u1ea9n b\u1ea3o tr\u00ec, t\u1ea5t c\u1ea3 m\u1ecdi th\u1ee9 \u0111\u1ec1u n\u1eb1m tr\u00ean m\u1ed9t giao di\u1ec7n d\u1ec5 d\u00e0ng cho vi\u1ec7c s\u1eed d\u1ee5ng.<\/p>\n<p><img loading=\"lazy\" decoding=\"async\" class=\"aligncenter wp-image-1244 size-full\" src=\"https:\/\/en.in3ds.com\/wp-content\/uploads\/2018\/08\/up-mini-2-8-e1534580911579.jpg\" alt=\"M\u00e1y in 3D gi\u00e1 r\u1ebb  up mini 2 8\" width=\"300\" height=\"199\"><\/p>\n<p><strong>V\u00f2i phun d\u00f2 \u0111\u1ed9 cao t\u1ef1 \u0111\u1ed9ng v\u1edbi b\u1ed9 hi\u1ec7u chu\u1ea9n b\u1ed5 tr\u1ee3 b\u1eb1ng ph\u1ea7n m\u1ec1m<\/strong><\/p>\n<p>V\u00f2i phun \u0111\u1ed9 cao \u0111\u01b0\u1ee3c c\u00e0i \u0111\u1eb7t t\u1ef1 \u0111\u1ed9ng t\u1eeb m\u00e0n h\u00ecnh c\u1ea3m \u1ee9ng ho\u1eb7c UP Studio, th\u1ef1c hi\u1ec7n c\u00f4ng vi\u1ec7c c\u1ee7a b\u1ed9 hi\u1ec7u chu\u1ea9n gi\u00e1 \u0111\u1ee1 9 \u0111i\u1ec3m d\u01b0\u1edbi s\u1ef1 h\u01b0\u1edbng d\u1eabn c\u1ee7a &nbsp;UP Studio , b\u00f9 \u0111\u1eafp l\u1ea1i nh\u1eefng s\u1ef1 bi\u1ebfn \u0111\u1ed5i tr\u00ean b\u1ec1 m\u1eb7t \u0111\u1ed9 cao t\u1eeb \u0111i\u1ec3m n\u00e0y \u0111\u1ebfn \u0111i\u1ec3m kh\u00e1c.<\/p>\n<p><img loading=\"lazy\" decoding=\"async\" class=\"aligncenter size-full wp-image-1245\" src=\"https:\/\/en.in3ds.com\/wp-content\/uploads\/2018\/08\/up-mini-2-9.jpg\" alt=\"M\u00e1y in 3D gi\u00e1 r\u1ebb  up mini 2 9\" width=\"300\" height=\"164\"><\/p>\n<h2>Thi\u1ebft k\u1ebf nh\u1ecf g\u1ecdn \u2013 gi\u00e1 tr\u1ecb l\u1edbn<\/h2>\n<p>Nh\u1edd v\u00e0o s\u1ef1 an to\u00e0n, gi\u00e1 th\u00e0nh h\u1ee3p l\u00fd, v\u00e0 hi\u1ec7u su\u1ea5t cao, UP mini 2 l\u00e0 chi\u1ebfc m\u00e1y in 3D b\u00e1n ch\u1ea1y nh\u1ea5t trong th\u1ecb tr\u01b0\u1eddng gi\u00e1o d\u1ee5c. S\u1ef1 c\u1ea1nh tranh c\u01a1 b\u1ea3n l\u00e0 kh\u00f4ng th\u1ec3 so s\u00e1nh. M\u1ed9t tr\u01b0\u1eddng h\u1ecdc c\u00f3 th\u1ec3 mua 2 m\u00e1y UP mini 2s trong khi s\u1ed1 ti\u1ec1n l\u1ea1i ch\u01b0a b\u1eb1ng m\u1ed9t chi\u1ebfc LulzBot Mini, MakerBot Replicator Mini+ hay Ultimaker 2 Go. Kh\u00f4ng c\u00f3 m\u1ed9t chi\u1ebfc m\u00e1y in 3D n\u00e0o \u1edf tr\u00ean ch\u1ee9a b\u1ed9 l\u1ecdc kh\u00f4ng kh\u00ed v\u00e0 l\u1edbp bao b\u1ecdc ho\u00e0n to\u00e0n.<\/p>\n<h2>B\u1ea3o h\u00e0nh 1 n\u0103m t\u1eeb nh\u00e0 s\u1ea3n xu\u1ea5t<\/h2>\n<p>Y\u00ean t\u00e2m v\u00ec s\u1ef1 \u0111\u1ea7u t\u01b0 c\u1ee7a b\u1ea1n l\u00e0 an to\u00e0n. Tiertime b\u1ea3o h\u00e0nh t\u1ea5t c\u1ea3 lo\u1ea1i m\u00e1y UP v\u1edbi t\u00ecnh tr\u1ea1ng l\u1ed7i s\u1ea3n xu\u1ea5t trong v\u00f2ng 1 n\u0103m k\u1ec3 t\u1eeb ng\u00e0y mua.<\/p>\n<p><img loading=\"lazy\" decoding=\"async\" class=\"aligncenter wp-image-1246\" src=\"https:\/\/en.in3ds.com\/wp-content\/uploads\/2018\/08\/up-mini-2-10.png\" alt=\"M\u00e1y in 3D gi\u00e1 r\u1ebb  up mini 2 10\" width=\"300\" height=\"300\" srcset=\"https:\/\/in3ds.com\/en\/wp-content\/uploads\/2018\/08\/up-mini-2-10.png 449w, https:\/\/in3ds.com\/en\/wp-content\/uploads\/2018\/08\/up-mini-2-10-150x150.png 150w, https:\/\/in3ds.com\/en\/wp-content\/uploads\/2018\/08\/up-mini-2-10-300x300.png 300w, https:\/\/in3ds.com\/en\/wp-content\/uploads\/2018\/08\/up-mini-2-10-440x440.png 440w\" sizes=\"(max-width: 300px) 100vw, 300px\" \/><\/p>\n<h2>Ph\u1ee5 ki\u1ec7n \u0111i k\u00e8m<\/h2>\n<ul>\n<li>1 \u1ed1ng UP Fila ABS 0.5kg<\/li>\n<li>1 \u0111\u1ed3 gi\u1eef \u1ed1ng b\u00ean ngo\u00e0i UP Fila<\/li>\n<li>1 d\u1ee5ng c\u1ee5 l\u1ea5y m\u1eabu in ra kh\u1ecfi m\u1eb7t ph\u1eb3ng in<\/li>\n<li>1 \u0111\u1ed3 c\u1eaft s\u1ee3i in 3D<\/li>\n<li>1 &nbsp;c\u1eb7p bao tay ch\u1ed1ng nhi\u1ec7t<\/li>\n<li>2 b\u1ea3ng UP Perf, 2 b\u1ea3ng UP Flex<\/li>\n<li>1 v\u00f2i phun 0..4mm<\/li>\n<li>1 v\u00f2i phun m\u1ecf l\u1ebfch<\/li>\n<li>1 350g s\u1ee3i in 3D m\u1eabu<\/li>\n<li>1 phi\u1ebfu hi\u1ec7u chu\u1ea9n<\/li>\n<\/ul>\n<p><img loading=\"lazy\" decoding=\"async\" class=\"aligncenter size-full wp-image-1247\" src=\"https:\/\/en.in3ds.com\/wp-content\/uploads\/2018\/08\/up-mini-2-11.png\" alt=\"M\u00e1y in 3D gi\u00e1 r\u1ebb  up mini 2 11\" width=\"1014\" height=\"675\" srcset=\"https:\/\/in3ds.com\/en\/wp-content\/uploads\/2018\/08\/up-mini-2-11.png 1014w, https:\/\/in3ds.com\/en\/wp-content\/uploads\/2018\/08\/up-mini-2-11-300x200.png 300w, https:\/\/in3ds.com\/en\/wp-content\/uploads\/2018\/08\/up-mini-2-11-768x511.png 768w\" sizes=\"(max-width: 1014px) 100vw, 1014px\" \/><\/p>\n<h2>Th\u00f4ng s\u1ed1 k\u0129 thu\u1eadt<\/h2>\n<ul>\n<li>C\u00f4ng ngh\u1ec7 in MEM &nbsp;(t\u1ea1o h\u00ecnh b\u1eb1ng c\u00e1ch \u0111\u00f9n n\u00f3ng ch\u1ea3y)<\/li>\n<li>K\u00edch th\u01b0\u1edbc in:&nbsp;120 x 120 x 120 mm &nbsp;(4.7\u201d x 4.7\u201d x 4.7\u201d)<\/li>\n<li>Bu\u1ed3ng m\u00e1y \u0111\u01b0\u1ee3c l\u00e0m n\u00f3ng<\/li>\n<li>\u0110\u0129a in v\u00e0 \u0110\u1ea7u in c\u0103n ch\u1ec9nh&nbsp;t\u1ef1 \u0111\u1ed9ng, h\u1ed7 tr\u1ee3 b\u1eb1ng ph\u1ea7n m\u1ec1m<\/li>\n<li>B\u1ed9 l\u1ecdc kh\u00f4ng kh\u00ed HEPA v\u1edbi carbon ho\u1ea1t t\u00ednh<\/li>\n<li>B\u1ec1 m\u1eb7t in UP Perf ho\u1eb7c UP Flex, \u0111\u01b0\u1ee3c l\u00e0m n\u00f3ng<\/li>\n<li>Bao ph\u1ee7 tuy\u1ec7t \u0111\u1ed1i<\/li>\n<li>\u0110\u1ed9 ph\u00e2n gi\u1ea3i l\u1edbp t\u1ed1i \u01b0u (\u0111\u1ed9 ch\u00ednh x\u00e1c):&nbsp; 150 microns<\/li>\n<li>Ti\u1ebfp t\u1ee5c in sau s\u1ef1 c\u1ed1 \u0111i\u1ec7n:&nbsp;&nbsp;C\u00f3<\/li>\n<li>M\u00e0n h\u00ecnh c\u1ea3m \u1ee9ng 4\u2033 LCD<\/li>\n<li>\u0110i\u1ec1u ch\u1ec9nh nhi\u1ec7t \u0111\u1ed9 c\u1ee7a \u0111\u1ea7u in v\u00e0 \u0111\u0129a in: C\u00f3<\/li>\n<li>\u0110\u01b0\u1eddng k\u00ednh s\u1ee3i in:&nbsp;&nbsp;1.75 mm<\/li>\n<li>V\u1eadt li\u1ec7u t\u01b0\u01a1ng th\u00edch:&nbsp; ABS, ABS+, PLA, h\u1ee3p ch\u1ea5t d\u1eabn \u0111i\u1ec7n, v\u1eadt li\u1ec7u d\u1eabn \u0111i\u1ec7n, g\u1ed7, \u0111\u1ed3ng, v\u1eadt li\u1ec7u d\u1ebbo, Ni-l\u00f4ng, Polycarbonate, s\u1ee3i carbon, PET, ASA v\u00e0 nhi\u1ec1u lo\u1ea1i kh\u00e1c<\/li>\n<li>\u1ed0ng s\u1ee3i in t\u01b0\u01a1ng th\u00edch: 500 g<\/li>\n<li>K\u1ebft n\u1ed1i&nbsp;:&nbsp;&nbsp;&nbsp;&nbsp;&nbsp;&nbsp;&nbsp;USB, Wi-Fi<\/li>\n<li>Ph\u1ea7n m\u1ec1m:&nbsp; UP Studio, UP Studio App<\/li>\n<li>H\u1ec7 \u0111i\u1ec1u h\u00e0nh t\u01b0\u01a1ng th\u00edch&nbsp;:&nbsp;&nbsp;&nbsp;&nbsp;&nbsp;&nbsp;&nbsp;&nbsp;&nbsp;Windows 7\/8\/10, Mac OS X, iOS 8.x\/9.x<\/li>\n<li>K\u00edch th\u01b0\u1edbc m\u00e1y:&nbsp; 255\u00d7 365 \u00d7 385 mm &nbsp;(19.1\u2033 x 20.5\u2033 x 19.5\u2033)<\/li>\n<li>Kh\u1ed1i l\u01b0\u1ee3ng m\u00e1y:&nbsp; 8 kg (20.3 lb)<\/li>\n<li>B\u1ea3o h\u00e0nh:&nbsp; 1 n\u0103m<\/li>\n<\/ul>\n<h2>Mua online<\/h2>\n<p>M\u00e1y in 3D UP Mini 2 gi\u00e1 r\u1ebb b\u1ea5t ng\u1edd, mua online t\u1ea1i:<\/p>\n<p><a href=\"https:\/\/shop.in3ds.com\/90-may-in-3d-tiertime-up-mini-2.html\">https:\/\/shop.in3ds.com\/90-may-in-3d-tiertime-up-mini-2.html<\/a><\/p>\n<p class=\"\"><strong>Xem th\u00eam:<\/strong><\/p>\n<p class=\"\"><a href=\"https:\/\/en.in3ds.com\/mua-ban-may-in-3d-tai-ha-noi-viet-nam\/\">B\u00e1n m\u00e1y in 3D<\/a><\/p>\n<p class=\"\">\n\n<div class=\"kk-star-ratings kksr-shortcode\"\n    data-payload='{&quot;id&quot;:&quot;1236&quot;,&quot;slug&quot;:&quot;default&quot;,&quot;ignore&quot;:&quot;&quot;,&quot;reference&quot;:&quot;shortcode&quot;,&quot;align&quot;:&quot;&quot;,&quot;class&quot;:&quot;&quot;,&quot;count&quot;:&quot;5&quot;,&quot;legendonly&quot;:&quot;&quot;,&quot;readonly&quot;:&quot;&quot;,&quot;score&quot;:&quot;4.8&quot;,&quot;starsonly&quot;:&quot;&quot;,&quot;valign&quot;:&quot;&quot;,&quot;best&quot;:&quot;5&quot;,&quot;gap&quot;:&quot;5&quot;,&quot;greet&quot;:&quot;Rate this page&quot;,&quot;legend&quot;:&quot;4.8\\\/5 - (5 votes)&quot;,&quot;size&quot;:&quot;24&quot;,&quot;title&quot;:&quot;3D Printer Tiertime UP Mini 2&quot;,&quot;width&quot;:&quot;136.7&quot;,&quot;_legend&quot;:&quot;{score}\\\/{best} - ({count} {votes})&quot;,&quot;font_factor&quot;:&quot;1.25&quot;}'>\n            \n<div class=\"kksr-stars\">\n    \n<div class=\"kksr-stars-inactive\">\n            <div class=\"kksr-star\" data-star=\"1\" style=\"padding-right: 5px\">\n            \n\n<div class=\"kksr-icon\" style=\"width: 24px; height: 24px;\"><\/div>\n        <\/div>\n            <div class=\"kksr-star\" data-star=\"2\" style=\"padding-right: 5px\">\n            \n\n<div class=\"kksr-icon\" style=\"width: 24px; height: 24px;\"><\/div>\n        <\/div>\n            <div class=\"kksr-star\" data-star=\"3\" style=\"padding-right: 5px\">\n            \n\n<div class=\"kksr-icon\" style=\"width: 24px; height: 24px;\"><\/div>\n        <\/div>\n            <div class=\"kksr-star\" data-star=\"4\" style=\"padding-right: 5px\">\n            \n\n<div class=\"kksr-icon\" style=\"width: 24px; height: 24px;\"><\/div>\n        <\/div>\n            <div class=\"kksr-star\" data-star=\"5\" style=\"padding-right: 5px\">\n            \n\n<div class=\"kksr-icon\" style=\"width: 24px; height: 24px;\"><\/div>\n        <\/div>\n    <\/div>\n    \n<div class=\"kksr-stars-active\" style=\"width: 136.7px;\">\n            <div class=\"kksr-star\" style=\"padding-right: 5px\">\n            \n\n<div class=\"kksr-icon\" style=\"width: 24px; height: 24px;\"><\/div>\n        <\/div>\n            <div class=\"kksr-star\" style=\"padding-right: 5px\">\n            \n\n<div class=\"kksr-icon\" style=\"width: 24px; height: 24px;\"><\/div>\n        <\/div>\n            <div class=\"kksr-star\" style=\"padding-right: 5px\">\n            \n\n<div class=\"kksr-icon\" style=\"width: 24px; height: 24px;\"><\/div>\n        <\/div>\n            <div class=\"kksr-star\" style=\"padding-right: 5px\">\n            \n\n<div class=\"kksr-icon\" style=\"width: 24px; height: 24px;\"><\/div>\n        <\/div>\n            <div class=\"kksr-star\" style=\"padding-right: 5px\">\n            \n\n<div class=\"kksr-icon\" style=\"width: 24px; height: 24px;\"><\/div>\n        <\/div>\n    <\/div>\n<\/div>\n                \n\n<div class=\"kksr-legend\" style=\"font-size: 19.2px;\">\n            4.8\/5 - (5 votes)    <\/div>\n    <\/div>\n&nbsp;<\/p>\n<div style=\"display: none;\">\n<p>Mi\u1ec5n ph\u00ed ch\u00fang t\u00f4i hi\u1ec7n nay m\u00e1y in 3d gi\u00e1 kinh doanh v\u1edbi c\u00e1c t\u1ea1i vi\u1ec7t nam mua m\u00e1y in 3d in 3d gi\u00e1 r\u1ebb \u0111\u00e2y l\u00e0 c\u00e1c b\u1ea1n k\u1ef9 thu\u1eadt.<\/p>\n<p>M\u00e1y in 3D gi\u00e1 r\u1ebb.<\/p>\n<\/div>\n<p>[\/et_pb_text][\/et_pb_column][\/et_pb_row][\/et_pb_section]<\/p>\n","protected":false},"excerpt":{"rendered":"<p>Gi\u00e1 tr\u1ecb \u0111\u1eb7c bi\u1ec7t, ch\u1ea5t l\u01b0\u1ee3ng v\u01b0\u1ee3t tr\u1ed9i \u0110\u1ea3m b\u1ea3o Wi-fi K\u1ebft n\u1ed1i v\u00e0 ki\u1ec3m so\u00e1t UP mini 2 b\u1eb1ng b\u1ea5t k\u00ec m\u00e1y t\u00ednh n\u00e0o c\u00f3 kh\u1ea3 n\u0103ng truy c\u1eadp v\u00e0o wifi v\u00e0 \u1ee9ng d\u1ee5ng \u0111i\u1ec7n tho\u1ea1i s\u1eed d\u1ee5ng UP Studio ho\u1eb7c UP Studio Connect. S\u1eed d\u1ee5ng m\u1eadt kh\u1ea9u d\u00e0nh ri\u00eang cho m\u00e1y in gi\u00fap [&hellip;]<\/p>\n","protected":false},"author":2,"featured_media":1248,"parent":0,"menu_order":0,"comment_status":"closed","ping_status":"closed","template":"","meta":{"_et_pb_use_builder":"on","_et_pb_old_content":"","_et_gb_content_width":"","footnotes":""},"class_list":["post-1236","page","type-page","status-publish","has-post-thumbnail","hentry"],"_links":{"self":[{"href":"https:\/\/in3ds.com\/en\/wp-json\/wp\/v2\/pages\/1236"}],"collection":[{"href":"https:\/\/in3ds.com\/en\/wp-json\/wp\/v2\/pages"}],"about":[{"href":"https:\/\/in3ds.com\/en\/wp-json\/wp\/v2\/types\/page"}],"author":[{"embeddable":true,"href":"https:\/\/in3ds.com\/en\/wp-json\/wp\/v2\/users\/2"}],"replies":[{"embeddable":true,"href":"https:\/\/in3ds.com\/en\/wp-json\/wp\/v2\/comments?post=1236"}],"version-history":[{"count":22,"href":"https:\/\/in3ds.com\/en\/wp-json\/wp\/v2\/pages\/1236\/revisions"}],"predecessor-version":[{"id":2166,"href":"https:\/\/in3ds.com\/en\/wp-json\/wp\/v2\/pages\/1236\/revisions\/2166"}],"wp:featuredmedia":[{"embeddable":true,"href":"https:\/\/in3ds.com\/en\/wp-json\/wp\/v2\/media\/1248"}],"wp:attachment":[{"href":"https:\/\/in3ds.com\/en\/wp-json\/wp\/v2\/media?parent=1236"}],"curies":[{"name":"wp","href":"https:\/\/api.w.org\/{rel}","templated":true}]}}